{"id":11383,"date":"2017-06-06T14:49:17","date_gmt":"2017-06-06T14:49:17","guid":{"rendered":"http:\/\/barcelonashoppingcity.com\/ca\/?page_id=11383"},"modified":"2018-04-16T08:57:56","modified_gmt":"2018-04-16T08:57:56","slug":"barcelona-genuine-shops-tour","status":"publish","type":"page","link":"https:\/\/barcelonashoppingcity.com\/ca\/rutes\/barcelona-genuine-shops-tour\/","title":{"rendered":"Barcelona Genuine Shops Tour"},"content":{"rendered":"<p>Barcelona Genuine Shops \u00e9s una ruta guiada per les botigues m\u00e9s inspiradores de la ciutat, que convida a entrar en contacte amb una Barcelona m\u00e9s aut\u00e8ntica, singular i poc coneguda.<br \/>\nLa ruta consisteix en la visita pels interiors d&#8217;alguns establiments comercials de diferents especialitats om podr\u00e0s:<\/p>\n<ul>\n<li>Contemplar com es treballen els metalls nobles i la incrustaci\u00f3 de les m\u00e9s belles gemmes per fer peces \u00faniques d\u2019alta joieria.<\/li>\n<li>Sentir les agradables textures i olors de productes cosm\u00e8tics naturals, terap\u00e8utics i relaxants.<\/li>\n<li>Gaudir d&#8217;un espai ple d\u2019articles d&#8217;artesania tradicionals amb peces \u00faniques que formen part la nostra cultura.<\/li>\n<li>Parlar amb dissenyadors de moda local en els seus tallers, con\u00e8ixer les \u00faltimes tend\u00e8ncies de la moda.<\/li>\n<li>Degustar productes que formen part de la bona i coneguda gastronomia catalana.<\/li>\n<\/ul>\n","protected":false},"excerpt":{"rendered":"<p>Barcelona Genuine Shops \u00e9s una ruta guiada per les botigues m\u00e9s inspiradores de la ciutat, que convida a entrar en contacte amb una Barcelona m\u00e9s aut\u00e8ntica, singular i poc coneguda. La ruta consisteix en la visita pels interiors d&#8217;alguns establiments comercials de diferents especialitats om podr\u00e0s: Contemplar com es treballen els metalls nobles i la [&hellip;]<\/p>\n","protected":false},"author":1,"featured_media":11312,"parent":829,"menu_order":0,"comment_status":"closed","ping_status":"closed","template":"","meta":[],"acf":[],"yoast_head":"<!-- This site is optimized with the Yoast SEO plugin v20.11 - https:\/\/yoast.com\/wordpress\/plugins\/seo\/ -->\n<title>Barcelona Genuine Shops Tour | Barcelona Shopping City<\/title>\n<meta name=\"robots\" content=\"index, follow, max-snippet:-1, max-image-preview:large, max-video-preview:-1\" \/>\n<link rel=\"canonical\" href=\"https:\/\/barcelonashoppingcity.com\/ca\/rutes\/barcelona-genuine-shops-tour\/\" \/>\n<meta property=\"og:locale\" content=\"ca_ES\" \/>\n<meta property=\"og:type\" content=\"article\" \/>\n<meta property=\"og:title\" content=\"Barcelona Genuine Shops Tour | Barcelona Shopping City\" \/>\n<meta property=\"og:url\" content=\"https:\/\/barcelonashoppingcity.com\/ca\/rutes\/barcelona-genuine-shops-tour\/\" \/>\n<meta property=\"og:site_name\" content=\"Barcelona Shopping City\" \/>\n<meta property=\"article:modified_time\" content=\"2018-04-16T08:57:56+00:00\" \/>\n<meta property=\"og:image\" content=\"https:\/\/barcelonashoppingcity.com\/wp-content\/uploads\/2017\/06\/barcelona-genuine-shops-rutas.png\" \/>\n\t<meta property=\"og:image:width\" content=\"1700\" \/>\n\t<meta property=\"og:image:height\" content=\"1700\" \/>\n\t<meta property=\"og:image:type\" content=\"image\/png\" \/>\n<meta name=\"twitter:card\" content=\"summary_large_image\" \/>\n<meta name=\"twitter:label1\" content=\"Temps estimat de lectura\" \/>\n\t<meta name=\"twitter:data1\" content=\"1 minut\" \/>\n<script type=\"application\/ld+json\" class=\"yoast-schema-graph\">{\"@context\":\"https:\/\/schema.org\",\"@graph\":[{\"@type\":\"WebPage\",\"@id\":\"https:\/\/barcelonashoppingcity.com\/ca\/rutes\/barcelona-genuine-shops-tour\/\",\"url\":\"https:\/\/barcelonashoppingcity.com\/ca\/rutes\/barcelona-genuine-shops-tour\/\",\"name\":\"Barcelona Genuine Shops Tour | Barcelona Shopping City\",\"isPartOf\":{\"@id\":\"https:\/\/barcelonashoppingcity.com\/ca\/#website\"},\"datePublished\":\"2017-06-06T14:49:17+00:00\",\"dateModified\":\"2018-04-16T08:57:56+00:00\",\"breadcrumb\":{\"@id\":\"https:\/\/barcelonashoppingcity.com\/ca\/rutes\/barcelona-genuine-shops-tour\/#breadcrumb\"},\"inLanguage\":\"ca\",\"potentialAction\":[{\"@type\":\"ReadAction\",\"target\":[\"https:\/\/barcelonashoppingcity.com\/ca\/rutes\/barcelona-genuine-shops-tour\/\"]}]},{\"@type\":\"BreadcrumbList\",\"@id\":\"https:\/\/barcelonashoppingcity.com\/ca\/rutes\/barcelona-genuine-shops-tour\/#breadcrumb\",\"itemListElement\":[{\"@type\":\"ListItem\",\"position\":1,\"name\":\"Portada\",\"item\":\"https:\/\/barcelonashoppingcity.com\/ca\/\"},{\"@type\":\"ListItem\",\"position\":2,\"name\":\"Rutes\",\"item\":\"https:\/\/barcelonashoppingcity.com\/ca\/rutas\/\"},{\"@type\":\"ListItem\",\"position\":3,\"name\":\"Barcelona Genuine Shops Tour\"}]},{\"@type\":\"WebSite\",\"@id\":\"https:\/\/barcelonashoppingcity.com\/ca\/#website\",\"url\":\"https:\/\/barcelonashoppingcity.com\/ca\/\",\"name\":\"Barcelona Shopping City\",\"description\":\"El programa Barcelona Shopping City de Turisme de Barcelona se encarga de promocionar y posicionar la ciudad de Barcelona como referente de compras internacional en el mundo.\",\"potentialAction\":[{\"@type\":\"SearchAction\",\"target\":{\"@type\":\"EntryPoint\",\"urlTemplate\":\"https:\/\/barcelonashoppingcity.com\/ca\/?s={search_term_string}\"},\"query-input\":\"required name=search_term_string\"}],\"inLanguage\":\"ca\"}]}<\/script>\n<!-- \/ Yoast SEO plugin. -->","yoast_head_json":{"title":"Barcelona Genuine Shops Tour | Barcelona Shopping City","robots":{"index":"index","follow":"follow","max-snippet":"max-snippet:-1","max-image-preview":"max-image-preview:large","max-video-preview":"max-video-preview:-1"},"canonical":"https:\/\/barcelonashoppingcity.com\/ca\/rutes\/barcelona-genuine-shops-tour\/","og_locale":"ca_ES","og_type":"article","og_title":"Barcelona Genuine Shops Tour | Barcelona Shopping City","og_url":"https:\/\/barcelonashoppingcity.com\/ca\/rutes\/barcelona-genuine-shops-tour\/","og_site_name":"Barcelona Shopping City","article_modified_time":"2018-04-16T08:57:56+00:00","og_image":[{"width":1700,"height":1700,"url":"https:\/\/barcelonashoppingcity.com\/wp-content\/uploads\/2017\/06\/barcelona-genuine-shops-rutas.png","type":"image\/png"}],"twitter_card":"summary_large_image","twitter_misc":{"Temps estimat de lectura":"1 minut"},"schema":{"@context":"https:\/\/schema.org","@graph":[{"@type":"WebPage","@id":"https:\/\/barcelonashoppingcity.com\/ca\/rutes\/barcelona-genuine-shops-tour\/","url":"https:\/\/barcelonashoppingcity.com\/ca\/rutes\/barcelona-genuine-shops-tour\/","name":"Barcelona Genuine Shops Tour | Barcelona Shopping City","isPartOf":{"@id":"https:\/\/barcelonashoppingcity.com\/ca\/#website"},"datePublished":"2017-06-06T14:49:17+00:00","dateModified":"2018-04-16T08:57:56+00:00","breadcrumb":{"@id":"https:\/\/barcelonashoppingcity.com\/ca\/rutes\/barcelona-genuine-shops-tour\/#breadcrumb"},"inLanguage":"ca","potentialAction":[{"@type":"ReadAction","target":["https:\/\/barcelonashoppingcity.com\/ca\/rutes\/barcelona-genuine-shops-tour\/"]}]},{"@type":"BreadcrumbList","@id":"https:\/\/barcelonashoppingcity.com\/ca\/rutes\/barcelona-genuine-shops-tour\/#breadcrumb","itemListElement":[{"@type":"ListItem","position":1,"name":"Portada","item":"https:\/\/barcelonashoppingcity.com\/ca\/"},{"@type":"ListItem","position":2,"name":"Rutes","item":"https:\/\/barcelonashoppingcity.com\/ca\/rutas\/"},{"@type":"ListItem","position":3,"name":"Barcelona Genuine Shops Tour"}]},{"@type":"WebSite","@id":"https:\/\/barcelonashoppingcity.com\/ca\/#website","url":"https:\/\/barcelonashoppingcity.com\/ca\/","name":"Barcelona Shopping City","description":"El programa Barcelona Shopping City de Turisme de Barcelona se encarga de promocionar y posicionar la ciudad de Barcelona como referente de compras internacional en el mundo.","potentialAction":[{"@type":"SearchAction","target":{"@type":"EntryPoint","urlTemplate":"https:\/\/barcelonashoppingcity.com\/ca\/?s={search_term_string}"},"query-input":"required name=search_term_string"}],"inLanguage":"ca"}]}},"_links":{"self":[{"href":"https:\/\/barcelonashoppingcity.com\/ca\/wp-json\/wp\/v2\/pages\/11383"}],"collection":[{"href":"https:\/\/barcelonashoppingcity.com\/ca\/wp-json\/wp\/v2\/pages"}],"about":[{"href":"https:\/\/barcelonashoppingcity.com\/ca\/wp-json\/wp\/v2\/types\/page"}],"author":[{"embeddable":true,"href":"https:\/\/barcelonashoppingcity.com\/ca\/wp-json\/wp\/v2\/users\/1"}],"replies":[{"embeddable":true,"href":"https:\/\/barcelonashoppingcity.com\/ca\/wp-json\/wp\/v2\/comments?post=11383"}],"version-history":[{"count":3,"href":"https:\/\/barcelonashoppingcity.com\/ca\/wp-json\/wp\/v2\/pages\/11383\/revisions"}],"predecessor-version":[{"id":15714,"href":"https:\/\/barcelonashoppingcity.com\/ca\/wp-json\/wp\/v2\/pages\/11383\/revisions\/15714"}],"up":[{"embeddable":true,"href":"https:\/\/barcelonashoppingcity.com\/ca\/wp-json\/wp\/v2\/pages\/829"}],"wp:featuredmedia":[{"embeddable":true,"href":"https:\/\/barcelonashoppingcity.com\/ca\/wp-json\/wp\/v2\/media\/11312"}],"wp:attachment":[{"href":"https:\/\/barcelonashoppingcity.com\/ca\/wp-json\/wp\/v2\/media?parent=11383"}],"curies":[{"name":"wp","href":"https:\/\/api.w.org\/{rel}","templated":true}]}}