{"id":13458,"date":"2017-11-29T10:13:27","date_gmt":"2017-11-29T10:13:27","guid":{"rendered":"http:\/\/barcelonashoppingcity.com\/ca\/barcelona-shopping-line\/barcelona-unique-shops\/"},"modified":"2018-03-12T16:15:37","modified_gmt":"2018-03-12T16:15:37","slug":"uniqueshops","status":"publish","type":"page","link":"https:\/\/barcelonashoppingcity.com\/ca\/uniqueshops\/","title":{"rendered":"Barcelona Unique Shops"},"content":{"rendered":"<p>Les <strong>Barcelona\u00a0Unique\u00a0Shops<\/strong>\u00a0s\u00f3n botigues singulars que ofereixen una experi\u00e8ncia de compra \u00fanica i que es troben situades en diferents barris de Barcelona, oferint als visitants alternatives per con\u00e8ixer altres zones de la ciutat. S\u00f3n establiments d&#8217;artesans, de dissenyadors treballant en el seu taller o de marques locals, comer\u00e7os amb m\u00e9s de 100 anys d&#8217;hist\u00f2ria, de productes delicatessen\u00a0gastron\u00f2mics fets aqu\u00ed, botigues per descobrir l&#8217;art i el disseny dels museus o la moda sostenible. Us convidem a descobrir-les!<\/p>\n","protected":false},"excerpt":{"rendered":"<p>Les Barcelona Unique Shops s\u00f3n botigues singulars que ofereixen una experi\u00e8ncia de compra \u00fanica&#8230;<\/p>\n","protected":false},"author":1,"featured_media":13734,"parent":0,"menu_order":5,"comment_status":"closed","ping_status":"closed","template":"","meta":[],"acf":[],"yoast_head":"<!-- This site is optimized with the Yoast SEO plugin v20.11 - https:\/\/yoast.com\/wordpress\/plugins\/seo\/ -->\n<title>Barcelona Unique Shops | Barcelona Shopping City<\/title>\n<meta name=\"description\" content=\"Les Barcelona Unique Shops s\u00f3n botigues singulars que ofereixen una experi\u00e8ncia de compra \u00fanica...\" \/>\n<meta name=\"robots\" content=\"index, follow, max-snippet:-1, max-image-preview:large, max-video-preview:-1\" \/>\n<link rel=\"canonical\" href=\"https:\/\/barcelonashoppingcity.com\/ca\/uniqueshops\/\" \/>\n<meta property=\"og:locale\" content=\"ca_ES\" \/>\n<meta property=\"og:type\" content=\"article\" \/>\n<meta property=\"og:title\" content=\"Barcelona Unique Shops | Barcelona Shopping City\" \/>\n<meta property=\"og:description\" content=\"Les Barcelona Unique Shops s\u00f3n botigues singulars que ofereixen una experi\u00e8ncia de compra \u00fanica...\" \/>\n<meta property=\"og:url\" content=\"https:\/\/barcelonashoppingcity.com\/ca\/uniqueshops\/\" \/>\n<meta property=\"og:site_name\" content=\"Barcelona Shopping City\" \/>\n<meta property=\"article:modified_time\" content=\"2018-03-12T16:15:37+00:00\" \/>\n<meta property=\"og:image\" content=\"https:\/\/barcelonashoppingcity.com\/wp-content\/uploads\/2017\/11\/unique-shops-barcelona-shopping-city.jpg\" \/>\n\t<meta property=\"og:image:width\" content=\"1080\" \/>\n\t<meta property=\"og:image:height\" content=\"546\" \/>\n\t<meta property=\"og:image:type\" content=\"image\/jpeg\" \/>\n<meta name=\"twitter:card\" content=\"summary_large_image\" \/>\n<script type=\"application\/ld+json\" class=\"yoast-schema-graph\">{\"@context\":\"https:\/\/schema.org\",\"@graph\":[{\"@type\":\"WebPage\",\"@id\":\"https:\/\/barcelonashoppingcity.com\/ca\/uniqueshops\/\",\"url\":\"https:\/\/barcelonashoppingcity.com\/ca\/uniqueshops\/\",\"name\":\"Barcelona Unique Shops | Barcelona Shopping City\",\"isPartOf\":{\"@id\":\"https:\/\/barcelonashoppingcity.com\/ca\/#website\"},\"datePublished\":\"2017-11-29T10:13:27+00:00\",\"dateModified\":\"2018-03-12T16:15:37+00:00\",\"description\":\"Les Barcelona Unique Shops s\u00f3n botigues singulars que ofereixen una experi\u00e8ncia de compra \u00fanica...\",\"breadcrumb\":{\"@id\":\"https:\/\/barcelonashoppingcity.com\/ca\/uniqueshops\/#breadcrumb\"},\"inLanguage\":\"ca\",\"potentialAction\":[{\"@type\":\"ReadAction\",\"target\":[\"https:\/\/barcelonashoppingcity.com\/ca\/uniqueshops\/\"]}]},{\"@type\":\"BreadcrumbList\",\"@id\":\"https:\/\/barcelonashoppingcity.com\/ca\/uniqueshops\/#breadcrumb\",\"itemListElement\":[{\"@type\":\"ListItem\",\"position\":1,\"name\":\"Portada\",\"item\":\"https:\/\/barcelonashoppingcity.com\/ca\/\"},{\"@type\":\"ListItem\",\"position\":2,\"name\":\"Barcelona Unique Shops\"}]},{\"@type\":\"WebSite\",\"@id\":\"https:\/\/barcelonashoppingcity.com\/ca\/#website\",\"url\":\"https:\/\/barcelonashoppingcity.com\/ca\/\",\"name\":\"Barcelona Shopping City\",\"description\":\"El programa Barcelona Shopping City de Turisme de Barcelona se encarga de promocionar y posicionar la ciudad de Barcelona como referente de compras internacional en el mundo.\",\"potentialAction\":[{\"@type\":\"SearchAction\",\"target\":{\"@type\":\"EntryPoint\",\"urlTemplate\":\"https:\/\/barcelonashoppingcity.com\/ca\/?s={search_term_string}\"},\"query-input\":\"required name=search_term_string\"}],\"inLanguage\":\"ca\"}]}<\/script>\n<!-- \/ Yoast SEO plugin. -->","yoast_head_json":{"title":"Barcelona Unique Shops | Barcelona Shopping City","description":"Les Barcelona Unique Shops s\u00f3n botigues singulars que ofereixen una experi\u00e8ncia de compra \u00fanica...","robots":{"index":"index","follow":"follow","max-snippet":"max-snippet:-1","max-image-preview":"max-image-preview:large","max-video-preview":"max-video-preview:-1"},"canonical":"https:\/\/barcelonashoppingcity.com\/ca\/uniqueshops\/","og_locale":"ca_ES","og_type":"article","og_title":"Barcelona Unique Shops | Barcelona Shopping City","og_description":"Les Barcelona Unique Shops s\u00f3n botigues singulars que ofereixen una experi\u00e8ncia de compra \u00fanica...","og_url":"https:\/\/barcelonashoppingcity.com\/ca\/uniqueshops\/","og_site_name":"Barcelona Shopping City","article_modified_time":"2018-03-12T16:15:37+00:00","og_image":[{"width":1080,"height":546,"url":"https:\/\/barcelonashoppingcity.com\/wp-content\/uploads\/2017\/11\/unique-shops-barcelona-shopping-city.jpg","type":"image\/jpeg"}],"twitter_card":"summary_large_image","schema":{"@context":"https:\/\/schema.org","@graph":[{"@type":"WebPage","@id":"https:\/\/barcelonashoppingcity.com\/ca\/uniqueshops\/","url":"https:\/\/barcelonashoppingcity.com\/ca\/uniqueshops\/","name":"Barcelona Unique Shops | Barcelona Shopping City","isPartOf":{"@id":"https:\/\/barcelonashoppingcity.com\/ca\/#website"},"datePublished":"2017-11-29T10:13:27+00:00","dateModified":"2018-03-12T16:15:37+00:00","description":"Les Barcelona Unique Shops s\u00f3n botigues singulars que ofereixen una experi\u00e8ncia de compra \u00fanica...","breadcrumb":{"@id":"https:\/\/barcelonashoppingcity.com\/ca\/uniqueshops\/#breadcrumb"},"inLanguage":"ca","potentialAction":[{"@type":"ReadAction","target":["https:\/\/barcelonashoppingcity.com\/ca\/uniqueshops\/"]}]},{"@type":"BreadcrumbList","@id":"https:\/\/barcelonashoppingcity.com\/ca\/uniqueshops\/#breadcrumb","itemListElement":[{"@type":"ListItem","position":1,"name":"Portada","item":"https:\/\/barcelonashoppingcity.com\/ca\/"},{"@type":"ListItem","position":2,"name":"Barcelona Unique Shops"}]},{"@type":"WebSite","@id":"https:\/\/barcelonashoppingcity.com\/ca\/#website","url":"https:\/\/barcelonashoppingcity.com\/ca\/","name":"Barcelona Shopping City","description":"El programa Barcelona Shopping City de Turisme de Barcelona se encarga de promocionar y posicionar la ciudad de Barcelona como referente de compras internacional en el mundo.","potentialAction":[{"@type":"SearchAction","target":{"@type":"EntryPoint","urlTemplate":"https:\/\/barcelonashoppingcity.com\/ca\/?s={search_term_string}"},"query-input":"required name=search_term_string"}],"inLanguage":"ca"}]}},"_links":{"self":[{"href":"https:\/\/barcelonashoppingcity.com\/ca\/wp-json\/wp\/v2\/pages\/13458"}],"collection":[{"href":"https:\/\/barcelonashoppingcity.com\/ca\/wp-json\/wp\/v2\/pages"}],"about":[{"href":"https:\/\/barcelonashoppingcity.com\/ca\/wp-json\/wp\/v2\/types\/page"}],"author":[{"embeddable":true,"href":"https:\/\/barcelonashoppingcity.com\/ca\/wp-json\/wp\/v2\/users\/1"}],"replies":[{"embeddable":true,"href":"https:\/\/barcelonashoppingcity.com\/ca\/wp-json\/wp\/v2\/comments?post=13458"}],"version-history":[{"count":7,"href":"https:\/\/barcelonashoppingcity.com\/ca\/wp-json\/wp\/v2\/pages\/13458\/revisions"}],"predecessor-version":[{"id":15348,"href":"https:\/\/barcelonashoppingcity.com\/ca\/wp-json\/wp\/v2\/pages\/13458\/revisions\/15348"}],"wp:featuredmedia":[{"embeddable":true,"href":"https:\/\/barcelonashoppingcity.com\/ca\/wp-json\/wp\/v2\/media\/13734"}],"wp:attachment":[{"href":"https:\/\/barcelonashoppingcity.com\/ca\/wp-json\/wp\/v2\/media?parent=13458"}],"curies":[{"name":"wp","href":"https:\/\/api.w.org\/{rel}","templated":true}]}}