{"id":14168,"date":"2018-01-12T12:20:08","date_gmt":"2018-01-12T12:20:08","guid":{"rendered":"http:\/\/barcelonashoppingcity.com\/ca\/qui-som\/diagonal\/"},"modified":"2018-01-12T12:29:01","modified_gmt":"2018-01-12T12:29:01","slug":"diagonal","status":"publish","type":"page","link":"https:\/\/barcelonashoppingcity.com\/ca\/barcelona-shopping-line\/diagonal\/","title":{"rendered":"Diagonal"},"content":{"rendered":"<p>La DIAGONAL s&#8217;ha convertit en un gran passeig atractiu, confortable i glamur\u00f3s, ple d&#8217;activitat comercial, tur\u00edstica, gastron\u00f2mica i urbana. Passejar \u00e9s gaudir amb les millors marques i tendes de decoraci\u00f3 d&#8217;interiors, mobiliaris de disseny i accessoris pr\u00e8mium. Cont\u00e9 els millors Centres Comercials, edificis ic\u00f2nics, i el shopping amb atenci\u00f3 personal \u201cMade in Barcelona\u201d.<\/p>\n","protected":false},"excerpt":{"rendered":"<p>La DIAGONAL s&#8217;ha convertit en un gran passeig atractiu, confortable i glamur\u00f3s, ple d&#8217;activitat comercial, tur\u00edstica, gastron\u00f2mica i urbana. Passejar \u00e9s gaudir amb les millors marques i tendes de decoraci\u00f3 d&#8217;interiors, mobiliaris de disseny i accessoris pr\u00e8mium. Cont\u00e9 els millors Centres Comercials, edificis ic\u00f2nics, i el shopping amb atenci\u00f3 personal \u201cMade in Barcelona\u201d.<\/p>\n","protected":false},"author":1,"featured_media":0,"parent":3916,"menu_order":17,"comment_status":"closed","ping_status":"closed","template":"","meta":[],"acf":[],"yoast_head":"<!-- This site is optimized with the Yoast SEO plugin v20.11 - https:\/\/yoast.com\/wordpress\/plugins\/seo\/ -->\n<title>Diagonal | Barcelona Shopping City<\/title>\n<meta name=\"robots\" content=\"index, follow, max-snippet:-1, max-image-preview:large, max-video-preview:-1\" \/>\n<link rel=\"canonical\" href=\"https:\/\/barcelonashoppingcity.com\/ca\/barcelona-shopping-line\/diagonal\/\" \/>\n<meta property=\"og:locale\" content=\"ca_ES\" \/>\n<meta property=\"og:type\" content=\"article\" \/>\n<meta property=\"og:title\" content=\"Diagonal | Barcelona Shopping City\" \/>\n<meta property=\"og:url\" content=\"https:\/\/barcelonashoppingcity.com\/ca\/barcelona-shopping-line\/diagonal\/\" \/>\n<meta property=\"og:site_name\" content=\"Barcelona Shopping City\" \/>\n<meta property=\"article:modified_time\" content=\"2018-01-12T12:29:01+00:00\" \/>\n<meta name=\"twitter:card\" content=\"summary_large_image\" \/>\n<script type=\"application\/ld+json\" class=\"yoast-schema-graph\">{\"@context\":\"https:\/\/schema.org\",\"@graph\":[{\"@type\":\"WebPage\",\"@id\":\"https:\/\/barcelonashoppingcity.com\/ca\/barcelona-shopping-line\/diagonal\/\",\"url\":\"https:\/\/barcelonashoppingcity.com\/ca\/barcelona-shopping-line\/diagonal\/\",\"name\":\"Diagonal | Barcelona Shopping City\",\"isPartOf\":{\"@id\":\"https:\/\/barcelonashoppingcity.com\/ca\/#website\"},\"datePublished\":\"2018-01-12T12:20:08+00:00\",\"dateModified\":\"2018-01-12T12:29:01+00:00\",\"breadcrumb\":{\"@id\":\"https:\/\/barcelonashoppingcity.com\/ca\/barcelona-shopping-line\/diagonal\/#breadcrumb\"},\"inLanguage\":\"ca\",\"potentialAction\":[{\"@type\":\"ReadAction\",\"target\":[\"https:\/\/barcelonashoppingcity.com\/ca\/barcelona-shopping-line\/diagonal\/\"]}]},{\"@type\":\"BreadcrumbList\",\"@id\":\"https:\/\/barcelonashoppingcity.com\/ca\/barcelona-shopping-line\/diagonal\/#breadcrumb\",\"itemListElement\":[{\"@type\":\"ListItem\",\"position\":1,\"name\":\"Portada\",\"item\":\"https:\/\/barcelonashoppingcity.com\/ca\/\"},{\"@type\":\"ListItem\",\"position\":2,\"name\":\"Barcelona Shopping Line\",\"item\":\"https:\/\/barcelonashoppingcity.com\/ca\/barcelona-shopping-line\/\"},{\"@type\":\"ListItem\",\"position\":3,\"name\":\"Diagonal\"}]},{\"@type\":\"WebSite\",\"@id\":\"https:\/\/barcelonashoppingcity.com\/ca\/#website\",\"url\":\"https:\/\/barcelonashoppingcity.com\/ca\/\",\"name\":\"Barcelona Shopping City\",\"description\":\"El programa Barcelona Shopping City de Turisme de Barcelona se encarga de promocionar y posicionar la ciudad de Barcelona como referente de compras internacional en el mundo.\",\"potentialAction\":[{\"@type\":\"SearchAction\",\"target\":{\"@type\":\"EntryPoint\",\"urlTemplate\":\"https:\/\/barcelonashoppingcity.com\/ca\/?s={search_term_string}\"},\"query-input\":\"required name=search_term_string\"}],\"inLanguage\":\"ca\"}]}<\/script>\n<!-- \/ Yoast SEO plugin. -->","yoast_head_json":{"title":"Diagonal | Barcelona Shopping City","robots":{"index":"index","follow":"follow","max-snippet":"max-snippet:-1","max-image-preview":"max-image-preview:large","max-video-preview":"max-video-preview:-1"},"canonical":"https:\/\/barcelonashoppingcity.com\/ca\/barcelona-shopping-line\/diagonal\/","og_locale":"ca_ES","og_type":"article","og_title":"Diagonal | Barcelona Shopping City","og_url":"https:\/\/barcelonashoppingcity.com\/ca\/barcelona-shopping-line\/diagonal\/","og_site_name":"Barcelona Shopping City","article_modified_time":"2018-01-12T12:29:01+00:00","twitter_card":"summary_large_image","schema":{"@context":"https:\/\/schema.org","@graph":[{"@type":"WebPage","@id":"https:\/\/barcelonashoppingcity.com\/ca\/barcelona-shopping-line\/diagonal\/","url":"https:\/\/barcelonashoppingcity.com\/ca\/barcelona-shopping-line\/diagonal\/","name":"Diagonal | Barcelona Shopping City","isPartOf":{"@id":"https:\/\/barcelonashoppingcity.com\/ca\/#website"},"datePublished":"2018-01-12T12:20:08+00:00","dateModified":"2018-01-12T12:29:01+00:00","breadcrumb":{"@id":"https:\/\/barcelonashoppingcity.com\/ca\/barcelona-shopping-line\/diagonal\/#breadcrumb"},"inLanguage":"ca","potentialAction":[{"@type":"ReadAction","target":["https:\/\/barcelonashoppingcity.com\/ca\/barcelona-shopping-line\/diagonal\/"]}]},{"@type":"BreadcrumbList","@id":"https:\/\/barcelonashoppingcity.com\/ca\/barcelona-shopping-line\/diagonal\/#breadcrumb","itemListElement":[{"@type":"ListItem","position":1,"name":"Portada","item":"https:\/\/barcelonashoppingcity.com\/ca\/"},{"@type":"ListItem","position":2,"name":"Barcelona Shopping Line","item":"https:\/\/barcelonashoppingcity.com\/ca\/barcelona-shopping-line\/"},{"@type":"ListItem","position":3,"name":"Diagonal"}]},{"@type":"WebSite","@id":"https:\/\/barcelonashoppingcity.com\/ca\/#website","url":"https:\/\/barcelonashoppingcity.com\/ca\/","name":"Barcelona Shopping City","description":"El programa Barcelona Shopping City de Turisme de Barcelona se encarga de promocionar y posicionar la ciudad de Barcelona como referente de compras internacional en el mundo.","potentialAction":[{"@type":"SearchAction","target":{"@type":"EntryPoint","urlTemplate":"https:\/\/barcelonashoppingcity.com\/ca\/?s={search_term_string}"},"query-input":"required name=search_term_string"}],"inLanguage":"ca"}]}},"_links":{"self":[{"href":"https:\/\/barcelonashoppingcity.com\/ca\/wp-json\/wp\/v2\/pages\/14168"}],"collection":[{"href":"https:\/\/barcelonashoppingcity.com\/ca\/wp-json\/wp\/v2\/pages"}],"about":[{"href":"https:\/\/barcelonashoppingcity.com\/ca\/wp-json\/wp\/v2\/types\/page"}],"author":[{"embeddable":true,"href":"https:\/\/barcelonashoppingcity.com\/ca\/wp-json\/wp\/v2\/users\/1"}],"replies":[{"embeddable":true,"href":"https:\/\/barcelonashoppingcity.com\/ca\/wp-json\/wp\/v2\/comments?post=14168"}],"version-history":[{"count":3,"href":"https:\/\/barcelonashoppingcity.com\/ca\/wp-json\/wp\/v2\/pages\/14168\/revisions"}],"predecessor-version":[{"id":14232,"href":"https:\/\/barcelonashoppingcity.com\/ca\/wp-json\/wp\/v2\/pages\/14168\/revisions\/14232"}],"up":[{"embeddable":true,"href":"https:\/\/barcelonashoppingcity.com\/ca\/wp-json\/wp\/v2\/pages\/3916"}],"wp:attachment":[{"href":"https:\/\/barcelonashoppingcity.com\/ca\/wp-json\/wp\/v2\/media?parent=14168"}],"curies":[{"name":"wp","href":"https:\/\/api.w.org\/{rel}","templated":true}]}}