{"id":14205,"date":"2018-01-12T12:25:16","date_gmt":"2018-01-12T12:25:16","guid":{"rendered":"http:\/\/barcelonashoppingcity.com\/ca\/qui-som\/casco-antiguo\/"},"modified":"2018-01-12T13:01:24","modified_gmt":"2018-01-12T13:01:24","slug":"casc-antic","status":"publish","type":"page","link":"https:\/\/barcelonashoppingcity.com\/ca\/barcelona-shopping-line\/casc-antic\/","title":{"rendered":"Casc Antic"},"content":{"rendered":"<p>\u00c9s la zona amb m\u00e9s hist\u00f2ria de la ciutat que parteix de la c\u00e8ntrica Pl. Catalunya, La Rambla, el passeig m\u00e9s popular i colorista de la ciutat, el Raval i el Barri G\u00f2tic, on conviuen el comer\u00e7 tradicional i modern amb la cultura sense oblidar els seus centres comercials i grans magatzems.<\/p>\n","protected":false},"excerpt":{"rendered":"<p>\u00c9s la zona amb m\u00e9s hist\u00f2ria de la ciutat que parteix de la c\u00e8ntrica Pl. Catalunya, La Rambla, el passeig m\u00e9s popular i colorista de la ciutat, el Raval i el Barri G\u00f2tic, on conviuen el comer\u00e7 tradicional i modern amb la cultura sense oblidar els seus centres comercials i grans magatzems.<\/p>\n","protected":false},"author":1,"featured_media":0,"parent":3916,"menu_order":19,"comment_status":"closed","ping_status":"closed","template":"","meta":[],"acf":[],"yoast_head":"<!-- This site is optimized with the Yoast SEO plugin v20.11 - https:\/\/yoast.com\/wordpress\/plugins\/seo\/ -->\n<title>Casc Antic | Barcelona Shopping City<\/title>\n<meta name=\"robots\" content=\"index, follow, max-snippet:-1, max-image-preview:large, max-video-preview:-1\" \/>\n<link rel=\"canonical\" href=\"https:\/\/barcelonashoppingcity.com\/ca\/barcelona-shopping-line\/casc-antic\/\" \/>\n<meta property=\"og:locale\" content=\"ca_ES\" \/>\n<meta property=\"og:type\" content=\"article\" \/>\n<meta property=\"og:title\" content=\"Casc Antic | Barcelona Shopping City\" \/>\n<meta property=\"og:url\" content=\"https:\/\/barcelonashoppingcity.com\/ca\/barcelona-shopping-line\/casc-antic\/\" \/>\n<meta property=\"og:site_name\" content=\"Barcelona Shopping City\" \/>\n<meta property=\"article:modified_time\" content=\"2018-01-12T13:01:24+00:00\" \/>\n<meta name=\"twitter:card\" content=\"summary_large_image\" \/>\n<script type=\"application\/ld+json\" class=\"yoast-schema-graph\">{\"@context\":\"https:\/\/schema.org\",\"@graph\":[{\"@type\":\"WebPage\",\"@id\":\"https:\/\/barcelonashoppingcity.com\/ca\/barcelona-shopping-line\/casc-antic\/\",\"url\":\"https:\/\/barcelonashoppingcity.com\/ca\/barcelona-shopping-line\/casc-antic\/\",\"name\":\"Casc Antic | Barcelona Shopping City\",\"isPartOf\":{\"@id\":\"https:\/\/barcelonashoppingcity.com\/ca\/#website\"},\"datePublished\":\"2018-01-12T12:25:16+00:00\",\"dateModified\":\"2018-01-12T13:01:24+00:00\",\"breadcrumb\":{\"@id\":\"https:\/\/barcelonashoppingcity.com\/ca\/barcelona-shopping-line\/casc-antic\/#breadcrumb\"},\"inLanguage\":\"ca\",\"potentialAction\":[{\"@type\":\"ReadAction\",\"target\":[\"https:\/\/barcelonashoppingcity.com\/ca\/barcelona-shopping-line\/casc-antic\/\"]}]},{\"@type\":\"BreadcrumbList\",\"@id\":\"https:\/\/barcelonashoppingcity.com\/ca\/barcelona-shopping-line\/casc-antic\/#breadcrumb\",\"itemListElement\":[{\"@type\":\"ListItem\",\"position\":1,\"name\":\"Portada\",\"item\":\"https:\/\/barcelonashoppingcity.com\/ca\/\"},{\"@type\":\"ListItem\",\"position\":2,\"name\":\"Barcelona Shopping Line\",\"item\":\"https:\/\/barcelonashoppingcity.com\/ca\/barcelona-shopping-line\/\"},{\"@type\":\"ListItem\",\"position\":3,\"name\":\"Casc Antic\"}]},{\"@type\":\"WebSite\",\"@id\":\"https:\/\/barcelonashoppingcity.com\/ca\/#website\",\"url\":\"https:\/\/barcelonashoppingcity.com\/ca\/\",\"name\":\"Barcelona Shopping City\",\"description\":\"El programa Barcelona Shopping City de Turisme de Barcelona se encarga de promocionar y posicionar la ciudad de Barcelona como referente de compras internacional en el mundo.\",\"potentialAction\":[{\"@type\":\"SearchAction\",\"target\":{\"@type\":\"EntryPoint\",\"urlTemplate\":\"https:\/\/barcelonashoppingcity.com\/ca\/?s={search_term_string}\"},\"query-input\":\"required name=search_term_string\"}],\"inLanguage\":\"ca\"}]}<\/script>\n<!-- \/ Yoast SEO plugin. -->","yoast_head_json":{"title":"Casc Antic | Barcelona Shopping City","robots":{"index":"index","follow":"follow","max-snippet":"max-snippet:-1","max-image-preview":"max-image-preview:large","max-video-preview":"max-video-preview:-1"},"canonical":"https:\/\/barcelonashoppingcity.com\/ca\/barcelona-shopping-line\/casc-antic\/","og_locale":"ca_ES","og_type":"article","og_title":"Casc Antic | Barcelona Shopping City","og_url":"https:\/\/barcelonashoppingcity.com\/ca\/barcelona-shopping-line\/casc-antic\/","og_site_name":"Barcelona Shopping City","article_modified_time":"2018-01-12T13:01:24+00:00","twitter_card":"summary_large_image","schema":{"@context":"https:\/\/schema.org","@graph":[{"@type":"WebPage","@id":"https:\/\/barcelonashoppingcity.com\/ca\/barcelona-shopping-line\/casc-antic\/","url":"https:\/\/barcelonashoppingcity.com\/ca\/barcelona-shopping-line\/casc-antic\/","name":"Casc Antic | Barcelona Shopping City","isPartOf":{"@id":"https:\/\/barcelonashoppingcity.com\/ca\/#website"},"datePublished":"2018-01-12T12:25:16+00:00","dateModified":"2018-01-12T13:01:24+00:00","breadcrumb":{"@id":"https:\/\/barcelonashoppingcity.com\/ca\/barcelona-shopping-line\/casc-antic\/#breadcrumb"},"inLanguage":"ca","potentialAction":[{"@type":"ReadAction","target":["https:\/\/barcelonashoppingcity.com\/ca\/barcelona-shopping-line\/casc-antic\/"]}]},{"@type":"BreadcrumbList","@id":"https:\/\/barcelonashoppingcity.com\/ca\/barcelona-shopping-line\/casc-antic\/#breadcrumb","itemListElement":[{"@type":"ListItem","position":1,"name":"Portada","item":"https:\/\/barcelonashoppingcity.com\/ca\/"},{"@type":"ListItem","position":2,"name":"Barcelona Shopping Line","item":"https:\/\/barcelonashoppingcity.com\/ca\/barcelona-shopping-line\/"},{"@type":"ListItem","position":3,"name":"Casc Antic"}]},{"@type":"WebSite","@id":"https:\/\/barcelonashoppingcity.com\/ca\/#website","url":"https:\/\/barcelonashoppingcity.com\/ca\/","name":"Barcelona Shopping City","description":"El programa Barcelona Shopping City de Turisme de Barcelona se encarga de promocionar y posicionar la ciudad de Barcelona como referente de compras internacional en el mundo.","potentialAction":[{"@type":"SearchAction","target":{"@type":"EntryPoint","urlTemplate":"https:\/\/barcelonashoppingcity.com\/ca\/?s={search_term_string}"},"query-input":"required name=search_term_string"}],"inLanguage":"ca"}]}},"_links":{"self":[{"href":"https:\/\/barcelonashoppingcity.com\/ca\/wp-json\/wp\/v2\/pages\/14205"}],"collection":[{"href":"https:\/\/barcelonashoppingcity.com\/ca\/wp-json\/wp\/v2\/pages"}],"about":[{"href":"https:\/\/barcelonashoppingcity.com\/ca\/wp-json\/wp\/v2\/types\/page"}],"author":[{"embeddable":true,"href":"https:\/\/barcelonashoppingcity.com\/ca\/wp-json\/wp\/v2\/users\/1"}],"replies":[{"embeddable":true,"href":"https:\/\/barcelonashoppingcity.com\/ca\/wp-json\/wp\/v2\/comments?post=14205"}],"version-history":[{"count":3,"href":"https:\/\/barcelonashoppingcity.com\/ca\/wp-json\/wp\/v2\/pages\/14205\/revisions"}],"predecessor-version":[{"id":14249,"href":"https:\/\/barcelonashoppingcity.com\/ca\/wp-json\/wp\/v2\/pages\/14205\/revisions\/14249"}],"up":[{"embeddable":true,"href":"https:\/\/barcelonashoppingcity.com\/ca\/wp-json\/wp\/v2\/pages\/3916"}],"wp:attachment":[{"href":"https:\/\/barcelonashoppingcity.com\/ca\/wp-json\/wp\/v2\/media?parent=14205"}],"curies":[{"name":"wp","href":"https:\/\/api.w.org\/{rel}","templated":true}]}}