{"id":14223,"date":"2018-01-12T12:27:05","date_gmt":"2018-01-12T12:27:05","guid":{"rendered":"http:\/\/barcelonashoppingcity.com\/ca\/born\/"},"modified":"2018-01-12T13:10:25","modified_gmt":"2018-01-12T13:10:25","slug":"born","status":"publish","type":"page","link":"https:\/\/barcelonashoppingcity.com\/ca\/barcelona-shopping-line\/born\/","title":{"rendered":"Born"},"content":{"rendered":"<p>Amb m\u00e9s de dos mil anys d&#8217;exist\u00e8ncia, el barri del Born \u00e9s una zona de contrastos on conviuen hist\u00f2ria, cultura i tot aix\u00f2 barrejat amb comer\u00e7os de tend\u00e8ncia innovadora, propostes gastron\u00f2miques, de moda i art.<\/p>\n","protected":false},"excerpt":{"rendered":"<p>Amb m\u00e9s de dos mil anys d&#8217;exist\u00e8ncia, el barri del Born \u00e9s una zona de contrastos on conviuen hist\u00f2ria, cultura i tot aix\u00f2 barrejat amb comer\u00e7os de tend\u00e8ncia innovadora, propostes gastron\u00f2miques, de moda i art.<\/p>\n","protected":false},"author":1,"featured_media":0,"parent":3916,"menu_order":20,"comment_status":"closed","ping_status":"closed","template":"","meta":[],"acf":[],"yoast_head":"<!-- This site is optimized with the Yoast SEO plugin v20.11 - https:\/\/yoast.com\/wordpress\/plugins\/seo\/ -->\n<title>Born | Barcelona Shopping City<\/title>\n<meta name=\"robots\" content=\"index, follow, max-snippet:-1, max-image-preview:large, max-video-preview:-1\" \/>\n<link rel=\"canonical\" href=\"https:\/\/barcelonashoppingcity.com\/ca\/barcelona-shopping-line\/born\/\" \/>\n<meta property=\"og:locale\" content=\"ca_ES\" \/>\n<meta property=\"og:type\" content=\"article\" \/>\n<meta property=\"og:title\" content=\"Born | Barcelona Shopping City\" \/>\n<meta property=\"og:url\" content=\"https:\/\/barcelonashoppingcity.com\/ca\/barcelona-shopping-line\/born\/\" \/>\n<meta property=\"og:site_name\" content=\"Barcelona Shopping City\" \/>\n<meta property=\"article:modified_time\" content=\"2018-01-12T13:10:25+00:00\" \/>\n<meta name=\"twitter:card\" content=\"summary_large_image\" \/>\n<script type=\"application\/ld+json\" class=\"yoast-schema-graph\">{\"@context\":\"https:\/\/schema.org\",\"@graph\":[{\"@type\":\"WebPage\",\"@id\":\"https:\/\/barcelonashoppingcity.com\/ca\/barcelona-shopping-line\/born\/\",\"url\":\"https:\/\/barcelonashoppingcity.com\/ca\/barcelona-shopping-line\/born\/\",\"name\":\"Born | Barcelona Shopping City\",\"isPartOf\":{\"@id\":\"https:\/\/barcelonashoppingcity.com\/ca\/#website\"},\"datePublished\":\"2018-01-12T12:27:05+00:00\",\"dateModified\":\"2018-01-12T13:10:25+00:00\",\"breadcrumb\":{\"@id\":\"https:\/\/barcelonashoppingcity.com\/ca\/barcelona-shopping-line\/born\/#breadcrumb\"},\"inLanguage\":\"ca\",\"potentialAction\":[{\"@type\":\"ReadAction\",\"target\":[\"https:\/\/barcelonashoppingcity.com\/ca\/barcelona-shopping-line\/born\/\"]}]},{\"@type\":\"BreadcrumbList\",\"@id\":\"https:\/\/barcelonashoppingcity.com\/ca\/barcelona-shopping-line\/born\/#breadcrumb\",\"itemListElement\":[{\"@type\":\"ListItem\",\"position\":1,\"name\":\"Portada\",\"item\":\"https:\/\/barcelonashoppingcity.com\/ca\/\"},{\"@type\":\"ListItem\",\"position\":2,\"name\":\"Barcelona Shopping Line\",\"item\":\"https:\/\/barcelonashoppingcity.com\/ca\/barcelona-shopping-line\/\"},{\"@type\":\"ListItem\",\"position\":3,\"name\":\"Born\"}]},{\"@type\":\"WebSite\",\"@id\":\"https:\/\/barcelonashoppingcity.com\/ca\/#website\",\"url\":\"https:\/\/barcelonashoppingcity.com\/ca\/\",\"name\":\"Barcelona Shopping City\",\"description\":\"El programa Barcelona Shopping City de Turisme de Barcelona se encarga de promocionar y posicionar la ciudad de Barcelona como referente de compras internacional en el mundo.\",\"potentialAction\":[{\"@type\":\"SearchAction\",\"target\":{\"@type\":\"EntryPoint\",\"urlTemplate\":\"https:\/\/barcelonashoppingcity.com\/ca\/?s={search_term_string}\"},\"query-input\":\"required name=search_term_string\"}],\"inLanguage\":\"ca\"}]}<\/script>\n<!-- \/ Yoast SEO plugin. -->","yoast_head_json":{"title":"Born | Barcelona Shopping City","robots":{"index":"index","follow":"follow","max-snippet":"max-snippet:-1","max-image-preview":"max-image-preview:large","max-video-preview":"max-video-preview:-1"},"canonical":"https:\/\/barcelonashoppingcity.com\/ca\/barcelona-shopping-line\/born\/","og_locale":"ca_ES","og_type":"article","og_title":"Born | Barcelona Shopping City","og_url":"https:\/\/barcelonashoppingcity.com\/ca\/barcelona-shopping-line\/born\/","og_site_name":"Barcelona Shopping City","article_modified_time":"2018-01-12T13:10:25+00:00","twitter_card":"summary_large_image","schema":{"@context":"https:\/\/schema.org","@graph":[{"@type":"WebPage","@id":"https:\/\/barcelonashoppingcity.com\/ca\/barcelona-shopping-line\/born\/","url":"https:\/\/barcelonashoppingcity.com\/ca\/barcelona-shopping-line\/born\/","name":"Born | Barcelona Shopping City","isPartOf":{"@id":"https:\/\/barcelonashoppingcity.com\/ca\/#website"},"datePublished":"2018-01-12T12:27:05+00:00","dateModified":"2018-01-12T13:10:25+00:00","breadcrumb":{"@id":"https:\/\/barcelonashoppingcity.com\/ca\/barcelona-shopping-line\/born\/#breadcrumb"},"inLanguage":"ca","potentialAction":[{"@type":"ReadAction","target":["https:\/\/barcelonashoppingcity.com\/ca\/barcelona-shopping-line\/born\/"]}]},{"@type":"BreadcrumbList","@id":"https:\/\/barcelonashoppingcity.com\/ca\/barcelona-shopping-line\/born\/#breadcrumb","itemListElement":[{"@type":"ListItem","position":1,"name":"Portada","item":"https:\/\/barcelonashoppingcity.com\/ca\/"},{"@type":"ListItem","position":2,"name":"Barcelona Shopping Line","item":"https:\/\/barcelonashoppingcity.com\/ca\/barcelona-shopping-line\/"},{"@type":"ListItem","position":3,"name":"Born"}]},{"@type":"WebSite","@id":"https:\/\/barcelonashoppingcity.com\/ca\/#website","url":"https:\/\/barcelonashoppingcity.com\/ca\/","name":"Barcelona Shopping City","description":"El programa Barcelona Shopping City de Turisme de Barcelona se encarga de promocionar y posicionar la ciudad de Barcelona como referente de compras internacional en el mundo.","potentialAction":[{"@type":"SearchAction","target":{"@type":"EntryPoint","urlTemplate":"https:\/\/barcelonashoppingcity.com\/ca\/?s={search_term_string}"},"query-input":"required name=search_term_string"}],"inLanguage":"ca"}]}},"_links":{"self":[{"href":"https:\/\/barcelonashoppingcity.com\/ca\/wp-json\/wp\/v2\/pages\/14223"}],"collection":[{"href":"https:\/\/barcelonashoppingcity.com\/ca\/wp-json\/wp\/v2\/pages"}],"about":[{"href":"https:\/\/barcelonashoppingcity.com\/ca\/wp-json\/wp\/v2\/types\/page"}],"author":[{"embeddable":true,"href":"https:\/\/barcelonashoppingcity.com\/ca\/wp-json\/wp\/v2\/users\/1"}],"replies":[{"embeddable":true,"href":"https:\/\/barcelonashoppingcity.com\/ca\/wp-json\/wp\/v2\/comments?post=14223"}],"version-history":[{"count":2,"href":"https:\/\/barcelonashoppingcity.com\/ca\/wp-json\/wp\/v2\/pages\/14223\/revisions"}],"predecessor-version":[{"id":14258,"href":"https:\/\/barcelonashoppingcity.com\/ca\/wp-json\/wp\/v2\/pages\/14223\/revisions\/14258"}],"up":[{"embeddable":true,"href":"https:\/\/barcelonashoppingcity.com\/ca\/wp-json\/wp\/v2\/pages\/3916"}],"wp:attachment":[{"href":"https:\/\/barcelonashoppingcity.com\/ca\/wp-json\/wp\/v2\/media?parent=14223"}],"curies":[{"name":"wp","href":"https:\/\/api.w.org\/{rel}","templated":true}]}}