{"id":17862,"date":"2018-11-27T11:08:47","date_gmt":"2018-11-27T11:08:47","guid":{"rendered":"http:\/\/barcelonashoppingcity.com\/ca\/experiencies\/personal-shoppers-y-tours-personalizados\/"},"modified":"2018-12-19T20:13:05","modified_gmt":"2018-12-19T20:13:05","slug":"personal-shoppers-i-tours-a-mida","status":"publish","type":"page","link":"https:\/\/barcelonashoppingcity.com\/ca\/experiencies\/personal-shoppers-i-tours-a-mida\/","title":{"rendered":"Personal shoppers i tours a mida"},"content":{"rendered":"<p>Gaudiu del servei d\u2019un assistent personal que us aconsellar\u00e0 sobre les \u00faltimes tend\u00e8ncies i les que m\u00e9s s\u2019adapten a la vostra figura, gustos i necessitats. Escolliu el tipus de tour que m\u00e9s us escaigui per visitar showrooms exclusius i botigues \u00faniques.<\/p>\n","protected":false},"excerpt":{"rendered":"<p>Deixeu-vos assessorar pels professionals de tend\u00e8ncies per treure el millor partit a la vostra imatge.<\/p>\n","protected":false},"author":1,"featured_media":18310,"parent":17859,"menu_order":23,"comment_status":"closed","ping_status":"closed","template":"","meta":[],"acf":[],"yoast_head":"<!-- This site is optimized with the Yoast SEO plugin v20.11 - https:\/\/yoast.com\/wordpress\/plugins\/seo\/ -->\n<title>Personal shoppers i tours a mida | Barcelona Shopping City<\/title>\n<meta name=\"description\" content=\"Deixeu-vos assessorar pels professionals de tend\u00e8ncies per treure el millor partit a la vostra imatge.\" \/>\n<meta name=\"robots\" content=\"index, follow, max-snippet:-1, max-image-preview:large, max-video-preview:-1\" \/>\n<link rel=\"canonical\" href=\"https:\/\/barcelonashoppingcity.com\/ca\/experiencies\/personal-shoppers-i-tours-a-mida\/\" \/>\n<meta property=\"og:locale\" content=\"ca_ES\" \/>\n<meta property=\"og:type\" content=\"article\" \/>\n<meta property=\"og:title\" content=\"Personal shoppers i tours a mida | Barcelona Shopping City\" \/>\n<meta property=\"og:description\" content=\"Deixeu-vos assessorar pels professionals de tend\u00e8ncies per treure el millor partit a la vostra imatge.\" \/>\n<meta property=\"og:url\" content=\"https:\/\/barcelonashoppingcity.com\/ca\/experiencies\/personal-shoppers-i-tours-a-mida\/\" \/>\n<meta property=\"og:site_name\" content=\"Barcelona Shopping City\" \/>\n<meta property=\"article:modified_time\" content=\"2018-12-19T20:13:05+00:00\" \/>\n<meta property=\"og:image\" content=\"https:\/\/barcelonashoppingcity.com\/wp-content\/uploads\/2018\/11\/personal-shoppers.jpg\" \/>\n\t<meta property=\"og:image:width\" content=\"960\" \/>\n\t<meta property=\"og:image:height\" content=\"540\" \/>\n\t<meta property=\"og:image:type\" content=\"image\/jpeg\" \/>\n<meta name=\"twitter:card\" content=\"summary_large_image\" \/>\n<script type=\"application\/ld+json\" class=\"yoast-schema-graph\">{\"@context\":\"https:\/\/schema.org\",\"@graph\":[{\"@type\":\"WebPage\",\"@id\":\"https:\/\/barcelonashoppingcity.com\/ca\/experiencies\/personal-shoppers-i-tours-a-mida\/\",\"url\":\"https:\/\/barcelonashoppingcity.com\/ca\/experiencies\/personal-shoppers-i-tours-a-mida\/\",\"name\":\"Personal shoppers i tours a mida | Barcelona Shopping City\",\"isPartOf\":{\"@id\":\"https:\/\/barcelonashoppingcity.com\/ca\/#website\"},\"datePublished\":\"2018-11-27T11:08:47+00:00\",\"dateModified\":\"2018-12-19T20:13:05+00:00\",\"description\":\"Deixeu-vos assessorar pels professionals de tend\u00e8ncies per treure el millor partit a la vostra imatge.\",\"breadcrumb\":{\"@id\":\"https:\/\/barcelonashoppingcity.com\/ca\/experiencies\/personal-shoppers-i-tours-a-mida\/#breadcrumb\"},\"inLanguage\":\"ca\",\"potentialAction\":[{\"@type\":\"ReadAction\",\"target\":[\"https:\/\/barcelonashoppingcity.com\/ca\/experiencies\/personal-shoppers-i-tours-a-mida\/\"]}]},{\"@type\":\"BreadcrumbList\",\"@id\":\"https:\/\/barcelonashoppingcity.com\/ca\/experiencies\/personal-shoppers-i-tours-a-mida\/#breadcrumb\",\"itemListElement\":[{\"@type\":\"ListItem\",\"position\":1,\"name\":\"Portada\",\"item\":\"https:\/\/barcelonashoppingcity.com\/ca\/\"},{\"@type\":\"ListItem\",\"position\":2,\"name\":\"Experi\u00e8ncies\",\"item\":\"https:\/\/barcelonashoppingcity.com\/ca\/experiencias\/\"},{\"@type\":\"ListItem\",\"position\":3,\"name\":\"Personal shoppers i tours a mida\"}]},{\"@type\":\"WebSite\",\"@id\":\"https:\/\/barcelonashoppingcity.com\/ca\/#website\",\"url\":\"https:\/\/barcelonashoppingcity.com\/ca\/\",\"name\":\"Barcelona Shopping City\",\"description\":\"El programa Barcelona Shopping City de Turisme de Barcelona se encarga de promocionar y posicionar la ciudad de Barcelona como referente de compras internacional en el mundo.\",\"potentialAction\":[{\"@type\":\"SearchAction\",\"target\":{\"@type\":\"EntryPoint\",\"urlTemplate\":\"https:\/\/barcelonashoppingcity.com\/ca\/?s={search_term_string}\"},\"query-input\":\"required name=search_term_string\"}],\"inLanguage\":\"ca\"}]}<\/script>\n<!-- \/ Yoast SEO plugin. -->","yoast_head_json":{"title":"Personal shoppers i tours a mida | Barcelona Shopping City","description":"Deixeu-vos assessorar pels professionals de tend\u00e8ncies per treure el millor partit a la vostra imatge.","robots":{"index":"index","follow":"follow","max-snippet":"max-snippet:-1","max-image-preview":"max-image-preview:large","max-video-preview":"max-video-preview:-1"},"canonical":"https:\/\/barcelonashoppingcity.com\/ca\/experiencies\/personal-shoppers-i-tours-a-mida\/","og_locale":"ca_ES","og_type":"article","og_title":"Personal shoppers i tours a mida | Barcelona Shopping City","og_description":"Deixeu-vos assessorar pels professionals de tend\u00e8ncies per treure el millor partit a la vostra imatge.","og_url":"https:\/\/barcelonashoppingcity.com\/ca\/experiencies\/personal-shoppers-i-tours-a-mida\/","og_site_name":"Barcelona Shopping City","article_modified_time":"2018-12-19T20:13:05+00:00","og_image":[{"width":960,"height":540,"url":"https:\/\/barcelonashoppingcity.com\/wp-content\/uploads\/2018\/11\/personal-shoppers.jpg","type":"image\/jpeg"}],"twitter_card":"summary_large_image","schema":{"@context":"https:\/\/schema.org","@graph":[{"@type":"WebPage","@id":"https:\/\/barcelonashoppingcity.com\/ca\/experiencies\/personal-shoppers-i-tours-a-mida\/","url":"https:\/\/barcelonashoppingcity.com\/ca\/experiencies\/personal-shoppers-i-tours-a-mida\/","name":"Personal shoppers i tours a mida | Barcelona Shopping City","isPartOf":{"@id":"https:\/\/barcelonashoppingcity.com\/ca\/#website"},"datePublished":"2018-11-27T11:08:47+00:00","dateModified":"2018-12-19T20:13:05+00:00","description":"Deixeu-vos assessorar pels professionals de tend\u00e8ncies per treure el millor partit a la vostra imatge.","breadcrumb":{"@id":"https:\/\/barcelonashoppingcity.com\/ca\/experiencies\/personal-shoppers-i-tours-a-mida\/#breadcrumb"},"inLanguage":"ca","potentialAction":[{"@type":"ReadAction","target":["https:\/\/barcelonashoppingcity.com\/ca\/experiencies\/personal-shoppers-i-tours-a-mida\/"]}]},{"@type":"BreadcrumbList","@id":"https:\/\/barcelonashoppingcity.com\/ca\/experiencies\/personal-shoppers-i-tours-a-mida\/#breadcrumb","itemListElement":[{"@type":"ListItem","position":1,"name":"Portada","item":"https:\/\/barcelonashoppingcity.com\/ca\/"},{"@type":"ListItem","position":2,"name":"Experi\u00e8ncies","item":"https:\/\/barcelonashoppingcity.com\/ca\/experiencias\/"},{"@type":"ListItem","position":3,"name":"Personal shoppers i tours a mida"}]},{"@type":"WebSite","@id":"https:\/\/barcelonashoppingcity.com\/ca\/#website","url":"https:\/\/barcelonashoppingcity.com\/ca\/","name":"Barcelona Shopping City","description":"El programa Barcelona Shopping City de Turisme de Barcelona se encarga de promocionar y posicionar la ciudad de Barcelona como referente de compras internacional en el mundo.","potentialAction":[{"@type":"SearchAction","target":{"@type":"EntryPoint","urlTemplate":"https:\/\/barcelonashoppingcity.com\/ca\/?s={search_term_string}"},"query-input":"required name=search_term_string"}],"inLanguage":"ca"}]}},"_links":{"self":[{"href":"https:\/\/barcelonashoppingcity.com\/ca\/wp-json\/wp\/v2\/pages\/17862"}],"collection":[{"href":"https:\/\/barcelonashoppingcity.com\/ca\/wp-json\/wp\/v2\/pages"}],"about":[{"href":"https:\/\/barcelonashoppingcity.com\/ca\/wp-json\/wp\/v2\/types\/page"}],"author":[{"embeddable":true,"href":"https:\/\/barcelonashoppingcity.com\/ca\/wp-json\/wp\/v2\/users\/1"}],"replies":[{"embeddable":true,"href":"https:\/\/barcelonashoppingcity.com\/ca\/wp-json\/wp\/v2\/comments?post=17862"}],"version-history":[{"count":3,"href":"https:\/\/barcelonashoppingcity.com\/ca\/wp-json\/wp\/v2\/pages\/17862\/revisions"}],"predecessor-version":[{"id":18216,"href":"https:\/\/barcelonashoppingcity.com\/ca\/wp-json\/wp\/v2\/pages\/17862\/revisions\/18216"}],"up":[{"embeddable":true,"href":"https:\/\/barcelonashoppingcity.com\/ca\/wp-json\/wp\/v2\/pages\/17859"}],"wp:featuredmedia":[{"embeddable":true,"href":"https:\/\/barcelonashoppingcity.com\/ca\/wp-json\/wp\/v2\/media\/18310"}],"wp:attachment":[{"href":"https:\/\/barcelonashoppingcity.com\/ca\/wp-json\/wp\/v2\/media?parent=17862"}],"curies":[{"name":"wp","href":"https:\/\/api.w.org\/{rel}","templated":true}]}}