{"id":3916,"date":"2016-03-31T18:39:02","date_gmt":"2016-03-31T18:39:02","guid":{"rendered":"http:\/\/barcelonashoppingcity.com\/ca\/?page_id=3916"},"modified":"2018-01-22T16:46:07","modified_gmt":"2018-01-22T16:46:07","slug":"barcelona-shopping-line","status":"publish","type":"page","link":"https:\/\/barcelonashoppingcity.com\/ca\/barcelona-shopping-line\/","title":{"rendered":"Barcelona Shopping Line"},"content":{"rendered":"<p>\u00c9s l\u2019eix comercial tur\u00edstic per excel\u00b7l\u00e8ncia de la ciutat, que uneix 5 km d\u2019\u00e0rees comercials amb botigues de firmes nacionals i internacionals, singulars, centen\u00e0ries, sorprenents i amb les \u00faltimes tend\u00e8ncies, aix\u00ed com centres comercials i altres establiments de refer\u00e8ncia.<\/p>\n","protected":false},"excerpt":{"rendered":"<p>\u00c9s l\u2019eix comercial tur\u00edstic per excel\u00b7l\u00e8ncia de la ciutat, que uneix 5 km d\u2019\u00e0rees comercials amb botigues de firmes nacionals i internacionals, singulars, centen\u00e0ries, sorprenents i amb les \u00faltimes tend\u00e8ncies, aix\u00ed com centres comercials i altres establiments de refer\u00e8ncia.<\/p>\n","protected":false},"author":1,"featured_media":0,"parent":0,"menu_order":16,"comment_status":"closed","ping_status":"closed","template":"","meta":[],"acf":[],"yoast_head":"<!-- This site is optimized with the Yoast SEO plugin v20.11 - https:\/\/yoast.com\/wordpress\/plugins\/seo\/ -->\n<title>Barcelona Shopping Line | Barcelona Shopping City<\/title>\n<meta name=\"robots\" content=\"index, follow, max-snippet:-1, max-image-preview:large, max-video-preview:-1\" \/>\n<link rel=\"canonical\" href=\"https:\/\/barcelonashoppingcity.com\/ca\/barcelona-shopping-line\/\" \/>\n<meta property=\"og:locale\" content=\"ca_ES\" \/>\n<meta property=\"og:type\" content=\"article\" \/>\n<meta property=\"og:title\" content=\"Barcelona Shopping Line | Barcelona Shopping City\" \/>\n<meta property=\"og:url\" content=\"https:\/\/barcelonashoppingcity.com\/ca\/barcelona-shopping-line\/\" \/>\n<meta property=\"og:site_name\" content=\"Barcelona Shopping City\" \/>\n<meta property=\"article:modified_time\" content=\"2018-01-22T16:46:07+00:00\" \/>\n<meta name=\"twitter:card\" content=\"summary_large_image\" \/>\n<script type=\"application\/ld+json\" class=\"yoast-schema-graph\">{\"@context\":\"https:\/\/schema.org\",\"@graph\":[{\"@type\":\"WebPage\",\"@id\":\"https:\/\/barcelonashoppingcity.com\/ca\/barcelona-shopping-line\/\",\"url\":\"https:\/\/barcelonashoppingcity.com\/ca\/barcelona-shopping-line\/\",\"name\":\"Barcelona Shopping Line | Barcelona Shopping City\",\"isPartOf\":{\"@id\":\"https:\/\/barcelonashoppingcity.com\/ca\/#website\"},\"datePublished\":\"2016-03-31T18:39:02+00:00\",\"dateModified\":\"2018-01-22T16:46:07+00:00\",\"breadcrumb\":{\"@id\":\"https:\/\/barcelonashoppingcity.com\/ca\/barcelona-shopping-line\/#breadcrumb\"},\"inLanguage\":\"ca\",\"potentialAction\":[{\"@type\":\"ReadAction\",\"target\":[\"https:\/\/barcelonashoppingcity.com\/ca\/barcelona-shopping-line\/\"]}]},{\"@type\":\"BreadcrumbList\",\"@id\":\"https:\/\/barcelonashoppingcity.com\/ca\/barcelona-shopping-line\/#breadcrumb\",\"itemListElement\":[{\"@type\":\"ListItem\",\"position\":1,\"name\":\"Portada\",\"item\":\"https:\/\/barcelonashoppingcity.com\/ca\/\"},{\"@type\":\"ListItem\",\"position\":2,\"name\":\"Barcelona Shopping Line\"}]},{\"@type\":\"WebSite\",\"@id\":\"https:\/\/barcelonashoppingcity.com\/ca\/#website\",\"url\":\"https:\/\/barcelonashoppingcity.com\/ca\/\",\"name\":\"Barcelona Shopping City\",\"description\":\"El programa Barcelona Shopping City de Turisme de Barcelona se encarga de promocionar y posicionar la ciudad de Barcelona como referente de compras internacional en el mundo.\",\"potentialAction\":[{\"@type\":\"SearchAction\",\"target\":{\"@type\":\"EntryPoint\",\"urlTemplate\":\"https:\/\/barcelonashoppingcity.com\/ca\/?s={search_term_string}\"},\"query-input\":\"required name=search_term_string\"}],\"inLanguage\":\"ca\"}]}<\/script>\n<!-- \/ Yoast SEO plugin. -->","yoast_head_json":{"title":"Barcelona Shopping Line | Barcelona Shopping City","robots":{"index":"index","follow":"follow","max-snippet":"max-snippet:-1","max-image-preview":"max-image-preview:large","max-video-preview":"max-video-preview:-1"},"canonical":"https:\/\/barcelonashoppingcity.com\/ca\/barcelona-shopping-line\/","og_locale":"ca_ES","og_type":"article","og_title":"Barcelona Shopping Line | Barcelona Shopping City","og_url":"https:\/\/barcelonashoppingcity.com\/ca\/barcelona-shopping-line\/","og_site_name":"Barcelona Shopping City","article_modified_time":"2018-01-22T16:46:07+00:00","twitter_card":"summary_large_image","schema":{"@context":"https:\/\/schema.org","@graph":[{"@type":"WebPage","@id":"https:\/\/barcelonashoppingcity.com\/ca\/barcelona-shopping-line\/","url":"https:\/\/barcelonashoppingcity.com\/ca\/barcelona-shopping-line\/","name":"Barcelona Shopping Line | Barcelona Shopping City","isPartOf":{"@id":"https:\/\/barcelonashoppingcity.com\/ca\/#website"},"datePublished":"2016-03-31T18:39:02+00:00","dateModified":"2018-01-22T16:46:07+00:00","breadcrumb":{"@id":"https:\/\/barcelonashoppingcity.com\/ca\/barcelona-shopping-line\/#breadcrumb"},"inLanguage":"ca","potentialAction":[{"@type":"ReadAction","target":["https:\/\/barcelonashoppingcity.com\/ca\/barcelona-shopping-line\/"]}]},{"@type":"BreadcrumbList","@id":"https:\/\/barcelonashoppingcity.com\/ca\/barcelona-shopping-line\/#breadcrumb","itemListElement":[{"@type":"ListItem","position":1,"name":"Portada","item":"https:\/\/barcelonashoppingcity.com\/ca\/"},{"@type":"ListItem","position":2,"name":"Barcelona Shopping Line"}]},{"@type":"WebSite","@id":"https:\/\/barcelonashoppingcity.com\/ca\/#website","url":"https:\/\/barcelonashoppingcity.com\/ca\/","name":"Barcelona Shopping City","description":"El programa Barcelona Shopping City de Turisme de Barcelona se encarga de promocionar y posicionar la ciudad de Barcelona como referente de compras internacional en el mundo.","potentialAction":[{"@type":"SearchAction","target":{"@type":"EntryPoint","urlTemplate":"https:\/\/barcelonashoppingcity.com\/ca\/?s={search_term_string}"},"query-input":"required name=search_term_string"}],"inLanguage":"ca"}]}},"_links":{"self":[{"href":"https:\/\/barcelonashoppingcity.com\/ca\/wp-json\/wp\/v2\/pages\/3916"}],"collection":[{"href":"https:\/\/barcelonashoppingcity.com\/ca\/wp-json\/wp\/v2\/pages"}],"about":[{"href":"https:\/\/barcelonashoppingcity.com\/ca\/wp-json\/wp\/v2\/types\/page"}],"author":[{"embeddable":true,"href":"https:\/\/barcelonashoppingcity.com\/ca\/wp-json\/wp\/v2\/users\/1"}],"replies":[{"embeddable":true,"href":"https:\/\/barcelonashoppingcity.com\/ca\/wp-json\/wp\/v2\/comments?post=3916"}],"version-history":[{"count":9,"href":"https:\/\/barcelonashoppingcity.com\/ca\/wp-json\/wp\/v2\/pages\/3916\/revisions"}],"predecessor-version":[{"id":13441,"href":"https:\/\/barcelonashoppingcity.com\/ca\/wp-json\/wp\/v2\/pages\/3916\/revisions\/13441"}],"wp:attachment":[{"href":"https:\/\/barcelonashoppingcity.com\/ca\/wp-json\/wp\/v2\/media?parent=3916"}],"curies":[{"name":"wp","href":"https:\/\/api.w.org\/{rel}","templated":true}]}}