{"id":3975,"date":"2016-04-01T16:19:11","date_gmt":"2016-04-01T16:19:11","guid":{"rendered":"http:\/\/barcelonashoppingcity.com\/ca\/?page_id=3975"},"modified":"2017-12-11T10:16:44","modified_gmt":"2017-12-11T10:16:44","slug":"grans-magatzems","status":"publish","type":"page","link":"https:\/\/barcelonashoppingcity.com\/ca\/botigues\/grans-magatzems\/","title":{"rendered":"Grans magatzems"},"content":{"rendered":"<p><strong>En els seus 75 anys d&#8217;hist\u00f2ria, El Corte Ingl\u00e9s s&#8217;ha consolidat com el major grup de distribuci\u00f3 a Espanya i Portugal, refor\u00e7ant en els \u00faltims anys el seu comprom\u00eds amb el client internacional i la promoci\u00f3 del &#8216;shopping&#8217;, amb una oferta que inclou les m\u00e9s conegudes i prestigioses firmes nacionals i internacionals en una \u00fanica destinaci\u00f3.<\/strong><\/p>\n<p>Fidel a la seva vocaci\u00f3 d&#8217;atenci\u00f3 especialitzada, aquests grans magatzems disposen de serveis exclusius per a clients internacionals, que reben en els Punts d&#8217;Informaci\u00f3 al Turista diverses cortesies exclusives For Shopping Lovers, entre les quals destaquen un 10% de regal en les compres, aix\u00ed com un servei de tr\u00e0mit de devoluci\u00f3 d&#8217;impostos. S&#8217;ofereixen altres facilitats, com l&#8217;acceptaci\u00f3 de pagaments en targetes de cr\u00e8dit estrangeres, canvi de moneda, acompanyament i assist\u00e8ncia multiling\u00fces, personal shopper, handsfre shopping&#8230; tot un seguit de serveis especials perqu\u00e8 els clients se sentin com a casa.<\/p>\n","protected":false},"excerpt":{"rendered":"<p>En els seus 75 anys d&#8217;hist\u00f2ria, El Corte Ingl\u00e9s s&#8217;ha consolidat com el major grup de distribuci\u00f3 a Espanya i Portugal, refor\u00e7ant en els \u00faltims anys el seu comprom\u00eds amb el client internacional i la promoci\u00f3 del &#8216;shopping&#8217;, amb una oferta que inclou les m\u00e9s conegudes i prestigioses firmes nacionals i internacionals en una \u00fanica [&hellip;]<\/p>\n","protected":false},"author":1,"featured_media":14137,"parent":827,"menu_order":13,"comment_status":"closed","ping_status":"closed","template":"","meta":[],"acf":[],"yoast_head":"<!-- This site is optimized with the Yoast SEO plugin v20.11 - https:\/\/yoast.com\/wordpress\/plugins\/seo\/ -->\n<title>Grans magatzems | Barcelona Shopping City<\/title>\n<meta name=\"robots\" content=\"index, follow, max-snippet:-1, max-image-preview:large, max-video-preview:-1\" \/>\n<link rel=\"canonical\" href=\"https:\/\/barcelonashoppingcity.com\/ca\/botigues\/grans-magatzems\/\" \/>\n<meta property=\"og:locale\" content=\"ca_ES\" \/>\n<meta property=\"og:type\" content=\"article\" \/>\n<meta property=\"og:title\" content=\"Grans magatzems | Barcelona Shopping City\" \/>\n<meta property=\"og:url\" content=\"https:\/\/barcelonashoppingcity.com\/ca\/botigues\/grans-magatzems\/\" \/>\n<meta property=\"og:site_name\" content=\"Barcelona Shopping City\" \/>\n<meta property=\"article:modified_time\" content=\"2017-12-11T10:16:44+00:00\" \/>\n<meta property=\"og:image\" content=\"https:\/\/barcelonashoppingcity.com\/wp-content\/uploads\/2016\/04\/grandes-almacenes-barcelona-shopping-city.jpg\" \/>\n\t<meta property=\"og:image:width\" content=\"1080\" \/>\n\t<meta property=\"og:image:height\" content=\"546\" \/>\n\t<meta property=\"og:image:type\" content=\"image\/jpeg\" \/>\n<meta name=\"twitter:card\" content=\"summary_large_image\" \/>\n<meta name=\"twitter:label1\" content=\"Temps estimat de lectura\" \/>\n\t<meta name=\"twitter:data1\" content=\"1 minut\" \/>\n<script type=\"application\/ld+json\" class=\"yoast-schema-graph\">{\"@context\":\"https:\/\/schema.org\",\"@graph\":[{\"@type\":\"WebPage\",\"@id\":\"https:\/\/barcelonashoppingcity.com\/ca\/botigues\/grans-magatzems\/\",\"url\":\"https:\/\/barcelonashoppingcity.com\/ca\/botigues\/grans-magatzems\/\",\"name\":\"Grans magatzems | Barcelona Shopping City\",\"isPartOf\":{\"@id\":\"https:\/\/barcelonashoppingcity.com\/ca\/#website\"},\"datePublished\":\"2016-04-01T16:19:11+00:00\",\"dateModified\":\"2017-12-11T10:16:44+00:00\",\"breadcrumb\":{\"@id\":\"https:\/\/barcelonashoppingcity.com\/ca\/botigues\/grans-magatzems\/#breadcrumb\"},\"inLanguage\":\"ca\",\"potentialAction\":[{\"@type\":\"ReadAction\",\"target\":[\"https:\/\/barcelonashoppingcity.com\/ca\/botigues\/grans-magatzems\/\"]}]},{\"@type\":\"BreadcrumbList\",\"@id\":\"https:\/\/barcelonashoppingcity.com\/ca\/botigues\/grans-magatzems\/#breadcrumb\",\"itemListElement\":[{\"@type\":\"ListItem\",\"position\":1,\"name\":\"Portada\",\"item\":\"https:\/\/barcelonashoppingcity.com\/ca\/\"},{\"@type\":\"ListItem\",\"position\":2,\"name\":\"Botigues\",\"item\":\"https:\/\/barcelonashoppingcity.com\/ca\/tiendas\/\"},{\"@type\":\"ListItem\",\"position\":3,\"name\":\"Grans magatzems\"}]},{\"@type\":\"WebSite\",\"@id\":\"https:\/\/barcelonashoppingcity.com\/ca\/#website\",\"url\":\"https:\/\/barcelonashoppingcity.com\/ca\/\",\"name\":\"Barcelona Shopping City\",\"description\":\"El programa Barcelona Shopping City de Turisme de Barcelona se encarga de promocionar y posicionar la ciudad de Barcelona como referente de compras internacional en el mundo.\",\"potentialAction\":[{\"@type\":\"SearchAction\",\"target\":{\"@type\":\"EntryPoint\",\"urlTemplate\":\"https:\/\/barcelonashoppingcity.com\/ca\/?s={search_term_string}\"},\"query-input\":\"required name=search_term_string\"}],\"inLanguage\":\"ca\"}]}<\/script>\n<!-- \/ Yoast SEO plugin. -->","yoast_head_json":{"title":"Grans magatzems | Barcelona Shopping City","robots":{"index":"index","follow":"follow","max-snippet":"max-snippet:-1","max-image-preview":"max-image-preview:large","max-video-preview":"max-video-preview:-1"},"canonical":"https:\/\/barcelonashoppingcity.com\/ca\/botigues\/grans-magatzems\/","og_locale":"ca_ES","og_type":"article","og_title":"Grans magatzems | Barcelona Shopping City","og_url":"https:\/\/barcelonashoppingcity.com\/ca\/botigues\/grans-magatzems\/","og_site_name":"Barcelona Shopping City","article_modified_time":"2017-12-11T10:16:44+00:00","og_image":[{"width":1080,"height":546,"url":"https:\/\/barcelonashoppingcity.com\/wp-content\/uploads\/2016\/04\/grandes-almacenes-barcelona-shopping-city.jpg","type":"image\/jpeg"}],"twitter_card":"summary_large_image","twitter_misc":{"Temps estimat de lectura":"1 minut"},"schema":{"@context":"https:\/\/schema.org","@graph":[{"@type":"WebPage","@id":"https:\/\/barcelonashoppingcity.com\/ca\/botigues\/grans-magatzems\/","url":"https:\/\/barcelonashoppingcity.com\/ca\/botigues\/grans-magatzems\/","name":"Grans magatzems | Barcelona Shopping City","isPartOf":{"@id":"https:\/\/barcelonashoppingcity.com\/ca\/#website"},"datePublished":"2016-04-01T16:19:11+00:00","dateModified":"2017-12-11T10:16:44+00:00","breadcrumb":{"@id":"https:\/\/barcelonashoppingcity.com\/ca\/botigues\/grans-magatzems\/#breadcrumb"},"inLanguage":"ca","potentialAction":[{"@type":"ReadAction","target":["https:\/\/barcelonashoppingcity.com\/ca\/botigues\/grans-magatzems\/"]}]},{"@type":"BreadcrumbList","@id":"https:\/\/barcelonashoppingcity.com\/ca\/botigues\/grans-magatzems\/#breadcrumb","itemListElement":[{"@type":"ListItem","position":1,"name":"Portada","item":"https:\/\/barcelonashoppingcity.com\/ca\/"},{"@type":"ListItem","position":2,"name":"Botigues","item":"https:\/\/barcelonashoppingcity.com\/ca\/tiendas\/"},{"@type":"ListItem","position":3,"name":"Grans magatzems"}]},{"@type":"WebSite","@id":"https:\/\/barcelonashoppingcity.com\/ca\/#website","url":"https:\/\/barcelonashoppingcity.com\/ca\/","name":"Barcelona Shopping City","description":"El programa Barcelona Shopping City de Turisme de Barcelona se encarga de promocionar y posicionar la ciudad de Barcelona como referente de compras internacional en el mundo.","potentialAction":[{"@type":"SearchAction","target":{"@type":"EntryPoint","urlTemplate":"https:\/\/barcelonashoppingcity.com\/ca\/?s={search_term_string}"},"query-input":"required name=search_term_string"}],"inLanguage":"ca"}]}},"_links":{"self":[{"href":"https:\/\/barcelonashoppingcity.com\/ca\/wp-json\/wp\/v2\/pages\/3975"}],"collection":[{"href":"https:\/\/barcelonashoppingcity.com\/ca\/wp-json\/wp\/v2\/pages"}],"about":[{"href":"https:\/\/barcelonashoppingcity.com\/ca\/wp-json\/wp\/v2\/types\/page"}],"author":[{"embeddable":true,"href":"https:\/\/barcelonashoppingcity.com\/ca\/wp-json\/wp\/v2\/users\/1"}],"replies":[{"embeddable":true,"href":"https:\/\/barcelonashoppingcity.com\/ca\/wp-json\/wp\/v2\/comments?post=3975"}],"version-history":[{"count":5,"href":"https:\/\/barcelonashoppingcity.com\/ca\/wp-json\/wp\/v2\/pages\/3975\/revisions"}],"predecessor-version":[{"id":13718,"href":"https:\/\/barcelonashoppingcity.com\/ca\/wp-json\/wp\/v2\/pages\/3975\/revisions\/13718"}],"up":[{"embeddable":true,"href":"https:\/\/barcelonashoppingcity.com\/ca\/wp-json\/wp\/v2\/pages\/827"}],"wp:featuredmedia":[{"embeddable":true,"href":"https:\/\/barcelonashoppingcity.com\/ca\/wp-json\/wp\/v2\/media\/14137"}],"wp:attachment":[{"href":"https:\/\/barcelonashoppingcity.com\/ca\/wp-json\/wp\/v2\/media?parent=3975"}],"curies":[{"name":"wp","href":"https:\/\/api.w.org\/{rel}","templated":true}]}}