{"id":5309,"date":"2016-05-24T11:46:36","date_gmt":"2016-05-24T11:46:36","guid":{"rendered":"http:\/\/barcelonashoppingcity.com\/ca\/barcelona-shopping-line\/todas-las-tiendas\/"},"modified":"2016-05-24T14:29:00","modified_gmt":"2016-05-24T14:29:00","slug":"totes-les-botigues","status":"publish","type":"page","link":"https:\/\/barcelonashoppingcity.com\/ca\/botigues\/totes-les-botigues\/","title":{"rendered":"Totes"},"content":{"rendered":"<p>El Barcelona Shopping Line ofereix el m\u00e9s gran eix comercial a l\u2019aire lliure de tot Europa. Tot un cat\u00e0leg d\u2019imaginaci\u00f3 i creativitat desplegat al llarg de 5 km que converteixen la ciutat en un gran aparador obert al m\u00f3n, on el comer\u00e7 no \u00e9s l\u2019\u00fanic protagonista: l\u2019entorn arquitect\u00f2nic i cultural fa que aquest eix sigui \u00fanic.<\/p>\n","protected":false},"excerpt":{"rendered":"<p>El Barcelona Shopping Line ofereix el m\u00e9s gran eix comercial a l\u2019aire lliure de tot Europa. Tot un cat\u00e0leg d\u2019imaginaci\u00f3 i creativitat desplegat al llarg de 5 km que converteixen la ciutat en un gran aparador obert al m\u00f3n, on el comer\u00e7 no \u00e9s l\u2019\u00fanic protagonista: l\u2019entorn arquitect\u00f2nic i cultural fa que aquest eix sigui [&hellip;]<\/p>\n","protected":false},"author":1,"featured_media":14146,"parent":827,"menu_order":15,"comment_status":"closed","ping_status":"closed","template":"","meta":[],"acf":[],"yoast_head":"<!-- This site is optimized with the Yoast SEO plugin v20.11 - https:\/\/yoast.com\/wordpress\/plugins\/seo\/ -->\n<title>Totes | Barcelona Shopping City<\/title>\n<meta name=\"robots\" content=\"index, follow, max-snippet:-1, max-image-preview:large, max-video-preview:-1\" \/>\n<link rel=\"canonical\" href=\"https:\/\/barcelonashoppingcity.com\/ca\/botigues\/totes-les-botigues\/\" \/>\n<meta property=\"og:locale\" content=\"ca_ES\" \/>\n<meta property=\"og:type\" content=\"article\" \/>\n<meta property=\"og:title\" content=\"Totes | Barcelona Shopping City\" \/>\n<meta property=\"og:url\" content=\"https:\/\/barcelonashoppingcity.com\/ca\/botigues\/totes-les-botigues\/\" \/>\n<meta property=\"og:site_name\" content=\"Barcelona Shopping City\" \/>\n<meta property=\"article:modified_time\" content=\"2016-05-24T14:29:00+00:00\" \/>\n<meta property=\"og:image\" content=\"https:\/\/barcelonashoppingcity.com\/wp-content\/uploads\/2016\/05\/todas-barcelona-shopping-city.jpg\" \/>\n\t<meta property=\"og:image:width\" content=\"1080\" \/>\n\t<meta property=\"og:image:height\" content=\"546\" \/>\n\t<meta property=\"og:image:type\" content=\"image\/jpeg\" \/>\n<meta name=\"twitter:card\" content=\"summary_large_image\" \/>\n<script type=\"application\/ld+json\" class=\"yoast-schema-graph\">{\"@context\":\"https:\/\/schema.org\",\"@graph\":[{\"@type\":\"WebPage\",\"@id\":\"https:\/\/barcelonashoppingcity.com\/ca\/botigues\/totes-les-botigues\/\",\"url\":\"https:\/\/barcelonashoppingcity.com\/ca\/botigues\/totes-les-botigues\/\",\"name\":\"Totes | Barcelona Shopping City\",\"isPartOf\":{\"@id\":\"https:\/\/barcelonashoppingcity.com\/ca\/#website\"},\"datePublished\":\"2016-05-24T11:46:36+00:00\",\"dateModified\":\"2016-05-24T14:29:00+00:00\",\"breadcrumb\":{\"@id\":\"https:\/\/barcelonashoppingcity.com\/ca\/botigues\/totes-les-botigues\/#breadcrumb\"},\"inLanguage\":\"ca\",\"potentialAction\":[{\"@type\":\"ReadAction\",\"target\":[\"https:\/\/barcelonashoppingcity.com\/ca\/botigues\/totes-les-botigues\/\"]}]},{\"@type\":\"BreadcrumbList\",\"@id\":\"https:\/\/barcelonashoppingcity.com\/ca\/botigues\/totes-les-botigues\/#breadcrumb\",\"itemListElement\":[{\"@type\":\"ListItem\",\"position\":1,\"name\":\"Portada\",\"item\":\"https:\/\/barcelonashoppingcity.com\/ca\/\"},{\"@type\":\"ListItem\",\"position\":2,\"name\":\"Botigues\",\"item\":\"https:\/\/barcelonashoppingcity.com\/ca\/tiendas\/\"},{\"@type\":\"ListItem\",\"position\":3,\"name\":\"Totes\"}]},{\"@type\":\"WebSite\",\"@id\":\"https:\/\/barcelonashoppingcity.com\/ca\/#website\",\"url\":\"https:\/\/barcelonashoppingcity.com\/ca\/\",\"name\":\"Barcelona Shopping City\",\"description\":\"El programa Barcelona Shopping City de Turisme de Barcelona se encarga de promocionar y posicionar la ciudad de Barcelona como referente de compras internacional en el mundo.\",\"potentialAction\":[{\"@type\":\"SearchAction\",\"target\":{\"@type\":\"EntryPoint\",\"urlTemplate\":\"https:\/\/barcelonashoppingcity.com\/ca\/?s={search_term_string}\"},\"query-input\":\"required name=search_term_string\"}],\"inLanguage\":\"ca\"}]}<\/script>\n<!-- \/ Yoast SEO plugin. -->","yoast_head_json":{"title":"Totes | Barcelona Shopping City","robots":{"index":"index","follow":"follow","max-snippet":"max-snippet:-1","max-image-preview":"max-image-preview:large","max-video-preview":"max-video-preview:-1"},"canonical":"https:\/\/barcelonashoppingcity.com\/ca\/botigues\/totes-les-botigues\/","og_locale":"ca_ES","og_type":"article","og_title":"Totes | Barcelona Shopping City","og_url":"https:\/\/barcelonashoppingcity.com\/ca\/botigues\/totes-les-botigues\/","og_site_name":"Barcelona Shopping City","article_modified_time":"2016-05-24T14:29:00+00:00","og_image":[{"width":1080,"height":546,"url":"https:\/\/barcelonashoppingcity.com\/wp-content\/uploads\/2016\/05\/todas-barcelona-shopping-city.jpg","type":"image\/jpeg"}],"twitter_card":"summary_large_image","schema":{"@context":"https:\/\/schema.org","@graph":[{"@type":"WebPage","@id":"https:\/\/barcelonashoppingcity.com\/ca\/botigues\/totes-les-botigues\/","url":"https:\/\/barcelonashoppingcity.com\/ca\/botigues\/totes-les-botigues\/","name":"Totes | Barcelona Shopping City","isPartOf":{"@id":"https:\/\/barcelonashoppingcity.com\/ca\/#website"},"datePublished":"2016-05-24T11:46:36+00:00","dateModified":"2016-05-24T14:29:00+00:00","breadcrumb":{"@id":"https:\/\/barcelonashoppingcity.com\/ca\/botigues\/totes-les-botigues\/#breadcrumb"},"inLanguage":"ca","potentialAction":[{"@type":"ReadAction","target":["https:\/\/barcelonashoppingcity.com\/ca\/botigues\/totes-les-botigues\/"]}]},{"@type":"BreadcrumbList","@id":"https:\/\/barcelonashoppingcity.com\/ca\/botigues\/totes-les-botigues\/#breadcrumb","itemListElement":[{"@type":"ListItem","position":1,"name":"Portada","item":"https:\/\/barcelonashoppingcity.com\/ca\/"},{"@type":"ListItem","position":2,"name":"Botigues","item":"https:\/\/barcelonashoppingcity.com\/ca\/tiendas\/"},{"@type":"ListItem","position":3,"name":"Totes"}]},{"@type":"WebSite","@id":"https:\/\/barcelonashoppingcity.com\/ca\/#website","url":"https:\/\/barcelonashoppingcity.com\/ca\/","name":"Barcelona Shopping City","description":"El programa Barcelona Shopping City de Turisme de Barcelona se encarga de promocionar y posicionar la ciudad de Barcelona como referente de compras internacional en el mundo.","potentialAction":[{"@type":"SearchAction","target":{"@type":"EntryPoint","urlTemplate":"https:\/\/barcelonashoppingcity.com\/ca\/?s={search_term_string}"},"query-input":"required name=search_term_string"}],"inLanguage":"ca"}]}},"_links":{"self":[{"href":"https:\/\/barcelonashoppingcity.com\/ca\/wp-json\/wp\/v2\/pages\/5309"}],"collection":[{"href":"https:\/\/barcelonashoppingcity.com\/ca\/wp-json\/wp\/v2\/pages"}],"about":[{"href":"https:\/\/barcelonashoppingcity.com\/ca\/wp-json\/wp\/v2\/types\/page"}],"author":[{"embeddable":true,"href":"https:\/\/barcelonashoppingcity.com\/ca\/wp-json\/wp\/v2\/users\/1"}],"replies":[{"embeddable":true,"href":"https:\/\/barcelonashoppingcity.com\/ca\/wp-json\/wp\/v2\/comments?post=5309"}],"version-history":[{"count":1,"href":"https:\/\/barcelonashoppingcity.com\/ca\/wp-json\/wp\/v2\/pages\/5309\/revisions"}],"predecessor-version":[{"id":5310,"href":"https:\/\/barcelonashoppingcity.com\/ca\/wp-json\/wp\/v2\/pages\/5309\/revisions\/5310"}],"up":[{"embeddable":true,"href":"https:\/\/barcelonashoppingcity.com\/ca\/wp-json\/wp\/v2\/pages\/827"}],"wp:featuredmedia":[{"embeddable":true,"href":"https:\/\/barcelonashoppingcity.com\/ca\/wp-json\/wp\/v2\/media\/14146"}],"wp:attachment":[{"href":"https:\/\/barcelonashoppingcity.com\/ca\/wp-json\/wp\/v2\/media?parent=5309"}],"curies":[{"name":"wp","href":"https:\/\/api.w.org\/{rel}","templated":true}]}}