{"id":810,"date":"2015-08-20T16:19:54","date_gmt":"2015-08-20T16:19:54","guid":{"rendered":"http:\/\/barcelonashoppingcity.com\/ca\/?page_id=810"},"modified":"2018-01-22T17:00:49","modified_gmt":"2018-01-22T17:00:49","slug":"planols","status":"publish","type":"page","link":"https:\/\/barcelonashoppingcity.com\/ca\/planols\/","title":{"rendered":"Pl\u00e0nols"},"content":{"rendered":"<p>Consulta aqu\u00ed els pl\u00e0nols de les zones del Barcelona Shopping City<\/p>\n","protected":false},"excerpt":{"rendered":"<p>Consulta aqu\u00ed els pl\u00e0nols de les zones del Barcelona Shopping City<\/p>\n","protected":false},"author":1,"featured_media":0,"parent":0,"menu_order":1,"comment_status":"open","ping_status":"open","template":"","meta":[],"acf":[],"yoast_head":"<!-- This site is optimized with the Yoast SEO plugin v20.11 - https:\/\/yoast.com\/wordpress\/plugins\/seo\/ -->\n<title>Pl\u00e0nols | Barcelona Shopping City<\/title>\n<meta name=\"robots\" content=\"index, follow, max-snippet:-1, max-image-preview:large, max-video-preview:-1\" \/>\n<link rel=\"canonical\" href=\"https:\/\/barcelonashoppingcity.com\/ca\/planols\/\" \/>\n<meta property=\"og:locale\" content=\"ca_ES\" \/>\n<meta property=\"og:type\" content=\"article\" \/>\n<meta property=\"og:title\" content=\"Pl\u00e0nols | Barcelona Shopping City\" \/>\n<meta property=\"og:url\" content=\"https:\/\/barcelonashoppingcity.com\/ca\/planols\/\" \/>\n<meta property=\"og:site_name\" content=\"Barcelona Shopping City\" \/>\n<meta property=\"article:modified_time\" content=\"2018-01-22T17:00:49+00:00\" \/>\n<meta name=\"twitter:card\" content=\"summary_large_image\" \/>\n<script type=\"application\/ld+json\" class=\"yoast-schema-graph\">{\"@context\":\"https:\/\/schema.org\",\"@graph\":[{\"@type\":\"WebPage\",\"@id\":\"https:\/\/barcelonashoppingcity.com\/ca\/planols\/\",\"url\":\"https:\/\/barcelonashoppingcity.com\/ca\/planols\/\",\"name\":\"Pl\u00e0nols | Barcelona Shopping City\",\"isPartOf\":{\"@id\":\"https:\/\/barcelonashoppingcity.com\/ca\/#website\"},\"datePublished\":\"2015-08-20T16:19:54+00:00\",\"dateModified\":\"2018-01-22T17:00:49+00:00\",\"breadcrumb\":{\"@id\":\"https:\/\/barcelonashoppingcity.com\/ca\/planols\/#breadcrumb\"},\"inLanguage\":\"ca\",\"potentialAction\":[{\"@type\":\"ReadAction\",\"target\":[\"https:\/\/barcelonashoppingcity.com\/ca\/planols\/\"]}]},{\"@type\":\"BreadcrumbList\",\"@id\":\"https:\/\/barcelonashoppingcity.com\/ca\/planols\/#breadcrumb\",\"itemListElement\":[{\"@type\":\"ListItem\",\"position\":1,\"name\":\"Portada\",\"item\":\"https:\/\/barcelonashoppingcity.com\/ca\/\"},{\"@type\":\"ListItem\",\"position\":2,\"name\":\"Pl\u00e0nols\"}]},{\"@type\":\"WebSite\",\"@id\":\"https:\/\/barcelonashoppingcity.com\/ca\/#website\",\"url\":\"https:\/\/barcelonashoppingcity.com\/ca\/\",\"name\":\"Barcelona Shopping City\",\"description\":\"El programa Barcelona Shopping City de Turisme de Barcelona se encarga de promocionar y posicionar la ciudad de Barcelona como referente de compras internacional en el mundo.\",\"potentialAction\":[{\"@type\":\"SearchAction\",\"target\":{\"@type\":\"EntryPoint\",\"urlTemplate\":\"https:\/\/barcelonashoppingcity.com\/ca\/?s={search_term_string}\"},\"query-input\":\"required name=search_term_string\"}],\"inLanguage\":\"ca\"}]}<\/script>\n<!-- \/ Yoast SEO plugin. -->","yoast_head_json":{"title":"Pl\u00e0nols | Barcelona Shopping City","robots":{"index":"index","follow":"follow","max-snippet":"max-snippet:-1","max-image-preview":"max-image-preview:large","max-video-preview":"max-video-preview:-1"},"canonical":"https:\/\/barcelonashoppingcity.com\/ca\/planols\/","og_locale":"ca_ES","og_type":"article","og_title":"Pl\u00e0nols | Barcelona Shopping City","og_url":"https:\/\/barcelonashoppingcity.com\/ca\/planols\/","og_site_name":"Barcelona Shopping City","article_modified_time":"2018-01-22T17:00:49+00:00","twitter_card":"summary_large_image","schema":{"@context":"https:\/\/schema.org","@graph":[{"@type":"WebPage","@id":"https:\/\/barcelonashoppingcity.com\/ca\/planols\/","url":"https:\/\/barcelonashoppingcity.com\/ca\/planols\/","name":"Pl\u00e0nols | Barcelona Shopping City","isPartOf":{"@id":"https:\/\/barcelonashoppingcity.com\/ca\/#website"},"datePublished":"2015-08-20T16:19:54+00:00","dateModified":"2018-01-22T17:00:49+00:00","breadcrumb":{"@id":"https:\/\/barcelonashoppingcity.com\/ca\/planols\/#breadcrumb"},"inLanguage":"ca","potentialAction":[{"@type":"ReadAction","target":["https:\/\/barcelonashoppingcity.com\/ca\/planols\/"]}]},{"@type":"BreadcrumbList","@id":"https:\/\/barcelonashoppingcity.com\/ca\/planols\/#breadcrumb","itemListElement":[{"@type":"ListItem","position":1,"name":"Portada","item":"https:\/\/barcelonashoppingcity.com\/ca\/"},{"@type":"ListItem","position":2,"name":"Pl\u00e0nols"}]},{"@type":"WebSite","@id":"https:\/\/barcelonashoppingcity.com\/ca\/#website","url":"https:\/\/barcelonashoppingcity.com\/ca\/","name":"Barcelona Shopping City","description":"El programa Barcelona Shopping City de Turisme de Barcelona se encarga de promocionar y posicionar la ciudad de Barcelona como referente de compras internacional en el mundo.","potentialAction":[{"@type":"SearchAction","target":{"@type":"EntryPoint","urlTemplate":"https:\/\/barcelonashoppingcity.com\/ca\/?s={search_term_string}"},"query-input":"required name=search_term_string"}],"inLanguage":"ca"}]}},"_links":{"self":[{"href":"https:\/\/barcelonashoppingcity.com\/ca\/wp-json\/wp\/v2\/pages\/810"}],"collection":[{"href":"https:\/\/barcelonashoppingcity.com\/ca\/wp-json\/wp\/v2\/pages"}],"about":[{"href":"https:\/\/barcelonashoppingcity.com\/ca\/wp-json\/wp\/v2\/types\/page"}],"author":[{"embeddable":true,"href":"https:\/\/barcelonashoppingcity.com\/ca\/wp-json\/wp\/v2\/users\/1"}],"replies":[{"embeddable":true,"href":"https:\/\/barcelonashoppingcity.com\/ca\/wp-json\/wp\/v2\/comments?post=810"}],"version-history":[{"count":7,"href":"https:\/\/barcelonashoppingcity.com\/ca\/wp-json\/wp\/v2\/pages\/810\/revisions"}],"predecessor-version":[{"id":14302,"href":"https:\/\/barcelonashoppingcity.com\/ca\/wp-json\/wp\/v2\/pages\/810\/revisions\/14302"}],"wp:attachment":[{"href":"https:\/\/barcelonashoppingcity.com\/ca\/wp-json\/wp\/v2\/media?parent=810"}],"curies":[{"name":"wp","href":"https:\/\/api.w.org\/{rel}","templated":true}]}}