{"id":867,"date":"2015-08-21T01:23:24","date_gmt":"2015-08-21T01:23:24","guid":{"rendered":"http:\/\/barcelonashoppingcity.com\/ca\/?page_id=867"},"modified":"2022-07-12T12:50:46","modified_gmt":"2022-07-12T12:50:46","slug":"tax-free","status":"publish","type":"page","link":"https:\/\/barcelonashoppingcity.com\/ca\/tax-free\/","title":{"rendered":"Tax free"},"content":{"rendered":"<p>Si resideixes fora de la Uni\u00f3 Europea, pots sol\u00b7licitar la devoluci\u00f3 de l&#8217;IVA en ple centre de la ciutat. Ara \u00e9s possible realitzar aquest tr\u00e0mit en ple cor de la ciutat:<\/p>\n<p><strong>Oficina d&#8217;informaci\u00f3 tur\u00edstica de pla\u00e7a de Catalunya<\/strong><br \/>\n<a href=\"https:\/\/www.google.es\/maps\/place\/Oficina+d'Informaci%C3%B3+de+Turisme+de+Barcelona\/@41.3866286,2.1692277,17z\/data=!4m7!1m4!3m3!1s0x12a4a2f13b3385c1:0x3000df70bb75123b!2sPla%C3%A7a+de+Catalunya,+17,+08002+Barcelona!3b1!3m1!1s0x12a4a2f149b9abb7:0xa0befdce3ac266f1\" target=\"_blank\" rel=\"noopener\">Pla\u00e7a de Catalunya, 17-S<\/a><\/p>\n<p>Xecs de Travel Tax Free i Innova Tax Free<br \/>\nHorari: diari, de 8.30 h. a 21 h<\/p>\n<p>Xecs de Global Blue i\u00a0 Planet<br \/>\nHorari: de dilluns a dissabte, de 10 h.\u00a0 a 20 h.<\/p>\n<p>&nbsp;<\/p>\n<p><strong>Per a m\u00e9s informaci\u00f3:<\/strong><\/p>\n<div class=\"item-tax-free\">\n<p><a class=\"logo-item-tax-free\" href=\"http:\/\/www.global-blue.com\/\" target=\"_blank\" rel=\"noopener\"><img decoding=\"async\" loading=\"lazy\" src=\"http:\/\/barcelonashoppingcity.com\/wp-content\/uploads\/2016\/07\/global-blue-tax-free.jpg\" alt=\"Global Blue\" width=\"44\" height=\"44\" \/><\/a><\/p>\n<div class=\"info-item-tax-free\">Global Blue:<br \/>\n<a href=\"http:\/\/www.global-blue.com\/\" target=\"_blank\" rel=\"noopener\">www.globalblue.com<\/a><\/div>\n<\/div>\n<div class=\"div-clear\"><\/div>\n<div class=\"item-tax-free\">\n<p><a class=\"logo-item-tax-free\" href=\"http:\/\/planetpayment.com\/\" target=\"_blank\" rel=\"noopener\"><img decoding=\"async\" loading=\"lazy\" src=\"http:\/\/barcelonashoppingcity.com\/wp-content\/uploads\/2015\/07\/planet.jpg\" alt=\"Planet\" width=\"44\" height=\"44\" \/><\/a><\/p>\n<div class=\"info-item-tax-free\">Planet:<br \/>\n<a href=\"http:\/\/planetpayment.com\/\" target=\"_blank\" rel=\"noopener\">www.planetpayment.com<\/a><\/div>\n<\/div>\n<div class=\"div-clear\"><\/div>\n<div class=\"item-tax-free\">\n<p><a class=\"logo-item-tax-free\" href=\"http:\/\/www.traveltaxfree.com\/\" target=\"_blank\" rel=\"noopener\"><img decoding=\"async\" loading=\"lazy\" src=\"http:\/\/barcelonashoppingcity.com\/wp-content\/uploads\/2016\/07\/travel-tax-free.jpg\" alt=\"Travel Tax Free\" width=\"44\" height=\"44\" \/><\/a><\/p>\n<div class=\"info-item-tax-free\">Travel Tax Free:<br \/>\n<a href=\"http:\/\/www.traveltaxfree.com\/\" target=\"_blank\" rel=\"noopener\">www.traveltaxfree.com<\/a><\/div>\n<\/div>\n<div class=\"div-clear\"><\/div>\n<div class=\"item-tax-free\">\n<p><a class=\"logo-item-tax-free\" href=\"http:\/\/www.traveltaxfree.com\/\" target=\"_blank\" rel=\"noopener\"><img decoding=\"async\" loading=\"lazy\" src=\"http:\/\/barcelonashoppingcity.com\/wp-content\/uploads\/2015\/07\/logo_tax_free.jpg\" alt=\"Travel Tax Free\" width=\"44\" height=\"36\" \/><\/a><\/p>\n<div class=\"info-item-tax-free\">Innova Tax Free:<br \/>\n<a href=\"http:\/\/www.innovataxfree.com\/\" target=\"_blank\" rel=\"noopener\">www.innovataxfree.com<\/a><\/div>\n<\/div>\n","protected":false},"excerpt":{"rendered":"<p>Si resideixes fora de la Uni\u00f3 Europea, pots sol\u00b7licitar la devoluci\u00f3 de l&#8217;IVA en ple centre de la ciutat. Ara \u00e9s possible realitzar aquest tr\u00e0mit en ple cor de la ciutat: Oficina d&#8217;informaci\u00f3 tur\u00edstica de pla\u00e7a de Catalunya Pla\u00e7a de Catalunya, 17-S Xecs de Travel Tax Free i Innova Tax Free Horari: diari, de 8.30 [&hellip;]<\/p>\n","protected":false},"author":1,"featured_media":0,"parent":0,"menu_order":8,"comment_status":"open","ping_status":"open","template":"","meta":[],"acf":[],"yoast_head":"<!-- This site is optimized with the Yoast SEO plugin v20.11 - https:\/\/yoast.com\/wordpress\/plugins\/seo\/ -->\n<title>Tax free | Barcelona Shopping City<\/title>\n<meta name=\"robots\" content=\"index, follow, max-snippet:-1, max-image-preview:large, max-video-preview:-1\" \/>\n<link rel=\"canonical\" href=\"https:\/\/barcelonashoppingcity.com\/ca\/tax-free\/\" \/>\n<meta property=\"og:locale\" content=\"ca_ES\" \/>\n<meta property=\"og:type\" content=\"article\" \/>\n<meta property=\"og:title\" content=\"Tax free | Barcelona Shopping City\" \/>\n<meta property=\"og:url\" content=\"https:\/\/barcelonashoppingcity.com\/ca\/tax-free\/\" \/>\n<meta property=\"og:site_name\" content=\"Barcelona Shopping City\" \/>\n<meta property=\"article:modified_time\" content=\"2022-07-12T12:50:46+00:00\" \/>\n<meta property=\"og:image\" content=\"http:\/\/barcelonashoppingcity.com\/wp-content\/uploads\/2016\/07\/global-blue-tax-free.jpg\" \/>\n<meta name=\"twitter:card\" content=\"summary_large_image\" \/>\n<meta name=\"twitter:label1\" content=\"Temps estimat de lectura\" \/>\n\t<meta name=\"twitter:data1\" content=\"1 minut\" \/>\n<script type=\"application\/ld+json\" class=\"yoast-schema-graph\">{\"@context\":\"https:\/\/schema.org\",\"@graph\":[{\"@type\":\"WebPage\",\"@id\":\"https:\/\/barcelonashoppingcity.com\/ca\/tax-free\/\",\"url\":\"https:\/\/barcelonashoppingcity.com\/ca\/tax-free\/\",\"name\":\"Tax free | Barcelona Shopping City\",\"isPartOf\":{\"@id\":\"https:\/\/barcelonashoppingcity.com\/ca\/#website\"},\"datePublished\":\"2015-08-21T01:23:24+00:00\",\"dateModified\":\"2022-07-12T12:50:46+00:00\",\"breadcrumb\":{\"@id\":\"https:\/\/barcelonashoppingcity.com\/ca\/tax-free\/#breadcrumb\"},\"inLanguage\":\"ca\",\"potentialAction\":[{\"@type\":\"ReadAction\",\"target\":[\"https:\/\/barcelonashoppingcity.com\/ca\/tax-free\/\"]}]},{\"@type\":\"BreadcrumbList\",\"@id\":\"https:\/\/barcelonashoppingcity.com\/ca\/tax-free\/#breadcrumb\",\"itemListElement\":[{\"@type\":\"ListItem\",\"position\":1,\"name\":\"Portada\",\"item\":\"https:\/\/barcelonashoppingcity.com\/ca\/\"},{\"@type\":\"ListItem\",\"position\":2,\"name\":\"Tax free\"}]},{\"@type\":\"WebSite\",\"@id\":\"https:\/\/barcelonashoppingcity.com\/ca\/#website\",\"url\":\"https:\/\/barcelonashoppingcity.com\/ca\/\",\"name\":\"Barcelona Shopping City\",\"description\":\"El programa Barcelona Shopping City de Turisme de Barcelona se encarga de promocionar y posicionar la ciudad de Barcelona como referente de compras internacional en el mundo.\",\"potentialAction\":[{\"@type\":\"SearchAction\",\"target\":{\"@type\":\"EntryPoint\",\"urlTemplate\":\"https:\/\/barcelonashoppingcity.com\/ca\/?s={search_term_string}\"},\"query-input\":\"required name=search_term_string\"}],\"inLanguage\":\"ca\"}]}<\/script>\n<!-- \/ Yoast SEO plugin. -->","yoast_head_json":{"title":"Tax free | Barcelona Shopping City","robots":{"index":"index","follow":"follow","max-snippet":"max-snippet:-1","max-image-preview":"max-image-preview:large","max-video-preview":"max-video-preview:-1"},"canonical":"https:\/\/barcelonashoppingcity.com\/ca\/tax-free\/","og_locale":"ca_ES","og_type":"article","og_title":"Tax free | Barcelona Shopping City","og_url":"https:\/\/barcelonashoppingcity.com\/ca\/tax-free\/","og_site_name":"Barcelona Shopping City","article_modified_time":"2022-07-12T12:50:46+00:00","og_image":[{"url":"http:\/\/barcelonashoppingcity.com\/wp-content\/uploads\/2016\/07\/global-blue-tax-free.jpg"}],"twitter_card":"summary_large_image","twitter_misc":{"Temps estimat de lectura":"1 minut"},"schema":{"@context":"https:\/\/schema.org","@graph":[{"@type":"WebPage","@id":"https:\/\/barcelonashoppingcity.com\/ca\/tax-free\/","url":"https:\/\/barcelonashoppingcity.com\/ca\/tax-free\/","name":"Tax free | Barcelona Shopping City","isPartOf":{"@id":"https:\/\/barcelonashoppingcity.com\/ca\/#website"},"datePublished":"2015-08-21T01:23:24+00:00","dateModified":"2022-07-12T12:50:46+00:00","breadcrumb":{"@id":"https:\/\/barcelonashoppingcity.com\/ca\/tax-free\/#breadcrumb"},"inLanguage":"ca","potentialAction":[{"@type":"ReadAction","target":["https:\/\/barcelonashoppingcity.com\/ca\/tax-free\/"]}]},{"@type":"BreadcrumbList","@id":"https:\/\/barcelonashoppingcity.com\/ca\/tax-free\/#breadcrumb","itemListElement":[{"@type":"ListItem","position":1,"name":"Portada","item":"https:\/\/barcelonashoppingcity.com\/ca\/"},{"@type":"ListItem","position":2,"name":"Tax free"}]},{"@type":"WebSite","@id":"https:\/\/barcelonashoppingcity.com\/ca\/#website","url":"https:\/\/barcelonashoppingcity.com\/ca\/","name":"Barcelona Shopping City","description":"El programa Barcelona Shopping City de Turisme de Barcelona se encarga de promocionar y posicionar la ciudad de Barcelona como referente de compras internacional en el mundo.","potentialAction":[{"@type":"SearchAction","target":{"@type":"EntryPoint","urlTemplate":"https:\/\/barcelonashoppingcity.com\/ca\/?s={search_term_string}"},"query-input":"required name=search_term_string"}],"inLanguage":"ca"}]}},"_links":{"self":[{"href":"https:\/\/barcelonashoppingcity.com\/ca\/wp-json\/wp\/v2\/pages\/867"}],"collection":[{"href":"https:\/\/barcelonashoppingcity.com\/ca\/wp-json\/wp\/v2\/pages"}],"about":[{"href":"https:\/\/barcelonashoppingcity.com\/ca\/wp-json\/wp\/v2\/types\/page"}],"author":[{"embeddable":true,"href":"https:\/\/barcelonashoppingcity.com\/ca\/wp-json\/wp\/v2\/users\/1"}],"replies":[{"embeddable":true,"href":"https:\/\/barcelonashoppingcity.com\/ca\/wp-json\/wp\/v2\/comments?post=867"}],"version-history":[{"count":20,"href":"https:\/\/barcelonashoppingcity.com\/ca\/wp-json\/wp\/v2\/pages\/867\/revisions"}],"predecessor-version":[{"id":21289,"href":"https:\/\/barcelonashoppingcity.com\/ca\/wp-json\/wp\/v2\/pages\/867\/revisions\/21289"}],"wp:attachment":[{"href":"https:\/\/barcelonashoppingcity.com\/ca\/wp-json\/wp\/v2\/media?parent=867"}],"curies":[{"name":"wp","href":"https:\/\/api.w.org\/{rel}","templated":true}]}}