{"id":105,"date":"2015-07-14T10:58:01","date_gmt":"2015-07-14T10:58:01","guid":{"rendered":"http:\/\/barcelonashoppingcity.com\/en\/?page_id=105"},"modified":"2015-07-15T14:50:31","modified_gmt":"2015-07-15T14:50:31","slug":"exclusive-luxury-shopping","status":"publish","type":"page","link":"https:\/\/barcelonashoppingcity.com\/en\/routes\/exclusive-luxury-shopping\/","title":{"rendered":"Exclusive luxury shopping"},"content":{"rendered":"<p>In Barcelona, buildings like Gaud\u00ed\u2019s La Pedrera and the Casa Batll\u00f3 share their ground floors with stores such as Bagu\u00e9s, Cartier, Gratac\u00f3s, Loewe, Max Mara, Rabat and Santa Eulalia. The wide pavements of the elegant thoroughfares Passeig de Gr\u00e0cia and Avinguda Diagonal are perfect for strolling, and visitors looking for the most exclusive brands are enchanted by the luxury products displayed in the shop windows.<\/p>\n","protected":false},"excerpt":{"rendered":"<p>In Barcelona, buildings like Gaud\u00ed\u2019s La Pedrera and the Casa Batll\u00f3 share their ground floors with stores such as Bagu\u00e9s, Cartier, Gratac\u00f3s, Loewe, Max Mara, Rabat and Santa Eulalia. The wide pavements of the elegant thoroughfares Passeig de Gr\u00e0cia and Avinguda Diagonal are perfect for strolling, and visitors looking for the most exclusive brands are [&hellip;]<\/p>\n","protected":false},"author":1,"featured_media":486,"parent":35,"menu_order":2,"comment_status":"open","ping_status":"closed","template":"","meta":[],"acf":[],"yoast_head":"<!-- This site is optimized with the Yoast SEO plugin v20.11 - https:\/\/yoast.com\/wordpress\/plugins\/seo\/ -->\n<title>Exclusive luxury shopping | Barcelona Shopping City<\/title>\n<meta name=\"robots\" content=\"index, follow, max-snippet:-1, max-image-preview:large, max-video-preview:-1\" \/>\n<link rel=\"canonical\" href=\"https:\/\/barcelonashoppingcity.com\/en\/routes\/exclusive-luxury-shopping\/\" \/>\n<meta property=\"og:locale\" content=\"en_US\" \/>\n<meta property=\"og:type\" content=\"article\" \/>\n<meta property=\"og:title\" content=\"Exclusive luxury shopping | Barcelona Shopping City\" \/>\n<meta property=\"og:url\" content=\"https:\/\/barcelonashoppingcity.com\/en\/routes\/exclusive-luxury-shopping\/\" \/>\n<meta property=\"og:site_name\" content=\"Barcelona Shopping City\" \/>\n<meta property=\"article:modified_time\" content=\"2015-07-15T14:50:31+00:00\" \/>\n<meta property=\"og:image\" content=\"https:\/\/barcelonashoppingcity.com\/wp-content\/uploads\/2015\/07\/infografico-peque-21.png\" \/>\n\t<meta property=\"og:image:width\" content=\"450\" \/>\n\t<meta property=\"og:image:height\" content=\"450\" \/>\n\t<meta property=\"og:image:type\" content=\"image\/png\" \/>\n<meta name=\"twitter:card\" content=\"summary_large_image\" \/>\n<script type=\"application\/ld+json\" class=\"yoast-schema-graph\">{\"@context\":\"https:\/\/schema.org\",\"@graph\":[{\"@type\":\"WebPage\",\"@id\":\"https:\/\/barcelonashoppingcity.com\/en\/routes\/exclusive-luxury-shopping\/\",\"url\":\"https:\/\/barcelonashoppingcity.com\/en\/routes\/exclusive-luxury-shopping\/\",\"name\":\"Exclusive luxury shopping | Barcelona Shopping City\",\"isPartOf\":{\"@id\":\"https:\/\/barcelonashoppingcity.com\/en\/#website\"},\"datePublished\":\"2015-07-14T10:58:01+00:00\",\"dateModified\":\"2015-07-15T14:50:31+00:00\",\"breadcrumb\":{\"@id\":\"https:\/\/barcelonashoppingcity.com\/en\/routes\/exclusive-luxury-shopping\/#breadcrumb\"},\"inLanguage\":\"en-US\",\"potentialAction\":[{\"@type\":\"ReadAction\",\"target\":[\"https:\/\/barcelonashoppingcity.com\/en\/routes\/exclusive-luxury-shopping\/\"]}]},{\"@type\":\"BreadcrumbList\",\"@id\":\"https:\/\/barcelonashoppingcity.com\/en\/routes\/exclusive-luxury-shopping\/#breadcrumb\",\"itemListElement\":[{\"@type\":\"ListItem\",\"position\":1,\"name\":\"Portada\",\"item\":\"https:\/\/barcelonashoppingcity.com\/en\/\"},{\"@type\":\"ListItem\",\"position\":2,\"name\":\"Routes\",\"item\":\"https:\/\/barcelonashoppingcity.com\/en\/rutas\/\"},{\"@type\":\"ListItem\",\"position\":3,\"name\":\"Exclusive luxury shopping\"}]},{\"@type\":\"WebSite\",\"@id\":\"https:\/\/barcelonashoppingcity.com\/en\/#website\",\"url\":\"https:\/\/barcelonashoppingcity.com\/en\/\",\"name\":\"Barcelona Shopping City\",\"description\":\"El programa Barcelona Shopping City de Turisme de Barcelona se encarga de promocionar y posicionar la ciudad de Barcelona como referente de compras internacional en el mundo.\",\"potentialAction\":[{\"@type\":\"SearchAction\",\"target\":{\"@type\":\"EntryPoint\",\"urlTemplate\":\"https:\/\/barcelonashoppingcity.com\/en\/?s={search_term_string}\"},\"query-input\":\"required name=search_term_string\"}],\"inLanguage\":\"en-US\"}]}<\/script>\n<!-- \/ Yoast SEO plugin. -->","yoast_head_json":{"title":"Exclusive luxury shopping | Barcelona Shopping City","robots":{"index":"index","follow":"follow","max-snippet":"max-snippet:-1","max-image-preview":"max-image-preview:large","max-video-preview":"max-video-preview:-1"},"canonical":"https:\/\/barcelonashoppingcity.com\/en\/routes\/exclusive-luxury-shopping\/","og_locale":"en_US","og_type":"article","og_title":"Exclusive luxury shopping | Barcelona Shopping City","og_url":"https:\/\/barcelonashoppingcity.com\/en\/routes\/exclusive-luxury-shopping\/","og_site_name":"Barcelona Shopping City","article_modified_time":"2015-07-15T14:50:31+00:00","og_image":[{"width":450,"height":450,"url":"https:\/\/barcelonashoppingcity.com\/wp-content\/uploads\/2015\/07\/infografico-peque-21.png","type":"image\/png"}],"twitter_card":"summary_large_image","schema":{"@context":"https:\/\/schema.org","@graph":[{"@type":"WebPage","@id":"https:\/\/barcelonashoppingcity.com\/en\/routes\/exclusive-luxury-shopping\/","url":"https:\/\/barcelonashoppingcity.com\/en\/routes\/exclusive-luxury-shopping\/","name":"Exclusive luxury shopping | Barcelona Shopping City","isPartOf":{"@id":"https:\/\/barcelonashoppingcity.com\/en\/#website"},"datePublished":"2015-07-14T10:58:01+00:00","dateModified":"2015-07-15T14:50:31+00:00","breadcrumb":{"@id":"https:\/\/barcelonashoppingcity.com\/en\/routes\/exclusive-luxury-shopping\/#breadcrumb"},"inLanguage":"en-US","potentialAction":[{"@type":"ReadAction","target":["https:\/\/barcelonashoppingcity.com\/en\/routes\/exclusive-luxury-shopping\/"]}]},{"@type":"BreadcrumbList","@id":"https:\/\/barcelonashoppingcity.com\/en\/routes\/exclusive-luxury-shopping\/#breadcrumb","itemListElement":[{"@type":"ListItem","position":1,"name":"Portada","item":"https:\/\/barcelonashoppingcity.com\/en\/"},{"@type":"ListItem","position":2,"name":"Routes","item":"https:\/\/barcelonashoppingcity.com\/en\/rutas\/"},{"@type":"ListItem","position":3,"name":"Exclusive luxury shopping"}]},{"@type":"WebSite","@id":"https:\/\/barcelonashoppingcity.com\/en\/#website","url":"https:\/\/barcelonashoppingcity.com\/en\/","name":"Barcelona Shopping City","description":"El programa Barcelona Shopping City de Turisme de Barcelona se encarga de promocionar y posicionar la ciudad de Barcelona como referente de compras internacional en el mundo.","potentialAction":[{"@type":"SearchAction","target":{"@type":"EntryPoint","urlTemplate":"https:\/\/barcelonashoppingcity.com\/en\/?s={search_term_string}"},"query-input":"required name=search_term_string"}],"inLanguage":"en-US"}]}},"_links":{"self":[{"href":"https:\/\/barcelonashoppingcity.com\/en\/wp-json\/wp\/v2\/pages\/105"}],"collection":[{"href":"https:\/\/barcelonashoppingcity.com\/en\/wp-json\/wp\/v2\/pages"}],"about":[{"href":"https:\/\/barcelonashoppingcity.com\/en\/wp-json\/wp\/v2\/types\/page"}],"author":[{"embeddable":true,"href":"https:\/\/barcelonashoppingcity.com\/en\/wp-json\/wp\/v2\/users\/1"}],"replies":[{"embeddable":true,"href":"https:\/\/barcelonashoppingcity.com\/en\/wp-json\/wp\/v2\/comments?post=105"}],"version-history":[{"count":3,"href":"https:\/\/barcelonashoppingcity.com\/en\/wp-json\/wp\/v2\/pages\/105\/revisions"}],"predecessor-version":[{"id":232,"href":"https:\/\/barcelonashoppingcity.com\/en\/wp-json\/wp\/v2\/pages\/105\/revisions\/232"}],"up":[{"embeddable":true,"href":"https:\/\/barcelonashoppingcity.com\/en\/wp-json\/wp\/v2\/pages\/35"}],"wp:featuredmedia":[{"embeddable":true,"href":"https:\/\/barcelonashoppingcity.com\/en\/wp-json\/wp\/v2\/media\/486"}],"wp:attachment":[{"href":"https:\/\/barcelonashoppingcity.com\/en\/wp-json\/wp\/v2\/media?parent=105"}],"curies":[{"name":"wp","href":"https:\/\/api.w.org\/{rel}","templated":true}]}}