{"id":11390,"date":"2017-06-06T14:49:17","date_gmt":"2017-06-06T14:49:17","guid":{"rendered":"http:\/\/barcelonashoppingcity.com\/fr\/?page_id=11390"},"modified":"2018-04-16T08:58:39","modified_gmt":"2018-04-16T08:58:39","slug":"barcelona-genuine-shops-tour","status":"publish","type":"page","link":"https:\/\/barcelonashoppingcity.com\/fr\/routes\/barcelona-genuine-shops-tour\/","title":{"rendered":"Barcelona Genuine Shops Tour"},"content":{"rendered":"<p>Barcelona Genuine Shops est une route guid\u00e9e \u00e0 travers les boutiques les plus inspiratrices de la ville, qui invite \u00e0 entrer en contact avec une Barcelone plus authentique, singuli\u00e8re et peu connue.<br \/>\nLa route consiste \u00e0 visiter les int\u00e9rieurs de certains \u00e9tablissements commerciaux de diff\u00e9rentes sp\u00e9cialit\u00e9s o\u00f9 vous pourrez:<\/p>\n<ul>\n<li>Voir comment on travaille les m\u00e9taux nobles et l\u2019incrustation des plus belles pierres pour faire des pi\u00e8ces uniques de haute joaillerie.<\/li>\n<li>Sentir las textures agr\u00e9ables et les odeurs de produits cosm\u00e9tiques naturels, th\u00e9rapeutiques et relaxants.<\/li>\n<li>Profiter d\u2019un espace plein d\u2019articles d\u2019artisanat traditionnel, avec des pi\u00e8ces uniques qui appartiennent \u00e0 notre culture.<\/li>\n<li>Parler avec des stylistes de mode locaux dans leurs ateliers et conna\u00eetre les derni\u00e8res tendances de mode.<\/li>\n<li>D\u00e9guster des produits qui font partie de la bonne et c\u00e9l\u00e8bre gastronomie catalane.<\/li>\n<\/ul>\n","protected":false},"excerpt":{"rendered":"<p>Barcelona Genuine Shops est une route guid\u00e9e \u00e0 travers les boutiques les plus inspiratrices de la ville, qui invite \u00e0 entrer en contact avec une Barcelone plus authentique, singuli\u00e8re et peu connue. La route consiste \u00e0 visiter les int\u00e9rieurs de certains \u00e9tablissements commerciaux de diff\u00e9rentes sp\u00e9cialit\u00e9s o\u00f9 vous pourrez: Voir comment on travaille les m\u00e9taux [&hellip;]<\/p>\n","protected":false},"author":1,"featured_media":11307,"parent":1368,"menu_order":0,"comment_status":"closed","ping_status":"closed","template":"","meta":[],"acf":[],"yoast_head":"<!-- This site is optimized with the Yoast SEO plugin v20.11 - https:\/\/yoast.com\/wordpress\/plugins\/seo\/ -->\n<title>Barcelona Genuine Shops Tour | Barcelona Shopping City<\/title>\n<meta name=\"robots\" content=\"index, follow, max-snippet:-1, max-image-preview:large, max-video-preview:-1\" \/>\n<link rel=\"canonical\" href=\"https:\/\/barcelonashoppingcity.com\/fr\/routes\/barcelona-genuine-shops-tour\/\" \/>\n<meta property=\"og:locale\" content=\"fr_FR\" \/>\n<meta property=\"og:type\" content=\"article\" \/>\n<meta property=\"og:title\" content=\"Barcelona Genuine Shops Tour | Barcelona Shopping City\" \/>\n<meta property=\"og:url\" content=\"https:\/\/barcelonashoppingcity.com\/fr\/routes\/barcelona-genuine-shops-tour\/\" \/>\n<meta property=\"og:site_name\" content=\"Barcelona Shopping City\" \/>\n<meta property=\"article:modified_time\" content=\"2018-04-16T08:58:39+00:00\" \/>\n<meta property=\"og:image\" content=\"https:\/\/barcelonashoppingcity.com\/wp-content\/uploads\/2017\/06\/barcelona-genuine-shops-rutas.png\" \/>\n\t<meta property=\"og:image:width\" content=\"1700\" \/>\n\t<meta property=\"og:image:height\" content=\"1700\" \/>\n\t<meta property=\"og:image:type\" content=\"image\/png\" \/>\n<meta name=\"twitter:card\" content=\"summary_large_image\" \/>\n<meta name=\"twitter:label1\" content=\"Dur\u00e9e de lecture estim\u00e9e\" \/>\n\t<meta name=\"twitter:data1\" content=\"1 minute\" \/>\n<script type=\"application\/ld+json\" class=\"yoast-schema-graph\">{\"@context\":\"https:\/\/schema.org\",\"@graph\":[{\"@type\":\"WebPage\",\"@id\":\"https:\/\/barcelonashoppingcity.com\/fr\/routes\/barcelona-genuine-shops-tour\/\",\"url\":\"https:\/\/barcelonashoppingcity.com\/fr\/routes\/barcelona-genuine-shops-tour\/\",\"name\":\"Barcelona Genuine Shops Tour | Barcelona Shopping City\",\"isPartOf\":{\"@id\":\"https:\/\/barcelonashoppingcity.com\/fr\/#website\"},\"datePublished\":\"2017-06-06T14:49:17+00:00\",\"dateModified\":\"2018-04-16T08:58:39+00:00\",\"breadcrumb\":{\"@id\":\"https:\/\/barcelonashoppingcity.com\/fr\/routes\/barcelona-genuine-shops-tour\/#breadcrumb\"},\"inLanguage\":\"fr-FR\",\"potentialAction\":[{\"@type\":\"ReadAction\",\"target\":[\"https:\/\/barcelonashoppingcity.com\/fr\/routes\/barcelona-genuine-shops-tour\/\"]}]},{\"@type\":\"BreadcrumbList\",\"@id\":\"https:\/\/barcelonashoppingcity.com\/fr\/routes\/barcelona-genuine-shops-tour\/#breadcrumb\",\"itemListElement\":[{\"@type\":\"ListItem\",\"position\":1,\"name\":\"Portada\",\"item\":\"https:\/\/barcelonashoppingcity.com\/fr\/\"},{\"@type\":\"ListItem\",\"position\":2,\"name\":\"Routes\",\"item\":\"https:\/\/barcelonashoppingcity.com\/fr\/rutas\/\"},{\"@type\":\"ListItem\",\"position\":3,\"name\":\"Barcelona Genuine Shops Tour\"}]},{\"@type\":\"WebSite\",\"@id\":\"https:\/\/barcelonashoppingcity.com\/fr\/#website\",\"url\":\"https:\/\/barcelonashoppingcity.com\/fr\/\",\"name\":\"Barcelona Shopping City\",\"description\":\"El programa Barcelona Shopping City de Turisme de Barcelona se encarga de promocionar y posicionar la ciudad de Barcelona como referente de compras internacional en el mundo.\",\"potentialAction\":[{\"@type\":\"SearchAction\",\"target\":{\"@type\":\"EntryPoint\",\"urlTemplate\":\"https:\/\/barcelonashoppingcity.com\/fr\/?s={search_term_string}\"},\"query-input\":\"required name=search_term_string\"}],\"inLanguage\":\"fr-FR\"}]}<\/script>\n<!-- \/ Yoast SEO plugin. -->","yoast_head_json":{"title":"Barcelona Genuine Shops Tour | Barcelona Shopping City","robots":{"index":"index","follow":"follow","max-snippet":"max-snippet:-1","max-image-preview":"max-image-preview:large","max-video-preview":"max-video-preview:-1"},"canonical":"https:\/\/barcelonashoppingcity.com\/fr\/routes\/barcelona-genuine-shops-tour\/","og_locale":"fr_FR","og_type":"article","og_title":"Barcelona Genuine Shops Tour | Barcelona Shopping City","og_url":"https:\/\/barcelonashoppingcity.com\/fr\/routes\/barcelona-genuine-shops-tour\/","og_site_name":"Barcelona Shopping City","article_modified_time":"2018-04-16T08:58:39+00:00","og_image":[{"width":1700,"height":1700,"url":"https:\/\/barcelonashoppingcity.com\/wp-content\/uploads\/2017\/06\/barcelona-genuine-shops-rutas.png","type":"image\/png"}],"twitter_card":"summary_large_image","twitter_misc":{"Dur\u00e9e de lecture estim\u00e9e":"1 minute"},"schema":{"@context":"https:\/\/schema.org","@graph":[{"@type":"WebPage","@id":"https:\/\/barcelonashoppingcity.com\/fr\/routes\/barcelona-genuine-shops-tour\/","url":"https:\/\/barcelonashoppingcity.com\/fr\/routes\/barcelona-genuine-shops-tour\/","name":"Barcelona Genuine Shops Tour | Barcelona Shopping City","isPartOf":{"@id":"https:\/\/barcelonashoppingcity.com\/fr\/#website"},"datePublished":"2017-06-06T14:49:17+00:00","dateModified":"2018-04-16T08:58:39+00:00","breadcrumb":{"@id":"https:\/\/barcelonashoppingcity.com\/fr\/routes\/barcelona-genuine-shops-tour\/#breadcrumb"},"inLanguage":"fr-FR","potentialAction":[{"@type":"ReadAction","target":["https:\/\/barcelonashoppingcity.com\/fr\/routes\/barcelona-genuine-shops-tour\/"]}]},{"@type":"BreadcrumbList","@id":"https:\/\/barcelonashoppingcity.com\/fr\/routes\/barcelona-genuine-shops-tour\/#breadcrumb","itemListElement":[{"@type":"ListItem","position":1,"name":"Portada","item":"https:\/\/barcelonashoppingcity.com\/fr\/"},{"@type":"ListItem","position":2,"name":"Routes","item":"https:\/\/barcelonashoppingcity.com\/fr\/rutas\/"},{"@type":"ListItem","position":3,"name":"Barcelona Genuine Shops Tour"}]},{"@type":"WebSite","@id":"https:\/\/barcelonashoppingcity.com\/fr\/#website","url":"https:\/\/barcelonashoppingcity.com\/fr\/","name":"Barcelona Shopping City","description":"El programa Barcelona Shopping City de Turisme de Barcelona se encarga de promocionar y posicionar la ciudad de Barcelona como referente de compras internacional en el mundo.","potentialAction":[{"@type":"SearchAction","target":{"@type":"EntryPoint","urlTemplate":"https:\/\/barcelonashoppingcity.com\/fr\/?s={search_term_string}"},"query-input":"required name=search_term_string"}],"inLanguage":"fr-FR"}]}},"_links":{"self":[{"href":"https:\/\/barcelonashoppingcity.com\/fr\/wp-json\/wp\/v2\/pages\/11390"}],"collection":[{"href":"https:\/\/barcelonashoppingcity.com\/fr\/wp-json\/wp\/v2\/pages"}],"about":[{"href":"https:\/\/barcelonashoppingcity.com\/fr\/wp-json\/wp\/v2\/types\/page"}],"author":[{"embeddable":true,"href":"https:\/\/barcelonashoppingcity.com\/fr\/wp-json\/wp\/v2\/users\/1"}],"replies":[{"embeddable":true,"href":"https:\/\/barcelonashoppingcity.com\/fr\/wp-json\/wp\/v2\/comments?post=11390"}],"version-history":[{"count":7,"href":"https:\/\/barcelonashoppingcity.com\/fr\/wp-json\/wp\/v2\/pages\/11390\/revisions"}],"predecessor-version":[{"id":15716,"href":"https:\/\/barcelonashoppingcity.com\/fr\/wp-json\/wp\/v2\/pages\/11390\/revisions\/15716"}],"up":[{"embeddable":true,"href":"https:\/\/barcelonashoppingcity.com\/fr\/wp-json\/wp\/v2\/pages\/1368"}],"wp:featuredmedia":[{"embeddable":true,"href":"https:\/\/barcelonashoppingcity.com\/fr\/wp-json\/wp\/v2\/media\/11307"}],"wp:attachment":[{"href":"https:\/\/barcelonashoppingcity.com\/fr\/wp-json\/wp\/v2\/media?parent=11390"}],"curies":[{"name":"wp","href":"https:\/\/api.w.org\/{rel}","templated":true}]}}