{"id":1338,"date":"2015-10-22T15:57:15","date_gmt":"2015-10-22T15:57:15","guid":{"rendered":"http:\/\/barcelonashoppingcity.com\/fr\/?page_id=1338"},"modified":"2016-02-25T10:16:33","modified_gmt":"2016-02-25T10:16:33","slug":"diagonal","status":"publish","type":"page","link":"https:\/\/barcelonashoppingcity.com\/fr\/carte\/diagonal\/","title":{"rendered":"Diagonal"},"content":{"rendered":"<p>La DIAGONAL est devenue une grande promenade attractive, comfortable et glamour, pleine d\u2019activit\u00e9 commerciale, touristique, gastronomique et urbaine. Se promener c\u2019est profiter des meilleures marques et magasins de d\u00e9coration d\u2019int\u00e9rieur, meubles design et accessoires premium. Elle contient les meilleurs centres commerciaux, des \u00e9difices ic\u00f4ne et le shopping avec attention personnelle \u201cMade in Barcelona\u201d.<\/p>\n","protected":false},"excerpt":{"rendered":"<p>La DIAGONAL est devenue une grande promenade attractive, comfortable et glamour, pleine d\u2019activit\u00e9 commerciale, touristique, gastronomique et urbaine. Se promener c\u2019est profiter des meilleures marques et magasins de d\u00e9coration d\u2019int\u00e9rieur, meubles design et accessoires premium. Elle contient les meilleurs centres commerciaux, des \u00e9difices ic\u00f4ne et le shopping avec attention personnelle \u201cMade in Barcelona\u201d.<\/p>\n","protected":false},"author":1,"featured_media":13190,"parent":1334,"menu_order":3,"comment_status":"open","ping_status":"closed","template":"","meta":[],"acf":[],"yoast_head":"<!-- This site is optimized with the Yoast SEO plugin v20.11 - https:\/\/yoast.com\/wordpress\/plugins\/seo\/ -->\n<title>Diagonal | Barcelona Shopping City<\/title>\n<meta name=\"robots\" content=\"index, follow, max-snippet:-1, max-image-preview:large, max-video-preview:-1\" \/>\n<link rel=\"canonical\" href=\"https:\/\/barcelonashoppingcity.com\/fr\/carte\/diagonal\/\" \/>\n<meta property=\"og:locale\" content=\"fr_FR\" \/>\n<meta property=\"og:type\" content=\"article\" \/>\n<meta property=\"og:title\" content=\"Diagonal | Barcelona Shopping City\" \/>\n<meta property=\"og:url\" content=\"https:\/\/barcelonashoppingcity.com\/fr\/carte\/diagonal\/\" \/>\n<meta property=\"og:site_name\" content=\"Barcelona Shopping City\" \/>\n<meta property=\"article:modified_time\" content=\"2016-02-25T10:16:33+00:00\" \/>\n<meta property=\"og:image\" content=\"https:\/\/barcelonashoppingcity.com\/wp-content\/uploads\/2015\/07\/diagonal-barcelona-shopping-city.jpg\" \/>\n\t<meta property=\"og:image:width\" content=\"640\" \/>\n\t<meta property=\"og:image:height\" content=\"970\" \/>\n\t<meta property=\"og:image:type\" content=\"image\/jpeg\" \/>\n<meta name=\"twitter:card\" content=\"summary_large_image\" \/>\n<script type=\"application\/ld+json\" class=\"yoast-schema-graph\">{\"@context\":\"https:\/\/schema.org\",\"@graph\":[{\"@type\":\"WebPage\",\"@id\":\"https:\/\/barcelonashoppingcity.com\/fr\/carte\/diagonal\/\",\"url\":\"https:\/\/barcelonashoppingcity.com\/fr\/carte\/diagonal\/\",\"name\":\"Diagonal | Barcelona Shopping City\",\"isPartOf\":{\"@id\":\"https:\/\/barcelonashoppingcity.com\/fr\/#website\"},\"datePublished\":\"2015-10-22T15:57:15+00:00\",\"dateModified\":\"2016-02-25T10:16:33+00:00\",\"breadcrumb\":{\"@id\":\"https:\/\/barcelonashoppingcity.com\/fr\/carte\/diagonal\/#breadcrumb\"},\"inLanguage\":\"fr-FR\",\"potentialAction\":[{\"@type\":\"ReadAction\",\"target\":[\"https:\/\/barcelonashoppingcity.com\/fr\/carte\/diagonal\/\"]}]},{\"@type\":\"BreadcrumbList\",\"@id\":\"https:\/\/barcelonashoppingcity.com\/fr\/carte\/diagonal\/#breadcrumb\",\"itemListElement\":[{\"@type\":\"ListItem\",\"position\":1,\"name\":\"Portada\",\"item\":\"https:\/\/barcelonashoppingcity.com\/fr\/\"},{\"@type\":\"ListItem\",\"position\":2,\"name\":\"Carte\",\"item\":\"https:\/\/barcelonashoppingcity.com\/fr\/planos\/\"},{\"@type\":\"ListItem\",\"position\":3,\"name\":\"Diagonal\"}]},{\"@type\":\"WebSite\",\"@id\":\"https:\/\/barcelonashoppingcity.com\/fr\/#website\",\"url\":\"https:\/\/barcelonashoppingcity.com\/fr\/\",\"name\":\"Barcelona Shopping City\",\"description\":\"El programa Barcelona Shopping City de Turisme de Barcelona se encarga de promocionar y posicionar la ciudad de Barcelona como referente de compras internacional en el mundo.\",\"potentialAction\":[{\"@type\":\"SearchAction\",\"target\":{\"@type\":\"EntryPoint\",\"urlTemplate\":\"https:\/\/barcelonashoppingcity.com\/fr\/?s={search_term_string}\"},\"query-input\":\"required name=search_term_string\"}],\"inLanguage\":\"fr-FR\"}]}<\/script>\n<!-- \/ Yoast SEO plugin. -->","yoast_head_json":{"title":"Diagonal | Barcelona Shopping City","robots":{"index":"index","follow":"follow","max-snippet":"max-snippet:-1","max-image-preview":"max-image-preview:large","max-video-preview":"max-video-preview:-1"},"canonical":"https:\/\/barcelonashoppingcity.com\/fr\/carte\/diagonal\/","og_locale":"fr_FR","og_type":"article","og_title":"Diagonal | Barcelona Shopping City","og_url":"https:\/\/barcelonashoppingcity.com\/fr\/carte\/diagonal\/","og_site_name":"Barcelona Shopping City","article_modified_time":"2016-02-25T10:16:33+00:00","og_image":[{"width":640,"height":970,"url":"https:\/\/barcelonashoppingcity.com\/wp-content\/uploads\/2015\/07\/diagonal-barcelona-shopping-city.jpg","type":"image\/jpeg"}],"twitter_card":"summary_large_image","schema":{"@context":"https:\/\/schema.org","@graph":[{"@type":"WebPage","@id":"https:\/\/barcelonashoppingcity.com\/fr\/carte\/diagonal\/","url":"https:\/\/barcelonashoppingcity.com\/fr\/carte\/diagonal\/","name":"Diagonal | Barcelona Shopping City","isPartOf":{"@id":"https:\/\/barcelonashoppingcity.com\/fr\/#website"},"datePublished":"2015-10-22T15:57:15+00:00","dateModified":"2016-02-25T10:16:33+00:00","breadcrumb":{"@id":"https:\/\/barcelonashoppingcity.com\/fr\/carte\/diagonal\/#breadcrumb"},"inLanguage":"fr-FR","potentialAction":[{"@type":"ReadAction","target":["https:\/\/barcelonashoppingcity.com\/fr\/carte\/diagonal\/"]}]},{"@type":"BreadcrumbList","@id":"https:\/\/barcelonashoppingcity.com\/fr\/carte\/diagonal\/#breadcrumb","itemListElement":[{"@type":"ListItem","position":1,"name":"Portada","item":"https:\/\/barcelonashoppingcity.com\/fr\/"},{"@type":"ListItem","position":2,"name":"Carte","item":"https:\/\/barcelonashoppingcity.com\/fr\/planos\/"},{"@type":"ListItem","position":3,"name":"Diagonal"}]},{"@type":"WebSite","@id":"https:\/\/barcelonashoppingcity.com\/fr\/#website","url":"https:\/\/barcelonashoppingcity.com\/fr\/","name":"Barcelona Shopping City","description":"El programa Barcelona Shopping City de Turisme de Barcelona se encarga de promocionar y posicionar la ciudad de Barcelona como referente de compras internacional en el mundo.","potentialAction":[{"@type":"SearchAction","target":{"@type":"EntryPoint","urlTemplate":"https:\/\/barcelonashoppingcity.com\/fr\/?s={search_term_string}"},"query-input":"required name=search_term_string"}],"inLanguage":"fr-FR"}]}},"_links":{"self":[{"href":"https:\/\/barcelonashoppingcity.com\/fr\/wp-json\/wp\/v2\/pages\/1338"}],"collection":[{"href":"https:\/\/barcelonashoppingcity.com\/fr\/wp-json\/wp\/v2\/pages"}],"about":[{"href":"https:\/\/barcelonashoppingcity.com\/fr\/wp-json\/wp\/v2\/types\/page"}],"author":[{"embeddable":true,"href":"https:\/\/barcelonashoppingcity.com\/fr\/wp-json\/wp\/v2\/users\/1"}],"replies":[{"embeddable":true,"href":"https:\/\/barcelonashoppingcity.com\/fr\/wp-json\/wp\/v2\/comments?post=1338"}],"version-history":[{"count":2,"href":"https:\/\/barcelonashoppingcity.com\/fr\/wp-json\/wp\/v2\/pages\/1338\/revisions"}],"predecessor-version":[{"id":3543,"href":"https:\/\/barcelonashoppingcity.com\/fr\/wp-json\/wp\/v2\/pages\/1338\/revisions\/3543"}],"up":[{"embeddable":true,"href":"https:\/\/barcelonashoppingcity.com\/fr\/wp-json\/wp\/v2\/pages\/1334"}],"wp:featuredmedia":[{"embeddable":true,"href":"https:\/\/barcelonashoppingcity.com\/fr\/wp-json\/wp\/v2\/media\/13190"}],"wp:attachment":[{"href":"https:\/\/barcelonashoppingcity.com\/fr\/wp-json\/wp\/v2\/media?parent=1338"}],"curies":[{"name":"wp","href":"https:\/\/api.w.org\/{rel}","templated":true}]}}