{"id":13410,"date":"2017-11-28T17:11:26","date_gmt":"2017-11-28T17:11:26","guid":{"rendered":"http:\/\/barcelonashoppingcity.com\/fr\/barcelona-shopping-line\/moda-sostenible\/"},"modified":"2017-12-14T19:25:21","modified_gmt":"2017-12-14T19:25:21","slug":"mode-ethique","status":"publish","type":"page","link":"https:\/\/barcelonashoppingcity.com\/fr\/magasins\/mode-ethique\/","title":{"rendered":"Mode \u00c9thique"},"content":{"rendered":"<p>Barcelone poss\u00e8de des magasins de pointe dans ce secteur, tant par le stylisme que par la qualit\u00e9. Des v\u00eatements et compl\u00e9ments qui respectent l\u2019environnement, la sant\u00e9 humaine et stimulent l\u2019utilisation de mat\u00e9riaux durable, la r\u00e9utilisation de ceux d\u00e9j\u00e0 existants et la production locale.<br \/>\nBarcelone, ville r\u00e9f\u00e9rence du slow fashion du sud de l\u2019Europe, propose une s\u00e9rie de boutiques avec des produits uniques en valeur et en qualit\u00e9.<\/p>\n","protected":false},"excerpt":{"rendered":"<p>Barcelone poss\u00e8de des magasins de pointe dans ce secteur, tant par le stylisme que par la qualit\u00e9. Des v\u00eatements et compl\u00e9ments qui respectent l\u2019environnement, la sant\u00e9 humaine et stimulent l\u2019utilisation de mat\u00e9riaux durable, la r\u00e9utilisation de ceux d\u00e9j\u00e0 existants et la production locale. Barcelone, ville r\u00e9f\u00e9rence du slow fashion du sud de l\u2019Europe, propose une [&hellip;]<\/p>\n","protected":false},"author":1,"featured_media":13672,"parent":1386,"menu_order":7,"comment_status":"closed","ping_status":"closed","template":"","meta":[],"acf":[],"yoast_head":"<!-- This site is optimized with the Yoast SEO plugin v20.11 - https:\/\/yoast.com\/wordpress\/plugins\/seo\/ -->\n<title>Mode \u00c9thique | Barcelona Shopping City<\/title>\n<meta name=\"robots\" content=\"index, follow, max-snippet:-1, max-image-preview:large, max-video-preview:-1\" \/>\n<link rel=\"canonical\" href=\"https:\/\/barcelonashoppingcity.com\/fr\/magasins\/mode-ethique\/\" \/>\n<meta property=\"og:locale\" content=\"fr_FR\" \/>\n<meta property=\"og:type\" content=\"article\" \/>\n<meta property=\"og:title\" content=\"Mode \u00c9thique | Barcelona Shopping City\" \/>\n<meta property=\"og:url\" content=\"https:\/\/barcelonashoppingcity.com\/fr\/magasins\/mode-ethique\/\" \/>\n<meta property=\"og:site_name\" content=\"Barcelona Shopping City\" \/>\n<meta property=\"article:modified_time\" content=\"2017-12-14T19:25:21+00:00\" \/>\n<meta property=\"og:image\" content=\"https:\/\/barcelonashoppingcity.com\/wp-content\/uploads\/2017\/11\/moda-sostenible-barcelona-shopping-city.jpg\" \/>\n\t<meta property=\"og:image:width\" content=\"1080\" \/>\n\t<meta property=\"og:image:height\" content=\"546\" \/>\n\t<meta property=\"og:image:type\" content=\"image\/jpeg\" \/>\n<meta name=\"twitter:card\" content=\"summary_large_image\" \/>\n<script type=\"application\/ld+json\" class=\"yoast-schema-graph\">{\"@context\":\"https:\/\/schema.org\",\"@graph\":[{\"@type\":\"WebPage\",\"@id\":\"https:\/\/barcelonashoppingcity.com\/fr\/magasins\/mode-ethique\/\",\"url\":\"https:\/\/barcelonashoppingcity.com\/fr\/magasins\/mode-ethique\/\",\"name\":\"Mode \u00c9thique | Barcelona Shopping City\",\"isPartOf\":{\"@id\":\"https:\/\/barcelonashoppingcity.com\/fr\/#website\"},\"datePublished\":\"2017-11-28T17:11:26+00:00\",\"dateModified\":\"2017-12-14T19:25:21+00:00\",\"breadcrumb\":{\"@id\":\"https:\/\/barcelonashoppingcity.com\/fr\/magasins\/mode-ethique\/#breadcrumb\"},\"inLanguage\":\"fr-FR\",\"potentialAction\":[{\"@type\":\"ReadAction\",\"target\":[\"https:\/\/barcelonashoppingcity.com\/fr\/magasins\/mode-ethique\/\"]}]},{\"@type\":\"BreadcrumbList\",\"@id\":\"https:\/\/barcelonashoppingcity.com\/fr\/magasins\/mode-ethique\/#breadcrumb\",\"itemListElement\":[{\"@type\":\"ListItem\",\"position\":1,\"name\":\"Portada\",\"item\":\"https:\/\/barcelonashoppingcity.com\/fr\/\"},{\"@type\":\"ListItem\",\"position\":2,\"name\":\"Magasins\",\"item\":\"https:\/\/barcelonashoppingcity.com\/fr\/tiendas\/\"},{\"@type\":\"ListItem\",\"position\":3,\"name\":\"Mode \u00c9thique\"}]},{\"@type\":\"WebSite\",\"@id\":\"https:\/\/barcelonashoppingcity.com\/fr\/#website\",\"url\":\"https:\/\/barcelonashoppingcity.com\/fr\/\",\"name\":\"Barcelona Shopping City\",\"description\":\"El programa Barcelona Shopping City de Turisme de Barcelona se encarga de promocionar y posicionar la ciudad de Barcelona como referente de compras internacional en el mundo.\",\"potentialAction\":[{\"@type\":\"SearchAction\",\"target\":{\"@type\":\"EntryPoint\",\"urlTemplate\":\"https:\/\/barcelonashoppingcity.com\/fr\/?s={search_term_string}\"},\"query-input\":\"required name=search_term_string\"}],\"inLanguage\":\"fr-FR\"}]}<\/script>\n<!-- \/ Yoast SEO plugin. -->","yoast_head_json":{"title":"Mode \u00c9thique | Barcelona Shopping City","robots":{"index":"index","follow":"follow","max-snippet":"max-snippet:-1","max-image-preview":"max-image-preview:large","max-video-preview":"max-video-preview:-1"},"canonical":"https:\/\/barcelonashoppingcity.com\/fr\/magasins\/mode-ethique\/","og_locale":"fr_FR","og_type":"article","og_title":"Mode \u00c9thique | Barcelona Shopping City","og_url":"https:\/\/barcelonashoppingcity.com\/fr\/magasins\/mode-ethique\/","og_site_name":"Barcelona Shopping City","article_modified_time":"2017-12-14T19:25:21+00:00","og_image":[{"width":1080,"height":546,"url":"https:\/\/barcelonashoppingcity.com\/wp-content\/uploads\/2017\/11\/moda-sostenible-barcelona-shopping-city.jpg","type":"image\/jpeg"}],"twitter_card":"summary_large_image","schema":{"@context":"https:\/\/schema.org","@graph":[{"@type":"WebPage","@id":"https:\/\/barcelonashoppingcity.com\/fr\/magasins\/mode-ethique\/","url":"https:\/\/barcelonashoppingcity.com\/fr\/magasins\/mode-ethique\/","name":"Mode \u00c9thique | Barcelona Shopping City","isPartOf":{"@id":"https:\/\/barcelonashoppingcity.com\/fr\/#website"},"datePublished":"2017-11-28T17:11:26+00:00","dateModified":"2017-12-14T19:25:21+00:00","breadcrumb":{"@id":"https:\/\/barcelonashoppingcity.com\/fr\/magasins\/mode-ethique\/#breadcrumb"},"inLanguage":"fr-FR","potentialAction":[{"@type":"ReadAction","target":["https:\/\/barcelonashoppingcity.com\/fr\/magasins\/mode-ethique\/"]}]},{"@type":"BreadcrumbList","@id":"https:\/\/barcelonashoppingcity.com\/fr\/magasins\/mode-ethique\/#breadcrumb","itemListElement":[{"@type":"ListItem","position":1,"name":"Portada","item":"https:\/\/barcelonashoppingcity.com\/fr\/"},{"@type":"ListItem","position":2,"name":"Magasins","item":"https:\/\/barcelonashoppingcity.com\/fr\/tiendas\/"},{"@type":"ListItem","position":3,"name":"Mode \u00c9thique"}]},{"@type":"WebSite","@id":"https:\/\/barcelonashoppingcity.com\/fr\/#website","url":"https:\/\/barcelonashoppingcity.com\/fr\/","name":"Barcelona Shopping City","description":"El programa Barcelona Shopping City de Turisme de Barcelona se encarga de promocionar y posicionar la ciudad de Barcelona como referente de compras internacional en el mundo.","potentialAction":[{"@type":"SearchAction","target":{"@type":"EntryPoint","urlTemplate":"https:\/\/barcelonashoppingcity.com\/fr\/?s={search_term_string}"},"query-input":"required name=search_term_string"}],"inLanguage":"fr-FR"}]}},"_links":{"self":[{"href":"https:\/\/barcelonashoppingcity.com\/fr\/wp-json\/wp\/v2\/pages\/13410"}],"collection":[{"href":"https:\/\/barcelonashoppingcity.com\/fr\/wp-json\/wp\/v2\/pages"}],"about":[{"href":"https:\/\/barcelonashoppingcity.com\/fr\/wp-json\/wp\/v2\/types\/page"}],"author":[{"embeddable":true,"href":"https:\/\/barcelonashoppingcity.com\/fr\/wp-json\/wp\/v2\/users\/1"}],"replies":[{"embeddable":true,"href":"https:\/\/barcelonashoppingcity.com\/fr\/wp-json\/wp\/v2\/comments?post=13410"}],"version-history":[{"count":3,"href":"https:\/\/barcelonashoppingcity.com\/fr\/wp-json\/wp\/v2\/pages\/13410\/revisions"}],"predecessor-version":[{"id":13915,"href":"https:\/\/barcelonashoppingcity.com\/fr\/wp-json\/wp\/v2\/pages\/13410\/revisions\/13915"}],"up":[{"embeddable":true,"href":"https:\/\/barcelonashoppingcity.com\/fr\/wp-json\/wp\/v2\/pages\/1386"}],"wp:featuredmedia":[{"embeddable":true,"href":"https:\/\/barcelonashoppingcity.com\/fr\/wp-json\/wp\/v2\/media\/13672"}],"wp:attachment":[{"href":"https:\/\/barcelonashoppingcity.com\/fr\/wp-json\/wp\/v2\/media?parent=13410"}],"curies":[{"name":"wp","href":"https:\/\/api.w.org\/{rel}","templated":true}]}}