{"id":1358,"date":"2015-10-22T16:07:30","date_gmt":"2015-10-22T16:07:30","guid":{"rendered":"http:\/\/barcelonashoppingcity.com\/fr\/?page_id=1358"},"modified":"2018-02-26T15:41:41","modified_gmt":"2018-02-26T15:41:41","slug":"axes-commerciaux","status":"publish","type":"page","link":"https:\/\/barcelonashoppingcity.com\/fr\/carte\/axes-commerciaux\/","title":{"rendered":"Barcelona Shopping City"},"content":{"rendered":"<p><strong>Le programme Barcelona Shopping City de Turisme de Barcelona est charg\u00e9 de promouvoir et de positionner la ville de Barcelone partout dans le monde comme une r\u00e9f\u00e9rence internationale pour le shopping.<\/strong><\/p>\n<p><img decoding=\"async\" loading=\"lazy\" src=\"http:\/\/barcelonashoppingcity.com\/wp-content\/uploads\/2015\/08\/barcelona-shopping-city-logo-negro.png\" alt=\"Barcelona Shopping City\" width=\"472\" height=\"147\" class=\"logo\" \/><\/p>\n<p>Les axes commerciaux de la ville s\u2019\u00e9tendent dans tous les quartiers o\u00f9 se m\u00ealent les \u00e9tablissements modernes et les plus traditionnels. En les visitant, vous profiterez d\u2019un commerce au caract\u00e8re m\u00e9diterran\u00e9en, fondamentalement familial, \u00e0 l\u2019attention personnalis\u00e9e bas\u00e9e sur une relation cordiale et le professionnalisme de longue tradition, o\u00f9 l\u2019on peut trouver des magasins en tous genres.<\/p>\n","protected":false},"excerpt":{"rendered":"<p>Le programme Barcelona Shopping City de Turisme de Barcelona est charg\u00e9 de promouvoir et de positionner la ville de Barcelone partout dans le monde comme une r\u00e9f\u00e9rence internationale pour le shopping. Les axes commerciaux de la ville s\u2019\u00e9tendent dans tous les quartiers o\u00f9 se m\u00ealent les \u00e9tablissements modernes et les plus traditionnels. En les visitant, [&hellip;]<\/p>\n","protected":false},"author":1,"featured_media":0,"parent":1334,"menu_order":14,"comment_status":"open","ping_status":"closed","template":"","meta":[],"acf":[],"yoast_head":"<!-- This site is optimized with the Yoast SEO plugin v20.11 - https:\/\/yoast.com\/wordpress\/plugins\/seo\/ -->\n<title>Barcelona Shopping City | Barcelona Shopping City<\/title>\n<meta name=\"robots\" content=\"index, follow, max-snippet:-1, max-image-preview:large, max-video-preview:-1\" \/>\n<link rel=\"canonical\" href=\"https:\/\/barcelonashoppingcity.com\/fr\/carte\/axes-commerciaux\/\" \/>\n<meta property=\"og:locale\" content=\"fr_FR\" \/>\n<meta property=\"og:type\" content=\"article\" \/>\n<meta property=\"og:title\" content=\"Barcelona Shopping City | Barcelona Shopping City\" \/>\n<meta property=\"og:url\" content=\"https:\/\/barcelonashoppingcity.com\/fr\/carte\/axes-commerciaux\/\" \/>\n<meta property=\"og:site_name\" content=\"Barcelona Shopping City\" \/>\n<meta property=\"article:modified_time\" content=\"2018-02-26T15:41:41+00:00\" \/>\n<meta property=\"og:image\" content=\"http:\/\/barcelonashoppingcity.com\/wp-content\/uploads\/2015\/08\/barcelona-shopping-city-logo-negro.png\" \/>\n<meta name=\"twitter:card\" content=\"summary_large_image\" \/>\n<script type=\"application\/ld+json\" class=\"yoast-schema-graph\">{\"@context\":\"https:\/\/schema.org\",\"@graph\":[{\"@type\":\"WebPage\",\"@id\":\"https:\/\/barcelonashoppingcity.com\/fr\/carte\/axes-commerciaux\/\",\"url\":\"https:\/\/barcelonashoppingcity.com\/fr\/carte\/axes-commerciaux\/\",\"name\":\"Barcelona Shopping City | Barcelona Shopping City\",\"isPartOf\":{\"@id\":\"https:\/\/barcelonashoppingcity.com\/fr\/#website\"},\"datePublished\":\"2015-10-22T16:07:30+00:00\",\"dateModified\":\"2018-02-26T15:41:41+00:00\",\"breadcrumb\":{\"@id\":\"https:\/\/barcelonashoppingcity.com\/fr\/carte\/axes-commerciaux\/#breadcrumb\"},\"inLanguage\":\"fr-FR\",\"potentialAction\":[{\"@type\":\"ReadAction\",\"target\":[\"https:\/\/barcelonashoppingcity.com\/fr\/carte\/axes-commerciaux\/\"]}]},{\"@type\":\"BreadcrumbList\",\"@id\":\"https:\/\/barcelonashoppingcity.com\/fr\/carte\/axes-commerciaux\/#breadcrumb\",\"itemListElement\":[{\"@type\":\"ListItem\",\"position\":1,\"name\":\"Portada\",\"item\":\"https:\/\/barcelonashoppingcity.com\/fr\/\"},{\"@type\":\"ListItem\",\"position\":2,\"name\":\"Carte\",\"item\":\"https:\/\/barcelonashoppingcity.com\/fr\/planos\/\"},{\"@type\":\"ListItem\",\"position\":3,\"name\":\"Barcelona Shopping City\"}]},{\"@type\":\"WebSite\",\"@id\":\"https:\/\/barcelonashoppingcity.com\/fr\/#website\",\"url\":\"https:\/\/barcelonashoppingcity.com\/fr\/\",\"name\":\"Barcelona Shopping City\",\"description\":\"El programa Barcelona Shopping City de Turisme de Barcelona se encarga de promocionar y posicionar la ciudad de Barcelona como referente de compras internacional en el mundo.\",\"potentialAction\":[{\"@type\":\"SearchAction\",\"target\":{\"@type\":\"EntryPoint\",\"urlTemplate\":\"https:\/\/barcelonashoppingcity.com\/fr\/?s={search_term_string}\"},\"query-input\":\"required name=search_term_string\"}],\"inLanguage\":\"fr-FR\"}]}<\/script>\n<!-- \/ Yoast SEO plugin. -->","yoast_head_json":{"title":"Barcelona Shopping City | Barcelona Shopping City","robots":{"index":"index","follow":"follow","max-snippet":"max-snippet:-1","max-image-preview":"max-image-preview:large","max-video-preview":"max-video-preview:-1"},"canonical":"https:\/\/barcelonashoppingcity.com\/fr\/carte\/axes-commerciaux\/","og_locale":"fr_FR","og_type":"article","og_title":"Barcelona Shopping City | Barcelona Shopping City","og_url":"https:\/\/barcelonashoppingcity.com\/fr\/carte\/axes-commerciaux\/","og_site_name":"Barcelona Shopping City","article_modified_time":"2018-02-26T15:41:41+00:00","og_image":[{"url":"http:\/\/barcelonashoppingcity.com\/wp-content\/uploads\/2015\/08\/barcelona-shopping-city-logo-negro.png"}],"twitter_card":"summary_large_image","schema":{"@context":"https:\/\/schema.org","@graph":[{"@type":"WebPage","@id":"https:\/\/barcelonashoppingcity.com\/fr\/carte\/axes-commerciaux\/","url":"https:\/\/barcelonashoppingcity.com\/fr\/carte\/axes-commerciaux\/","name":"Barcelona Shopping City | Barcelona Shopping City","isPartOf":{"@id":"https:\/\/barcelonashoppingcity.com\/fr\/#website"},"datePublished":"2015-10-22T16:07:30+00:00","dateModified":"2018-02-26T15:41:41+00:00","breadcrumb":{"@id":"https:\/\/barcelonashoppingcity.com\/fr\/carte\/axes-commerciaux\/#breadcrumb"},"inLanguage":"fr-FR","potentialAction":[{"@type":"ReadAction","target":["https:\/\/barcelonashoppingcity.com\/fr\/carte\/axes-commerciaux\/"]}]},{"@type":"BreadcrumbList","@id":"https:\/\/barcelonashoppingcity.com\/fr\/carte\/axes-commerciaux\/#breadcrumb","itemListElement":[{"@type":"ListItem","position":1,"name":"Portada","item":"https:\/\/barcelonashoppingcity.com\/fr\/"},{"@type":"ListItem","position":2,"name":"Carte","item":"https:\/\/barcelonashoppingcity.com\/fr\/planos\/"},{"@type":"ListItem","position":3,"name":"Barcelona Shopping City"}]},{"@type":"WebSite","@id":"https:\/\/barcelonashoppingcity.com\/fr\/#website","url":"https:\/\/barcelonashoppingcity.com\/fr\/","name":"Barcelona Shopping City","description":"El programa Barcelona Shopping City de Turisme de Barcelona se encarga de promocionar y posicionar la ciudad de Barcelona como referente de compras internacional en el mundo.","potentialAction":[{"@type":"SearchAction","target":{"@type":"EntryPoint","urlTemplate":"https:\/\/barcelonashoppingcity.com\/fr\/?s={search_term_string}"},"query-input":"required name=search_term_string"}],"inLanguage":"fr-FR"}]}},"_links":{"self":[{"href":"https:\/\/barcelonashoppingcity.com\/fr\/wp-json\/wp\/v2\/pages\/1358"}],"collection":[{"href":"https:\/\/barcelonashoppingcity.com\/fr\/wp-json\/wp\/v2\/pages"}],"about":[{"href":"https:\/\/barcelonashoppingcity.com\/fr\/wp-json\/wp\/v2\/types\/page"}],"author":[{"embeddable":true,"href":"https:\/\/barcelonashoppingcity.com\/fr\/wp-json\/wp\/v2\/users\/1"}],"replies":[{"embeddable":true,"href":"https:\/\/barcelonashoppingcity.com\/fr\/wp-json\/wp\/v2\/comments?post=1358"}],"version-history":[{"count":5,"href":"https:\/\/barcelonashoppingcity.com\/fr\/wp-json\/wp\/v2\/pages\/1358\/revisions"}],"predecessor-version":[{"id":15024,"href":"https:\/\/barcelonashoppingcity.com\/fr\/wp-json\/wp\/v2\/pages\/1358\/revisions\/15024"}],"up":[{"embeddable":true,"href":"https:\/\/barcelonashoppingcity.com\/fr\/wp-json\/wp\/v2\/pages\/1334"}],"wp:attachment":[{"href":"https:\/\/barcelonashoppingcity.com\/fr\/wp-json\/wp\/v2\/media?parent=1358"}],"curies":[{"name":"wp","href":"https:\/\/api.w.org\/{rel}","templated":true}]}}