{"id":1376,"date":"2015-10-22T16:14:22","date_gmt":"2015-10-22T16:14:22","guid":{"rendered":"http:\/\/barcelonashoppingcity.com\/fr\/?page_id=1376"},"modified":"2016-02-25T10:36:12","modified_gmt":"2016-02-25T10:36:12","slug":"luxe","status":"publish","type":"page","link":"https:\/\/barcelonashoppingcity.com\/fr\/routes\/luxe\/","title":{"rendered":"Luxe"},"content":{"rendered":"<p>\u00c0 Barcelone, des \u00e9difices comme La Pedrera et la Casa Batll\u00f3, du ma\u00eetre Gaud\u00ed, partagent un m\u00eame espace avec des boutiques comme Bagu\u00e9s, Cartier, Loewe, Lacoste, Max Mara, Rabat et Santa Eulalia entre autres. Les trottoirs et avenues comme le Passeig de Gr\u00e0cia et la Diagonal sont amples, \u00e9l\u00e9gants et agr\u00e9ables pour se promener et leurs vitrines de luxe fascinent les visiteurs qui recherchent les marques exclusives.<\/p>\n","protected":false},"excerpt":{"rendered":"<p>\u00c0 Barcelone, des \u00e9difices comme La Pedrera et la Casa Batll\u00f3, du ma\u00eetre Gaud\u00ed, partagent un m\u00eame espace avec des boutiques comme Bagu\u00e9s, Cartier, Loewe, Lacoste, Max Mara, Rabat et Santa Eulalia entre autres. Les trottoirs et avenues comme le Passeig de Gr\u00e0cia et la Diagonal sont amples, \u00e9l\u00e9gants et agr\u00e9ables pour se promener et [&hellip;]<\/p>\n","protected":false},"author":1,"featured_media":487,"parent":1368,"menu_order":2,"comment_status":"open","ping_status":"closed","template":"","meta":[],"acf":[],"yoast_head":"<!-- This site is optimized with the Yoast SEO plugin v20.11 - https:\/\/yoast.com\/wordpress\/plugins\/seo\/ -->\n<title>Luxe | Barcelona Shopping City<\/title>\n<meta name=\"robots\" content=\"index, follow, max-snippet:-1, max-image-preview:large, max-video-preview:-1\" \/>\n<link rel=\"canonical\" href=\"https:\/\/barcelonashoppingcity.com\/fr\/routes\/luxe\/\" \/>\n<meta property=\"og:locale\" content=\"fr_FR\" \/>\n<meta property=\"og:type\" content=\"article\" \/>\n<meta property=\"og:title\" content=\"Luxe | Barcelona Shopping City\" \/>\n<meta property=\"og:url\" content=\"https:\/\/barcelonashoppingcity.com\/fr\/routes\/luxe\/\" \/>\n<meta property=\"og:site_name\" content=\"Barcelona Shopping City\" \/>\n<meta property=\"article:modified_time\" content=\"2016-02-25T10:36:12+00:00\" \/>\n<meta property=\"og:image\" content=\"https:\/\/barcelonashoppingcity.com\/wp-content\/uploads\/2015\/07\/infografico-peque-21.png\" \/>\n\t<meta property=\"og:image:width\" content=\"450\" \/>\n\t<meta property=\"og:image:height\" content=\"450\" \/>\n\t<meta property=\"og:image:type\" content=\"image\/png\" \/>\n<meta name=\"twitter:card\" content=\"summary_large_image\" \/>\n<script type=\"application\/ld+json\" class=\"yoast-schema-graph\">{\"@context\":\"https:\/\/schema.org\",\"@graph\":[{\"@type\":\"WebPage\",\"@id\":\"https:\/\/barcelonashoppingcity.com\/fr\/routes\/luxe\/\",\"url\":\"https:\/\/barcelonashoppingcity.com\/fr\/routes\/luxe\/\",\"name\":\"Luxe | Barcelona Shopping City\",\"isPartOf\":{\"@id\":\"https:\/\/barcelonashoppingcity.com\/fr\/#website\"},\"datePublished\":\"2015-10-22T16:14:22+00:00\",\"dateModified\":\"2016-02-25T10:36:12+00:00\",\"breadcrumb\":{\"@id\":\"https:\/\/barcelonashoppingcity.com\/fr\/routes\/luxe\/#breadcrumb\"},\"inLanguage\":\"fr-FR\",\"potentialAction\":[{\"@type\":\"ReadAction\",\"target\":[\"https:\/\/barcelonashoppingcity.com\/fr\/routes\/luxe\/\"]}]},{\"@type\":\"BreadcrumbList\",\"@id\":\"https:\/\/barcelonashoppingcity.com\/fr\/routes\/luxe\/#breadcrumb\",\"itemListElement\":[{\"@type\":\"ListItem\",\"position\":1,\"name\":\"Portada\",\"item\":\"https:\/\/barcelonashoppingcity.com\/fr\/\"},{\"@type\":\"ListItem\",\"position\":2,\"name\":\"Routes\",\"item\":\"https:\/\/barcelonashoppingcity.com\/fr\/rutas\/\"},{\"@type\":\"ListItem\",\"position\":3,\"name\":\"Luxe\"}]},{\"@type\":\"WebSite\",\"@id\":\"https:\/\/barcelonashoppingcity.com\/fr\/#website\",\"url\":\"https:\/\/barcelonashoppingcity.com\/fr\/\",\"name\":\"Barcelona Shopping City\",\"description\":\"El programa Barcelona Shopping City de Turisme de Barcelona se encarga de promocionar y posicionar la ciudad de Barcelona como referente de compras internacional en el mundo.\",\"potentialAction\":[{\"@type\":\"SearchAction\",\"target\":{\"@type\":\"EntryPoint\",\"urlTemplate\":\"https:\/\/barcelonashoppingcity.com\/fr\/?s={search_term_string}\"},\"query-input\":\"required name=search_term_string\"}],\"inLanguage\":\"fr-FR\"}]}<\/script>\n<!-- \/ Yoast SEO plugin. -->","yoast_head_json":{"title":"Luxe | Barcelona Shopping City","robots":{"index":"index","follow":"follow","max-snippet":"max-snippet:-1","max-image-preview":"max-image-preview:large","max-video-preview":"max-video-preview:-1"},"canonical":"https:\/\/barcelonashoppingcity.com\/fr\/routes\/luxe\/","og_locale":"fr_FR","og_type":"article","og_title":"Luxe | Barcelona Shopping City","og_url":"https:\/\/barcelonashoppingcity.com\/fr\/routes\/luxe\/","og_site_name":"Barcelona Shopping City","article_modified_time":"2016-02-25T10:36:12+00:00","og_image":[{"width":450,"height":450,"url":"https:\/\/barcelonashoppingcity.com\/wp-content\/uploads\/2015\/07\/infografico-peque-21.png","type":"image\/png"}],"twitter_card":"summary_large_image","schema":{"@context":"https:\/\/schema.org","@graph":[{"@type":"WebPage","@id":"https:\/\/barcelonashoppingcity.com\/fr\/routes\/luxe\/","url":"https:\/\/barcelonashoppingcity.com\/fr\/routes\/luxe\/","name":"Luxe | Barcelona Shopping City","isPartOf":{"@id":"https:\/\/barcelonashoppingcity.com\/fr\/#website"},"datePublished":"2015-10-22T16:14:22+00:00","dateModified":"2016-02-25T10:36:12+00:00","breadcrumb":{"@id":"https:\/\/barcelonashoppingcity.com\/fr\/routes\/luxe\/#breadcrumb"},"inLanguage":"fr-FR","potentialAction":[{"@type":"ReadAction","target":["https:\/\/barcelonashoppingcity.com\/fr\/routes\/luxe\/"]}]},{"@type":"BreadcrumbList","@id":"https:\/\/barcelonashoppingcity.com\/fr\/routes\/luxe\/#breadcrumb","itemListElement":[{"@type":"ListItem","position":1,"name":"Portada","item":"https:\/\/barcelonashoppingcity.com\/fr\/"},{"@type":"ListItem","position":2,"name":"Routes","item":"https:\/\/barcelonashoppingcity.com\/fr\/rutas\/"},{"@type":"ListItem","position":3,"name":"Luxe"}]},{"@type":"WebSite","@id":"https:\/\/barcelonashoppingcity.com\/fr\/#website","url":"https:\/\/barcelonashoppingcity.com\/fr\/","name":"Barcelona Shopping City","description":"El programa Barcelona Shopping City de Turisme de Barcelona se encarga de promocionar y posicionar la ciudad de Barcelona como referente de compras internacional en el mundo.","potentialAction":[{"@type":"SearchAction","target":{"@type":"EntryPoint","urlTemplate":"https:\/\/barcelonashoppingcity.com\/fr\/?s={search_term_string}"},"query-input":"required name=search_term_string"}],"inLanguage":"fr-FR"}]}},"_links":{"self":[{"href":"https:\/\/barcelonashoppingcity.com\/fr\/wp-json\/wp\/v2\/pages\/1376"}],"collection":[{"href":"https:\/\/barcelonashoppingcity.com\/fr\/wp-json\/wp\/v2\/pages"}],"about":[{"href":"https:\/\/barcelonashoppingcity.com\/fr\/wp-json\/wp\/v2\/types\/page"}],"author":[{"embeddable":true,"href":"https:\/\/barcelonashoppingcity.com\/fr\/wp-json\/wp\/v2\/users\/1"}],"replies":[{"embeddable":true,"href":"https:\/\/barcelonashoppingcity.com\/fr\/wp-json\/wp\/v2\/comments?post=1376"}],"version-history":[{"count":2,"href":"https:\/\/barcelonashoppingcity.com\/fr\/wp-json\/wp\/v2\/pages\/1376\/revisions"}],"predecessor-version":[{"id":3556,"href":"https:\/\/barcelonashoppingcity.com\/fr\/wp-json\/wp\/v2\/pages\/1376\/revisions\/3556"}],"up":[{"embeddable":true,"href":"https:\/\/barcelonashoppingcity.com\/fr\/wp-json\/wp\/v2\/pages\/1368"}],"wp:featuredmedia":[{"embeddable":true,"href":"https:\/\/barcelonashoppingcity.com\/fr\/wp-json\/wp\/v2\/media\/487"}],"wp:attachment":[{"href":"https:\/\/barcelonashoppingcity.com\/fr\/wp-json\/wp\/v2\/media?parent=1376"}],"curies":[{"name":"wp","href":"https:\/\/api.w.org\/{rel}","templated":true}]}}