{"id":1378,"date":"2015-10-22T16:51:59","date_gmt":"2015-10-22T16:51:59","guid":{"rendered":"http:\/\/barcelonashoppingcity.com\/fr\/?page_id=1378"},"modified":"2017-11-28T17:21:48","modified_gmt":"2017-11-28T17:21:48","slug":"gourmet","status":"publish","type":"page","link":"https:\/\/barcelonashoppingcity.com\/fr\/routes\/gourmet\/","title":{"rendered":"Gourmet"},"content":{"rendered":"<p>Les magasins gourmet proposent des produits exclusifs de par leurs caract\u00e9ristiques sp\u00e9ciales et la qualit\u00e9 \u00e9lev\u00e9e de leur ex\u00e9cution. \u00c0 Barcelone, ils sont nombreux dans toute la ville, pr\u00e9sentant des fromages, des charcuteries, des p\u00e2tisseries, du caf\u00e9, du th\u00e9, des tourons ou du chocolat. Des magasins au design pr\u00e9sentant une s\u00e9lection impeccable de caves catalans et de vins,  disposant de salles de d\u00e9gustation et des produits delicatessen comme des charcuteries avec d\u00e9gustation ou les \u00e9piceries appel\u00e9es \u00abcolmados\u00bb. <\/p>\n","protected":false},"excerpt":{"rendered":"<p>Les magasins gourmet proposent des produits exclusifs de par leurs caract\u00e9ristiques sp\u00e9ciales et la qualit\u00e9 \u00e9lev\u00e9e de leur ex\u00e9cution. \u00c0 Barcelone, ils sont nombreux dans toute la ville, pr\u00e9sentant des fromages, des charcuteries, des p\u00e2tisseries, du caf\u00e9, du th\u00e9, des tourons ou du chocolat. Des magasins au design pr\u00e9sentant une s\u00e9lection impeccable de caves catalans [&hellip;]<\/p>\n","protected":false},"author":1,"featured_media":504,"parent":1368,"menu_order":4,"comment_status":"open","ping_status":"closed","template":"","meta":[],"acf":[],"yoast_head":"<!-- This site is optimized with the Yoast SEO plugin v20.11 - https:\/\/yoast.com\/wordpress\/plugins\/seo\/ -->\n<title>Gourmet | Barcelona Shopping City<\/title>\n<meta name=\"robots\" content=\"index, follow, max-snippet:-1, max-image-preview:large, max-video-preview:-1\" \/>\n<link rel=\"canonical\" href=\"https:\/\/barcelonashoppingcity.com\/fr\/routes\/gourmet\/\" \/>\n<meta property=\"og:locale\" content=\"fr_FR\" \/>\n<meta property=\"og:type\" content=\"article\" \/>\n<meta property=\"og:title\" content=\"Gourmet | Barcelona Shopping City\" \/>\n<meta property=\"og:url\" content=\"https:\/\/barcelonashoppingcity.com\/fr\/routes\/gourmet\/\" \/>\n<meta property=\"og:site_name\" content=\"Barcelona Shopping City\" \/>\n<meta property=\"article:modified_time\" content=\"2017-11-28T17:21:48+00:00\" \/>\n<meta property=\"og:image\" content=\"https:\/\/barcelonashoppingcity.com\/wp-content\/uploads\/2015\/07\/infografico-peque-3.png\" \/>\n\t<meta property=\"og:image:width\" content=\"450\" \/>\n\t<meta property=\"og:image:height\" content=\"450\" \/>\n\t<meta property=\"og:image:type\" content=\"image\/png\" \/>\n<meta name=\"twitter:card\" content=\"summary_large_image\" \/>\n<script type=\"application\/ld+json\" class=\"yoast-schema-graph\">{\"@context\":\"https:\/\/schema.org\",\"@graph\":[{\"@type\":\"WebPage\",\"@id\":\"https:\/\/barcelonashoppingcity.com\/fr\/routes\/gourmet\/\",\"url\":\"https:\/\/barcelonashoppingcity.com\/fr\/routes\/gourmet\/\",\"name\":\"Gourmet | Barcelona Shopping City\",\"isPartOf\":{\"@id\":\"https:\/\/barcelonashoppingcity.com\/fr\/#website\"},\"datePublished\":\"2015-10-22T16:51:59+00:00\",\"dateModified\":\"2017-11-28T17:21:48+00:00\",\"breadcrumb\":{\"@id\":\"https:\/\/barcelonashoppingcity.com\/fr\/routes\/gourmet\/#breadcrumb\"},\"inLanguage\":\"fr-FR\",\"potentialAction\":[{\"@type\":\"ReadAction\",\"target\":[\"https:\/\/barcelonashoppingcity.com\/fr\/routes\/gourmet\/\"]}]},{\"@type\":\"BreadcrumbList\",\"@id\":\"https:\/\/barcelonashoppingcity.com\/fr\/routes\/gourmet\/#breadcrumb\",\"itemListElement\":[{\"@type\":\"ListItem\",\"position\":1,\"name\":\"Portada\",\"item\":\"https:\/\/barcelonashoppingcity.com\/fr\/\"},{\"@type\":\"ListItem\",\"position\":2,\"name\":\"Routes\",\"item\":\"https:\/\/barcelonashoppingcity.com\/fr\/rutas\/\"},{\"@type\":\"ListItem\",\"position\":3,\"name\":\"Gourmet\"}]},{\"@type\":\"WebSite\",\"@id\":\"https:\/\/barcelonashoppingcity.com\/fr\/#website\",\"url\":\"https:\/\/barcelonashoppingcity.com\/fr\/\",\"name\":\"Barcelona Shopping City\",\"description\":\"El programa Barcelona Shopping City de Turisme de Barcelona se encarga de promocionar y posicionar la ciudad de Barcelona como referente de compras internacional en el mundo.\",\"potentialAction\":[{\"@type\":\"SearchAction\",\"target\":{\"@type\":\"EntryPoint\",\"urlTemplate\":\"https:\/\/barcelonashoppingcity.com\/fr\/?s={search_term_string}\"},\"query-input\":\"required name=search_term_string\"}],\"inLanguage\":\"fr-FR\"}]}<\/script>\n<!-- \/ Yoast SEO plugin. -->","yoast_head_json":{"title":"Gourmet | Barcelona Shopping City","robots":{"index":"index","follow":"follow","max-snippet":"max-snippet:-1","max-image-preview":"max-image-preview:large","max-video-preview":"max-video-preview:-1"},"canonical":"https:\/\/barcelonashoppingcity.com\/fr\/routes\/gourmet\/","og_locale":"fr_FR","og_type":"article","og_title":"Gourmet | Barcelona Shopping City","og_url":"https:\/\/barcelonashoppingcity.com\/fr\/routes\/gourmet\/","og_site_name":"Barcelona Shopping City","article_modified_time":"2017-11-28T17:21:48+00:00","og_image":[{"width":450,"height":450,"url":"https:\/\/barcelonashoppingcity.com\/wp-content\/uploads\/2015\/07\/infografico-peque-3.png","type":"image\/png"}],"twitter_card":"summary_large_image","schema":{"@context":"https:\/\/schema.org","@graph":[{"@type":"WebPage","@id":"https:\/\/barcelonashoppingcity.com\/fr\/routes\/gourmet\/","url":"https:\/\/barcelonashoppingcity.com\/fr\/routes\/gourmet\/","name":"Gourmet | Barcelona Shopping City","isPartOf":{"@id":"https:\/\/barcelonashoppingcity.com\/fr\/#website"},"datePublished":"2015-10-22T16:51:59+00:00","dateModified":"2017-11-28T17:21:48+00:00","breadcrumb":{"@id":"https:\/\/barcelonashoppingcity.com\/fr\/routes\/gourmet\/#breadcrumb"},"inLanguage":"fr-FR","potentialAction":[{"@type":"ReadAction","target":["https:\/\/barcelonashoppingcity.com\/fr\/routes\/gourmet\/"]}]},{"@type":"BreadcrumbList","@id":"https:\/\/barcelonashoppingcity.com\/fr\/routes\/gourmet\/#breadcrumb","itemListElement":[{"@type":"ListItem","position":1,"name":"Portada","item":"https:\/\/barcelonashoppingcity.com\/fr\/"},{"@type":"ListItem","position":2,"name":"Routes","item":"https:\/\/barcelonashoppingcity.com\/fr\/rutas\/"},{"@type":"ListItem","position":3,"name":"Gourmet"}]},{"@type":"WebSite","@id":"https:\/\/barcelonashoppingcity.com\/fr\/#website","url":"https:\/\/barcelonashoppingcity.com\/fr\/","name":"Barcelona Shopping City","description":"El programa Barcelona Shopping City de Turisme de Barcelona se encarga de promocionar y posicionar la ciudad de Barcelona como referente de compras internacional en el mundo.","potentialAction":[{"@type":"SearchAction","target":{"@type":"EntryPoint","urlTemplate":"https:\/\/barcelonashoppingcity.com\/fr\/?s={search_term_string}"},"query-input":"required name=search_term_string"}],"inLanguage":"fr-FR"}]}},"_links":{"self":[{"href":"https:\/\/barcelonashoppingcity.com\/fr\/wp-json\/wp\/v2\/pages\/1378"}],"collection":[{"href":"https:\/\/barcelonashoppingcity.com\/fr\/wp-json\/wp\/v2\/pages"}],"about":[{"href":"https:\/\/barcelonashoppingcity.com\/fr\/wp-json\/wp\/v2\/types\/page"}],"author":[{"embeddable":true,"href":"https:\/\/barcelonashoppingcity.com\/fr\/wp-json\/wp\/v2\/users\/1"}],"replies":[{"embeddable":true,"href":"https:\/\/barcelonashoppingcity.com\/fr\/wp-json\/wp\/v2\/comments?post=1378"}],"version-history":[{"count":4,"href":"https:\/\/barcelonashoppingcity.com\/fr\/wp-json\/wp\/v2\/pages\/1378\/revisions"}],"predecessor-version":[{"id":13427,"href":"https:\/\/barcelonashoppingcity.com\/fr\/wp-json\/wp\/v2\/pages\/1378\/revisions\/13427"}],"up":[{"embeddable":true,"href":"https:\/\/barcelonashoppingcity.com\/fr\/wp-json\/wp\/v2\/pages\/1368"}],"wp:featuredmedia":[{"embeddable":true,"href":"https:\/\/barcelonashoppingcity.com\/fr\/wp-json\/wp\/v2\/media\/504"}],"wp:attachment":[{"href":"https:\/\/barcelonashoppingcity.com\/fr\/wp-json\/wp\/v2\/media?parent=1378"}],"curies":[{"name":"wp","href":"https:\/\/api.w.org\/{rel}","templated":true}]}}