{"id":1382,"date":"2015-10-22T16:56:05","date_gmt":"2015-10-22T16:56:05","guid":{"rendered":"http:\/\/barcelonashoppingcity.com\/fr\/?page_id=1382"},"modified":"2016-02-25T10:40:01","modified_gmt":"2016-02-25T10:40:01","slug":"stylistes-independants","status":"publish","type":"page","link":"https:\/\/barcelonashoppingcity.com\/fr\/routes\/stylistes-independants\/","title":{"rendered":"Stylistes ind\u00e9pendants"},"content":{"rendered":"<p>Le quartier d\u2019El Born, connu \u00e0 cause de la basilique de Santa Maria del Mar, du March\u00e9 d\u2019El Born et du Mus\u00e9e Picasso, est devenu le foyer de stylistes ind\u00e9pendants cr\u00e9ateurs de v\u00eatements, de compl\u00e9ments et de chaussures, qui conjuguent le design, la modernit\u00e9 et la qualit\u00e9. Ils pr\u00e9sentent  des collections de diff\u00e9rents stylistes aux tissus vintages et des silhouettes d\u2019inspiration r\u00e9tro, avec des d\u00e9corations int\u00e9rieures originales et tr\u00e8s cr\u00e9atives.<\/p>\n","protected":false},"excerpt":{"rendered":"<p>Le quartier d\u2019El Born, connu \u00e0 cause de la basilique de Santa Maria del Mar, du March\u00e9 d\u2019El Born et du Mus\u00e9e Picasso, est devenu le foyer de stylistes ind\u00e9pendants cr\u00e9ateurs de v\u00eatements, de compl\u00e9ments et de chaussures, qui conjuguent le design, la modernit\u00e9 et la qualit\u00e9. Ils pr\u00e9sentent des collections de diff\u00e9rents stylistes aux [&hellip;]<\/p>\n","protected":false},"author":1,"featured_media":521,"parent":1368,"menu_order":5,"comment_status":"open","ping_status":"closed","template":"","meta":[],"acf":[],"yoast_head":"<!-- This site is optimized with the Yoast SEO plugin v20.11 - https:\/\/yoast.com\/wordpress\/plugins\/seo\/ -->\n<title>Stylistes ind\u00e9pendants | Barcelona Shopping City<\/title>\n<meta name=\"robots\" content=\"index, follow, max-snippet:-1, max-image-preview:large, max-video-preview:-1\" \/>\n<link rel=\"canonical\" href=\"https:\/\/barcelonashoppingcity.com\/fr\/routes\/stylistes-independants\/\" \/>\n<meta property=\"og:locale\" content=\"fr_FR\" \/>\n<meta property=\"og:type\" content=\"article\" \/>\n<meta property=\"og:title\" content=\"Stylistes ind\u00e9pendants | Barcelona Shopping City\" \/>\n<meta property=\"og:url\" content=\"https:\/\/barcelonashoppingcity.com\/fr\/routes\/stylistes-independants\/\" \/>\n<meta property=\"og:site_name\" content=\"Barcelona Shopping City\" \/>\n<meta property=\"article:modified_time\" content=\"2016-02-25T10:40:01+00:00\" \/>\n<meta property=\"og:image\" content=\"https:\/\/barcelonashoppingcity.com\/wp-content\/uploads\/2015\/07\/infografico-peque-4.png\" \/>\n\t<meta property=\"og:image:width\" content=\"450\" \/>\n\t<meta property=\"og:image:height\" content=\"450\" \/>\n\t<meta property=\"og:image:type\" content=\"image\/png\" \/>\n<meta name=\"twitter:card\" content=\"summary_large_image\" \/>\n<script type=\"application\/ld+json\" class=\"yoast-schema-graph\">{\"@context\":\"https:\/\/schema.org\",\"@graph\":[{\"@type\":\"WebPage\",\"@id\":\"https:\/\/barcelonashoppingcity.com\/fr\/routes\/stylistes-independants\/\",\"url\":\"https:\/\/barcelonashoppingcity.com\/fr\/routes\/stylistes-independants\/\",\"name\":\"Stylistes ind\u00e9pendants | Barcelona Shopping City\",\"isPartOf\":{\"@id\":\"https:\/\/barcelonashoppingcity.com\/fr\/#website\"},\"datePublished\":\"2015-10-22T16:56:05+00:00\",\"dateModified\":\"2016-02-25T10:40:01+00:00\",\"breadcrumb\":{\"@id\":\"https:\/\/barcelonashoppingcity.com\/fr\/routes\/stylistes-independants\/#breadcrumb\"},\"inLanguage\":\"fr-FR\",\"potentialAction\":[{\"@type\":\"ReadAction\",\"target\":[\"https:\/\/barcelonashoppingcity.com\/fr\/routes\/stylistes-independants\/\"]}]},{\"@type\":\"BreadcrumbList\",\"@id\":\"https:\/\/barcelonashoppingcity.com\/fr\/routes\/stylistes-independants\/#breadcrumb\",\"itemListElement\":[{\"@type\":\"ListItem\",\"position\":1,\"name\":\"Portada\",\"item\":\"https:\/\/barcelonashoppingcity.com\/fr\/\"},{\"@type\":\"ListItem\",\"position\":2,\"name\":\"Routes\",\"item\":\"https:\/\/barcelonashoppingcity.com\/fr\/rutas\/\"},{\"@type\":\"ListItem\",\"position\":3,\"name\":\"Stylistes ind\u00e9pendants\"}]},{\"@type\":\"WebSite\",\"@id\":\"https:\/\/barcelonashoppingcity.com\/fr\/#website\",\"url\":\"https:\/\/barcelonashoppingcity.com\/fr\/\",\"name\":\"Barcelona Shopping City\",\"description\":\"El programa Barcelona Shopping City de Turisme de Barcelona se encarga de promocionar y posicionar la ciudad de Barcelona como referente de compras internacional en el mundo.\",\"potentialAction\":[{\"@type\":\"SearchAction\",\"target\":{\"@type\":\"EntryPoint\",\"urlTemplate\":\"https:\/\/barcelonashoppingcity.com\/fr\/?s={search_term_string}\"},\"query-input\":\"required name=search_term_string\"}],\"inLanguage\":\"fr-FR\"}]}<\/script>\n<!-- \/ Yoast SEO plugin. -->","yoast_head_json":{"title":"Stylistes ind\u00e9pendants | Barcelona Shopping City","robots":{"index":"index","follow":"follow","max-snippet":"max-snippet:-1","max-image-preview":"max-image-preview:large","max-video-preview":"max-video-preview:-1"},"canonical":"https:\/\/barcelonashoppingcity.com\/fr\/routes\/stylistes-independants\/","og_locale":"fr_FR","og_type":"article","og_title":"Stylistes ind\u00e9pendants | Barcelona Shopping City","og_url":"https:\/\/barcelonashoppingcity.com\/fr\/routes\/stylistes-independants\/","og_site_name":"Barcelona Shopping City","article_modified_time":"2016-02-25T10:40:01+00:00","og_image":[{"width":450,"height":450,"url":"https:\/\/barcelonashoppingcity.com\/wp-content\/uploads\/2015\/07\/infografico-peque-4.png","type":"image\/png"}],"twitter_card":"summary_large_image","schema":{"@context":"https:\/\/schema.org","@graph":[{"@type":"WebPage","@id":"https:\/\/barcelonashoppingcity.com\/fr\/routes\/stylistes-independants\/","url":"https:\/\/barcelonashoppingcity.com\/fr\/routes\/stylistes-independants\/","name":"Stylistes ind\u00e9pendants | Barcelona Shopping City","isPartOf":{"@id":"https:\/\/barcelonashoppingcity.com\/fr\/#website"},"datePublished":"2015-10-22T16:56:05+00:00","dateModified":"2016-02-25T10:40:01+00:00","breadcrumb":{"@id":"https:\/\/barcelonashoppingcity.com\/fr\/routes\/stylistes-independants\/#breadcrumb"},"inLanguage":"fr-FR","potentialAction":[{"@type":"ReadAction","target":["https:\/\/barcelonashoppingcity.com\/fr\/routes\/stylistes-independants\/"]}]},{"@type":"BreadcrumbList","@id":"https:\/\/barcelonashoppingcity.com\/fr\/routes\/stylistes-independants\/#breadcrumb","itemListElement":[{"@type":"ListItem","position":1,"name":"Portada","item":"https:\/\/barcelonashoppingcity.com\/fr\/"},{"@type":"ListItem","position":2,"name":"Routes","item":"https:\/\/barcelonashoppingcity.com\/fr\/rutas\/"},{"@type":"ListItem","position":3,"name":"Stylistes ind\u00e9pendants"}]},{"@type":"WebSite","@id":"https:\/\/barcelonashoppingcity.com\/fr\/#website","url":"https:\/\/barcelonashoppingcity.com\/fr\/","name":"Barcelona Shopping City","description":"El programa Barcelona Shopping City de Turisme de Barcelona se encarga de promocionar y posicionar la ciudad de Barcelona como referente de compras internacional en el mundo.","potentialAction":[{"@type":"SearchAction","target":{"@type":"EntryPoint","urlTemplate":"https:\/\/barcelonashoppingcity.com\/fr\/?s={search_term_string}"},"query-input":"required name=search_term_string"}],"inLanguage":"fr-FR"}]}},"_links":{"self":[{"href":"https:\/\/barcelonashoppingcity.com\/fr\/wp-json\/wp\/v2\/pages\/1382"}],"collection":[{"href":"https:\/\/barcelonashoppingcity.com\/fr\/wp-json\/wp\/v2\/pages"}],"about":[{"href":"https:\/\/barcelonashoppingcity.com\/fr\/wp-json\/wp\/v2\/types\/page"}],"author":[{"embeddable":true,"href":"https:\/\/barcelonashoppingcity.com\/fr\/wp-json\/wp\/v2\/users\/1"}],"replies":[{"embeddable":true,"href":"https:\/\/barcelonashoppingcity.com\/fr\/wp-json\/wp\/v2\/comments?post=1382"}],"version-history":[{"count":2,"href":"https:\/\/barcelonashoppingcity.com\/fr\/wp-json\/wp\/v2\/pages\/1382\/revisions"}],"predecessor-version":[{"id":3561,"href":"https:\/\/barcelonashoppingcity.com\/fr\/wp-json\/wp\/v2\/pages\/1382\/revisions\/3561"}],"up":[{"embeddable":true,"href":"https:\/\/barcelonashoppingcity.com\/fr\/wp-json\/wp\/v2\/pages\/1368"}],"wp:featuredmedia":[{"embeddable":true,"href":"https:\/\/barcelonashoppingcity.com\/fr\/wp-json\/wp\/v2\/media\/521"}],"wp:attachment":[{"href":"https:\/\/barcelonashoppingcity.com\/fr\/wp-json\/wp\/v2\/media?parent=1382"}],"curies":[{"name":"wp","href":"https:\/\/api.w.org\/{rel}","templated":true}]}}