{"id":1404,"date":"2015-10-22T17:04:31","date_gmt":"2015-10-22T17:04:31","guid":{"rendered":"http:\/\/barcelonashoppingcity.com\/fr\/?page_id=1404"},"modified":"2022-07-13T08:54:44","modified_gmt":"2022-07-13T08:54:44","slug":"tax-free","status":"publish","type":"page","link":"https:\/\/barcelonashoppingcity.com\/fr\/tax-free\/","title":{"rendered":"Tax free"},"content":{"rendered":"<p>Si vous ne r\u00e9sidez pas dans l\u2019Union europ\u00e9enne, vous pouvez demander la restitution de la TVA dans le centre ville. Maintenant, il est possible de faire cette d\u00e9marche en plein c\u0153ur de la ville.<\/p>\n<p><strong>Bureau d\u2019information touristique de Pla\u00e7a de Catalunya<\/strong><br \/>\n<a href=\"https:\/\/www.google.es\/maps\/place\/Oficina+d'Informaci%C3%B3+de+Turisme+de+Barcelona\/@41.3866286,2.1692277,17z\/data=!4m7!1m4!3m3!1s0x12a4a2f13b3385c1:0x3000df70bb75123b!2sPla%C3%A7a+de+Catalunya,+17,+08002+Barcelona!3b1!3m1!1s0x12a4a2f149b9abb7:0xa0befdce3ac266f1\" target=\"_blank\" rel=\"noopener\">Pla\u00e7a de Catalunya, 17-S<\/a><\/p>\n<p>Ch\u00e8ques de Travel Tax Free et Innova Tax Free<br \/>\nHoraire: tous les jours de 8.30 h. \u00e0 21 h.<\/p>\n<p>Ch\u00e8ques de Global Blue et Planet<br \/>\nHoraire: lundi \u00e0 samedi, de 10 h. \u00e0 20h.<\/p>\n<p>&nbsp;<\/p>\n<p><strong>Pour plus d\u2019information:<\/strong><\/p>\n<div class=\"item-tax-free\">\n<p><a class=\"logo-item-tax-free\" href=\"http:\/\/www.global-blue.com\/\" target=\"_blank\" rel=\"noopener\"><img decoding=\"async\" loading=\"lazy\" src=\"http:\/\/barcelonashoppingcity.com\/wp-content\/uploads\/2016\/07\/global-blue-tax-free.jpg\" alt=\"Global Blue\" width=\"44\" height=\"44\" \/><\/a><\/p>\n<div class=\"info-item-tax-free\">Global Blue:<br \/>\n<a href=\"http:\/\/www.global-blue.com\/\" target=\"_blank\" rel=\"noopener\">www.globalblue.com<\/a><\/div>\n<\/div>\n<div class=\"div-clear\"><\/div>\n<div class=\"item-tax-free\">\n<p><a class=\"logo-item-tax-free\" href=\"http:\/\/planetpayment.com\/\" target=\"_blank\" rel=\"noopener\"><img decoding=\"async\" loading=\"lazy\" src=\"http:\/\/barcelonashoppingcity.com\/wp-content\/uploads\/2015\/07\/planet.jpg\" alt=\"Planet\" width=\"44\" height=\"44\" \/><\/a><\/p>\n<div class=\"info-item-tax-free\">Planet:<br \/>\n<a href=\"http:\/\/planetpayment.com\/\" target=\"_blank\" rel=\"noopener\">www.planetpayment.com<\/a><\/div>\n<\/div>\n<div class=\"div-clear\"><\/div>\n<div class=\"item-tax-free\">\n<p><a class=\"logo-item-tax-free\" href=\"http:\/\/www.traveltaxfree.com\/\" target=\"_blank\" rel=\"noopener\"><img decoding=\"async\" loading=\"lazy\" src=\"http:\/\/barcelonashoppingcity.com\/wp-content\/uploads\/2016\/07\/travel-tax-free.jpg\" alt=\"Travel Tax Free\" width=\"44\" height=\"44\" \/><\/a><\/p>\n<div class=\"info-item-tax-free\">Travel Tax Free:<br \/>\n<a href=\"http:\/\/www.traveltaxfree.com\/\" target=\"_blank\" rel=\"noopener\">www.traveltaxfree.com<\/a><\/div>\n<\/div>\n<div class=\"div-clear\"><\/div>\n<div class=\"item-tax-free\">\n<p><a class=\"logo-item-tax-free\" href=\"http:\/\/www.traveltaxfree.com\/\" target=\"_blank\" rel=\"noopener\"><img decoding=\"async\" loading=\"lazy\" src=\"http:\/\/barcelonashoppingcity.com\/wp-content\/uploads\/2015\/07\/logo_tax_free.jpg\" alt=\"Travel Tax Free\" width=\"44\" height=\"36\" \/><\/a><\/p>\n<div class=\"info-item-tax-free\">Innova Tax Free:<br \/>\n<a href=\"http:\/\/www.innovataxfree.com\/\" target=\"_blank\" rel=\"noopener\">www.innovataxfree.com<\/a><\/div>\n<\/div>\n","protected":false},"excerpt":{"rendered":"<p>Si vous ne r\u00e9sidez pas dans l\u2019Union europ\u00e9enne, vous pouvez demander la restitution de la TVA dans le centre ville. Maintenant, il est possible de faire cette d\u00e9marche en plein c\u0153ur de la ville. Bureau d\u2019information touristique de Pla\u00e7a de Catalunya Pla\u00e7a de Catalunya, 17-S Ch\u00e8ques de Travel Tax Free et Innova Tax Free Horaire: [&hellip;]<\/p>\n","protected":false},"author":1,"featured_media":0,"parent":0,"menu_order":8,"comment_status":"open","ping_status":"open","template":"","meta":[],"acf":[],"yoast_head":"<!-- This site is optimized with the Yoast SEO plugin v20.11 - https:\/\/yoast.com\/wordpress\/plugins\/seo\/ -->\n<title>Tax free | Barcelona Shopping City<\/title>\n<meta name=\"robots\" content=\"index, follow, max-snippet:-1, max-image-preview:large, max-video-preview:-1\" \/>\n<link rel=\"canonical\" href=\"https:\/\/barcelonashoppingcity.com\/fr\/tax-free\/\" \/>\n<meta property=\"og:locale\" content=\"fr_FR\" \/>\n<meta property=\"og:type\" content=\"article\" \/>\n<meta property=\"og:title\" content=\"Tax free | Barcelona Shopping City\" \/>\n<meta property=\"og:url\" content=\"https:\/\/barcelonashoppingcity.com\/fr\/tax-free\/\" \/>\n<meta property=\"og:site_name\" content=\"Barcelona Shopping City\" \/>\n<meta property=\"article:modified_time\" content=\"2022-07-13T08:54:44+00:00\" \/>\n<meta property=\"og:image\" content=\"http:\/\/barcelonashoppingcity.com\/wp-content\/uploads\/2016\/07\/global-blue-tax-free.jpg\" \/>\n<meta name=\"twitter:card\" content=\"summary_large_image\" \/>\n<meta name=\"twitter:label1\" content=\"Dur\u00e9e de lecture estim\u00e9e\" \/>\n\t<meta name=\"twitter:data1\" content=\"1 minute\" \/>\n<script type=\"application\/ld+json\" class=\"yoast-schema-graph\">{\"@context\":\"https:\/\/schema.org\",\"@graph\":[{\"@type\":\"WebPage\",\"@id\":\"https:\/\/barcelonashoppingcity.com\/fr\/tax-free\/\",\"url\":\"https:\/\/barcelonashoppingcity.com\/fr\/tax-free\/\",\"name\":\"Tax free | Barcelona Shopping City\",\"isPartOf\":{\"@id\":\"https:\/\/barcelonashoppingcity.com\/fr\/#website\"},\"datePublished\":\"2015-10-22T17:04:31+00:00\",\"dateModified\":\"2022-07-13T08:54:44+00:00\",\"breadcrumb\":{\"@id\":\"https:\/\/barcelonashoppingcity.com\/fr\/tax-free\/#breadcrumb\"},\"inLanguage\":\"fr-FR\",\"potentialAction\":[{\"@type\":\"ReadAction\",\"target\":[\"https:\/\/barcelonashoppingcity.com\/fr\/tax-free\/\"]}]},{\"@type\":\"BreadcrumbList\",\"@id\":\"https:\/\/barcelonashoppingcity.com\/fr\/tax-free\/#breadcrumb\",\"itemListElement\":[{\"@type\":\"ListItem\",\"position\":1,\"name\":\"Portada\",\"item\":\"https:\/\/barcelonashoppingcity.com\/fr\/\"},{\"@type\":\"ListItem\",\"position\":2,\"name\":\"Tax free\"}]},{\"@type\":\"WebSite\",\"@id\":\"https:\/\/barcelonashoppingcity.com\/fr\/#website\",\"url\":\"https:\/\/barcelonashoppingcity.com\/fr\/\",\"name\":\"Barcelona Shopping City\",\"description\":\"El programa Barcelona Shopping City de Turisme de Barcelona se encarga de promocionar y posicionar la ciudad de Barcelona como referente de compras internacional en el mundo.\",\"potentialAction\":[{\"@type\":\"SearchAction\",\"target\":{\"@type\":\"EntryPoint\",\"urlTemplate\":\"https:\/\/barcelonashoppingcity.com\/fr\/?s={search_term_string}\"},\"query-input\":\"required name=search_term_string\"}],\"inLanguage\":\"fr-FR\"}]}<\/script>\n<!-- \/ Yoast SEO plugin. -->","yoast_head_json":{"title":"Tax free | Barcelona Shopping City","robots":{"index":"index","follow":"follow","max-snippet":"max-snippet:-1","max-image-preview":"max-image-preview:large","max-video-preview":"max-video-preview:-1"},"canonical":"https:\/\/barcelonashoppingcity.com\/fr\/tax-free\/","og_locale":"fr_FR","og_type":"article","og_title":"Tax free | Barcelona Shopping City","og_url":"https:\/\/barcelonashoppingcity.com\/fr\/tax-free\/","og_site_name":"Barcelona Shopping City","article_modified_time":"2022-07-13T08:54:44+00:00","og_image":[{"url":"http:\/\/barcelonashoppingcity.com\/wp-content\/uploads\/2016\/07\/global-blue-tax-free.jpg"}],"twitter_card":"summary_large_image","twitter_misc":{"Dur\u00e9e de lecture estim\u00e9e":"1 minute"},"schema":{"@context":"https:\/\/schema.org","@graph":[{"@type":"WebPage","@id":"https:\/\/barcelonashoppingcity.com\/fr\/tax-free\/","url":"https:\/\/barcelonashoppingcity.com\/fr\/tax-free\/","name":"Tax free | Barcelona Shopping City","isPartOf":{"@id":"https:\/\/barcelonashoppingcity.com\/fr\/#website"},"datePublished":"2015-10-22T17:04:31+00:00","dateModified":"2022-07-13T08:54:44+00:00","breadcrumb":{"@id":"https:\/\/barcelonashoppingcity.com\/fr\/tax-free\/#breadcrumb"},"inLanguage":"fr-FR","potentialAction":[{"@type":"ReadAction","target":["https:\/\/barcelonashoppingcity.com\/fr\/tax-free\/"]}]},{"@type":"BreadcrumbList","@id":"https:\/\/barcelonashoppingcity.com\/fr\/tax-free\/#breadcrumb","itemListElement":[{"@type":"ListItem","position":1,"name":"Portada","item":"https:\/\/barcelonashoppingcity.com\/fr\/"},{"@type":"ListItem","position":2,"name":"Tax free"}]},{"@type":"WebSite","@id":"https:\/\/barcelonashoppingcity.com\/fr\/#website","url":"https:\/\/barcelonashoppingcity.com\/fr\/","name":"Barcelona Shopping City","description":"El programa Barcelona Shopping City de Turisme de Barcelona se encarga de promocionar y posicionar la ciudad de Barcelona como referente de compras internacional en el mundo.","potentialAction":[{"@type":"SearchAction","target":{"@type":"EntryPoint","urlTemplate":"https:\/\/barcelonashoppingcity.com\/fr\/?s={search_term_string}"},"query-input":"required name=search_term_string"}],"inLanguage":"fr-FR"}]}},"_links":{"self":[{"href":"https:\/\/barcelonashoppingcity.com\/fr\/wp-json\/wp\/v2\/pages\/1404"}],"collection":[{"href":"https:\/\/barcelonashoppingcity.com\/fr\/wp-json\/wp\/v2\/pages"}],"about":[{"href":"https:\/\/barcelonashoppingcity.com\/fr\/wp-json\/wp\/v2\/types\/page"}],"author":[{"embeddable":true,"href":"https:\/\/barcelonashoppingcity.com\/fr\/wp-json\/wp\/v2\/users\/1"}],"replies":[{"embeddable":true,"href":"https:\/\/barcelonashoppingcity.com\/fr\/wp-json\/wp\/v2\/comments?post=1404"}],"version-history":[{"count":17,"href":"https:\/\/barcelonashoppingcity.com\/fr\/wp-json\/wp\/v2\/pages\/1404\/revisions"}],"predecessor-version":[{"id":21294,"href":"https:\/\/barcelonashoppingcity.com\/fr\/wp-json\/wp\/v2\/pages\/1404\/revisions\/21294"}],"wp:attachment":[{"href":"https:\/\/barcelonashoppingcity.com\/fr\/wp-json\/wp\/v2\/media?parent=1404"}],"curies":[{"name":"wp","href":"https:\/\/api.w.org\/{rel}","templated":true}]}}