{"id":14181,"date":"2018-01-12T12:22:45","date_gmt":"2018-01-12T12:22:45","guid":{"rendered":"http:\/\/barcelonashoppingcity.com\/fr\/qui-nous-sommes\/eixample\/"},"modified":"2018-01-12T12:33:42","modified_gmt":"2018-01-12T12:33:42","slug":"eixample","status":"publish","type":"page","link":"https:\/\/barcelonashoppingcity.com\/fr\/barcelona-shopping-line\/eixample\/","title":{"rendered":"Eixample"},"content":{"rendered":"<p>Se promener dans ses rues, c\u2019est d\u00e9couvrir une infinit\u00e9 d\u2019oeuvres d\u2019art architecturales du Modernisme. Les commerces sont remarquables de par leur qualit\u00e9, glamour, leur sp\u00e9cialisation et la vari\u00e9t\u00e9 des produits et des \u00e9tablissements, parmi lesquels on trouvera aussi bien des \u00e9tablissements de design connus du monde entier que des boutiques centenaires pleines d\u2019histoire et de tradition.<\/p>\n","protected":false},"excerpt":{"rendered":"<p>Se promener dans ses rues, c\u2019est d\u00e9couvrir une infinit\u00e9 d\u2019oeuvres d\u2019art architecturales du Modernisme. Les commerces sont remarquables de par leur qualit\u00e9, glamour, leur sp\u00e9cialisation et la vari\u00e9t\u00e9 des produits et des \u00e9tablissements, parmi lesquels on trouvera aussi bien des \u00e9tablissements de design connus du monde entier que des boutiques centenaires pleines d\u2019histoire et de [&hellip;]<\/p>\n","protected":false},"author":1,"featured_media":0,"parent":4252,"menu_order":18,"comment_status":"closed","ping_status":"closed","template":"","meta":[],"acf":[],"yoast_head":"<!-- This site is optimized with the Yoast SEO plugin v20.11 - https:\/\/yoast.com\/wordpress\/plugins\/seo\/ -->\n<title>Eixample | Barcelona Shopping City<\/title>\n<meta name=\"robots\" content=\"index, follow, max-snippet:-1, max-image-preview:large, max-video-preview:-1\" \/>\n<link rel=\"canonical\" href=\"https:\/\/barcelonashoppingcity.com\/fr\/barcelona-shopping-line\/eixample\/\" \/>\n<meta property=\"og:locale\" content=\"fr_FR\" \/>\n<meta property=\"og:type\" content=\"article\" \/>\n<meta property=\"og:title\" content=\"Eixample | Barcelona Shopping City\" \/>\n<meta property=\"og:url\" content=\"https:\/\/barcelonashoppingcity.com\/fr\/barcelona-shopping-line\/eixample\/\" \/>\n<meta property=\"og:site_name\" content=\"Barcelona Shopping City\" \/>\n<meta property=\"article:modified_time\" content=\"2018-01-12T12:33:42+00:00\" \/>\n<meta name=\"twitter:card\" content=\"summary_large_image\" \/>\n<script type=\"application\/ld+json\" class=\"yoast-schema-graph\">{\"@context\":\"https:\/\/schema.org\",\"@graph\":[{\"@type\":\"WebPage\",\"@id\":\"https:\/\/barcelonashoppingcity.com\/fr\/barcelona-shopping-line\/eixample\/\",\"url\":\"https:\/\/barcelonashoppingcity.com\/fr\/barcelona-shopping-line\/eixample\/\",\"name\":\"Eixample | Barcelona Shopping City\",\"isPartOf\":{\"@id\":\"https:\/\/barcelonashoppingcity.com\/fr\/#website\"},\"datePublished\":\"2018-01-12T12:22:45+00:00\",\"dateModified\":\"2018-01-12T12:33:42+00:00\",\"breadcrumb\":{\"@id\":\"https:\/\/barcelonashoppingcity.com\/fr\/barcelona-shopping-line\/eixample\/#breadcrumb\"},\"inLanguage\":\"fr-FR\",\"potentialAction\":[{\"@type\":\"ReadAction\",\"target\":[\"https:\/\/barcelonashoppingcity.com\/fr\/barcelona-shopping-line\/eixample\/\"]}]},{\"@type\":\"BreadcrumbList\",\"@id\":\"https:\/\/barcelonashoppingcity.com\/fr\/barcelona-shopping-line\/eixample\/#breadcrumb\",\"itemListElement\":[{\"@type\":\"ListItem\",\"position\":1,\"name\":\"Portada\",\"item\":\"https:\/\/barcelonashoppingcity.com\/fr\/\"},{\"@type\":\"ListItem\",\"position\":2,\"name\":\"Barcelona Shopping Line\",\"item\":\"https:\/\/barcelonashoppingcity.com\/fr\/barcelona-shopping-line\/\"},{\"@type\":\"ListItem\",\"position\":3,\"name\":\"Eixample\"}]},{\"@type\":\"WebSite\",\"@id\":\"https:\/\/barcelonashoppingcity.com\/fr\/#website\",\"url\":\"https:\/\/barcelonashoppingcity.com\/fr\/\",\"name\":\"Barcelona Shopping City\",\"description\":\"El programa Barcelona Shopping City de Turisme de Barcelona se encarga de promocionar y posicionar la ciudad de Barcelona como referente de compras internacional en el mundo.\",\"potentialAction\":[{\"@type\":\"SearchAction\",\"target\":{\"@type\":\"EntryPoint\",\"urlTemplate\":\"https:\/\/barcelonashoppingcity.com\/fr\/?s={search_term_string}\"},\"query-input\":\"required name=search_term_string\"}],\"inLanguage\":\"fr-FR\"}]}<\/script>\n<!-- \/ Yoast SEO plugin. -->","yoast_head_json":{"title":"Eixample | Barcelona Shopping City","robots":{"index":"index","follow":"follow","max-snippet":"max-snippet:-1","max-image-preview":"max-image-preview:large","max-video-preview":"max-video-preview:-1"},"canonical":"https:\/\/barcelonashoppingcity.com\/fr\/barcelona-shopping-line\/eixample\/","og_locale":"fr_FR","og_type":"article","og_title":"Eixample | Barcelona Shopping City","og_url":"https:\/\/barcelonashoppingcity.com\/fr\/barcelona-shopping-line\/eixample\/","og_site_name":"Barcelona Shopping City","article_modified_time":"2018-01-12T12:33:42+00:00","twitter_card":"summary_large_image","schema":{"@context":"https:\/\/schema.org","@graph":[{"@type":"WebPage","@id":"https:\/\/barcelonashoppingcity.com\/fr\/barcelona-shopping-line\/eixample\/","url":"https:\/\/barcelonashoppingcity.com\/fr\/barcelona-shopping-line\/eixample\/","name":"Eixample | Barcelona Shopping City","isPartOf":{"@id":"https:\/\/barcelonashoppingcity.com\/fr\/#website"},"datePublished":"2018-01-12T12:22:45+00:00","dateModified":"2018-01-12T12:33:42+00:00","breadcrumb":{"@id":"https:\/\/barcelonashoppingcity.com\/fr\/barcelona-shopping-line\/eixample\/#breadcrumb"},"inLanguage":"fr-FR","potentialAction":[{"@type":"ReadAction","target":["https:\/\/barcelonashoppingcity.com\/fr\/barcelona-shopping-line\/eixample\/"]}]},{"@type":"BreadcrumbList","@id":"https:\/\/barcelonashoppingcity.com\/fr\/barcelona-shopping-line\/eixample\/#breadcrumb","itemListElement":[{"@type":"ListItem","position":1,"name":"Portada","item":"https:\/\/barcelonashoppingcity.com\/fr\/"},{"@type":"ListItem","position":2,"name":"Barcelona Shopping Line","item":"https:\/\/barcelonashoppingcity.com\/fr\/barcelona-shopping-line\/"},{"@type":"ListItem","position":3,"name":"Eixample"}]},{"@type":"WebSite","@id":"https:\/\/barcelonashoppingcity.com\/fr\/#website","url":"https:\/\/barcelonashoppingcity.com\/fr\/","name":"Barcelona Shopping City","description":"El programa Barcelona Shopping City de Turisme de Barcelona se encarga de promocionar y posicionar la ciudad de Barcelona como referente de compras internacional en el mundo.","potentialAction":[{"@type":"SearchAction","target":{"@type":"EntryPoint","urlTemplate":"https:\/\/barcelonashoppingcity.com\/fr\/?s={search_term_string}"},"query-input":"required name=search_term_string"}],"inLanguage":"fr-FR"}]}},"_links":{"self":[{"href":"https:\/\/barcelonashoppingcity.com\/fr\/wp-json\/wp\/v2\/pages\/14181"}],"collection":[{"href":"https:\/\/barcelonashoppingcity.com\/fr\/wp-json\/wp\/v2\/pages"}],"about":[{"href":"https:\/\/barcelonashoppingcity.com\/fr\/wp-json\/wp\/v2\/types\/page"}],"author":[{"embeddable":true,"href":"https:\/\/barcelonashoppingcity.com\/fr\/wp-json\/wp\/v2\/users\/1"}],"replies":[{"embeddable":true,"href":"https:\/\/barcelonashoppingcity.com\/fr\/wp-json\/wp\/v2\/comments?post=14181"}],"version-history":[{"count":1,"href":"https:\/\/barcelonashoppingcity.com\/fr\/wp-json\/wp\/v2\/pages\/14181\/revisions"}],"predecessor-version":[{"id":14242,"href":"https:\/\/barcelonashoppingcity.com\/fr\/wp-json\/wp\/v2\/pages\/14181\/revisions\/14242"}],"up":[{"embeddable":true,"href":"https:\/\/barcelonashoppingcity.com\/fr\/wp-json\/wp\/v2\/pages\/4252"}],"wp:attachment":[{"href":"https:\/\/barcelonashoppingcity.com\/fr\/wp-json\/wp\/v2\/media?parent=14181"}],"curies":[{"name":"wp","href":"https:\/\/api.w.org\/{rel}","templated":true}]}}