{"id":1424,"date":"2015-10-22T17:31:08","date_gmt":"2015-10-22T17:31:08","guid":{"rendered":"http:\/\/barcelonashoppingcity.com\/fr\/?page_id=1424"},"modified":"2016-02-25T10:46:26","modified_gmt":"2016-02-25T10:46:26","slug":"beaute","status":"publish","type":"page","link":"https:\/\/barcelonashoppingcity.com\/fr\/magasins\/beaute\/","title":{"rendered":"Beaut\u00e9"},"content":{"rendered":"<p>Pratiquez la beaut\u00e9, la sant\u00e9 et le soin personnel avec le plus grand choix et les meilleures marques de parfumerie, cosm\u00e9tique, maquillage, de premi\u00e8res marques ou avec des produits naturels pleins de textures et d\u2019ar\u00f4mes.<\/p>\n","protected":false},"excerpt":{"rendered":"<p>Pratiquez la beaut\u00e9, la sant\u00e9 et le soin personnel avec le plus grand choix et les meilleures marques de parfumerie, cosm\u00e9tique, maquillage, de premi\u00e8res marques ou avec des produits naturels pleins de textures et d\u2019ar\u00f4mes.<\/p>\n","protected":false},"author":1,"featured_media":13582,"parent":1386,"menu_order":2,"comment_status":"open","ping_status":"open","template":"","meta":[],"acf":[],"yoast_head":"<!-- This site is optimized with the Yoast SEO plugin v20.11 - https:\/\/yoast.com\/wordpress\/plugins\/seo\/ -->\n<title>Beaut\u00e9 | Barcelona Shopping City<\/title>\n<meta name=\"robots\" content=\"index, follow, max-snippet:-1, max-image-preview:large, max-video-preview:-1\" \/>\n<link rel=\"canonical\" href=\"https:\/\/barcelonashoppingcity.com\/fr\/magasins\/beaute\/\" \/>\n<meta property=\"og:locale\" content=\"fr_FR\" \/>\n<meta property=\"og:type\" content=\"article\" \/>\n<meta property=\"og:title\" content=\"Beaut\u00e9 | Barcelona Shopping City\" \/>\n<meta property=\"og:url\" content=\"https:\/\/barcelonashoppingcity.com\/fr\/magasins\/beaute\/\" \/>\n<meta property=\"og:site_name\" content=\"Barcelona Shopping City\" \/>\n<meta property=\"article:modified_time\" content=\"2016-02-25T10:46:26+00:00\" \/>\n<meta property=\"og:image\" content=\"https:\/\/barcelonashoppingcity.com\/wp-content\/uploads\/2015\/07\/belleza-barcelona-shopping-city.jpg\" \/>\n\t<meta property=\"og:image:width\" content=\"1080\" \/>\n\t<meta property=\"og:image:height\" content=\"546\" \/>\n\t<meta property=\"og:image:type\" content=\"image\/jpeg\" \/>\n<meta name=\"twitter:card\" content=\"summary_large_image\" \/>\n<script type=\"application\/ld+json\" class=\"yoast-schema-graph\">{\"@context\":\"https:\/\/schema.org\",\"@graph\":[{\"@type\":\"WebPage\",\"@id\":\"https:\/\/barcelonashoppingcity.com\/fr\/magasins\/beaute\/\",\"url\":\"https:\/\/barcelonashoppingcity.com\/fr\/magasins\/beaute\/\",\"name\":\"Beaut\u00e9 | Barcelona Shopping City\",\"isPartOf\":{\"@id\":\"https:\/\/barcelonashoppingcity.com\/fr\/#website\"},\"datePublished\":\"2015-10-22T17:31:08+00:00\",\"dateModified\":\"2016-02-25T10:46:26+00:00\",\"breadcrumb\":{\"@id\":\"https:\/\/barcelonashoppingcity.com\/fr\/magasins\/beaute\/#breadcrumb\"},\"inLanguage\":\"fr-FR\",\"potentialAction\":[{\"@type\":\"ReadAction\",\"target\":[\"https:\/\/barcelonashoppingcity.com\/fr\/magasins\/beaute\/\"]}]},{\"@type\":\"BreadcrumbList\",\"@id\":\"https:\/\/barcelonashoppingcity.com\/fr\/magasins\/beaute\/#breadcrumb\",\"itemListElement\":[{\"@type\":\"ListItem\",\"position\":1,\"name\":\"Portada\",\"item\":\"https:\/\/barcelonashoppingcity.com\/fr\/\"},{\"@type\":\"ListItem\",\"position\":2,\"name\":\"Magasins\",\"item\":\"https:\/\/barcelonashoppingcity.com\/fr\/tiendas\/\"},{\"@type\":\"ListItem\",\"position\":3,\"name\":\"Beaut\u00e9\"}]},{\"@type\":\"WebSite\",\"@id\":\"https:\/\/barcelonashoppingcity.com\/fr\/#website\",\"url\":\"https:\/\/barcelonashoppingcity.com\/fr\/\",\"name\":\"Barcelona Shopping City\",\"description\":\"El programa Barcelona Shopping City de Turisme de Barcelona se encarga de promocionar y posicionar la ciudad de Barcelona como referente de compras internacional en el mundo.\",\"potentialAction\":[{\"@type\":\"SearchAction\",\"target\":{\"@type\":\"EntryPoint\",\"urlTemplate\":\"https:\/\/barcelonashoppingcity.com\/fr\/?s={search_term_string}\"},\"query-input\":\"required name=search_term_string\"}],\"inLanguage\":\"fr-FR\"}]}<\/script>\n<!-- \/ Yoast SEO plugin. -->","yoast_head_json":{"title":"Beaut\u00e9 | Barcelona Shopping City","robots":{"index":"index","follow":"follow","max-snippet":"max-snippet:-1","max-image-preview":"max-image-preview:large","max-video-preview":"max-video-preview:-1"},"canonical":"https:\/\/barcelonashoppingcity.com\/fr\/magasins\/beaute\/","og_locale":"fr_FR","og_type":"article","og_title":"Beaut\u00e9 | Barcelona Shopping City","og_url":"https:\/\/barcelonashoppingcity.com\/fr\/magasins\/beaute\/","og_site_name":"Barcelona Shopping City","article_modified_time":"2016-02-25T10:46:26+00:00","og_image":[{"width":1080,"height":546,"url":"https:\/\/barcelonashoppingcity.com\/wp-content\/uploads\/2015\/07\/belleza-barcelona-shopping-city.jpg","type":"image\/jpeg"}],"twitter_card":"summary_large_image","schema":{"@context":"https:\/\/schema.org","@graph":[{"@type":"WebPage","@id":"https:\/\/barcelonashoppingcity.com\/fr\/magasins\/beaute\/","url":"https:\/\/barcelonashoppingcity.com\/fr\/magasins\/beaute\/","name":"Beaut\u00e9 | Barcelona Shopping City","isPartOf":{"@id":"https:\/\/barcelonashoppingcity.com\/fr\/#website"},"datePublished":"2015-10-22T17:31:08+00:00","dateModified":"2016-02-25T10:46:26+00:00","breadcrumb":{"@id":"https:\/\/barcelonashoppingcity.com\/fr\/magasins\/beaute\/#breadcrumb"},"inLanguage":"fr-FR","potentialAction":[{"@type":"ReadAction","target":["https:\/\/barcelonashoppingcity.com\/fr\/magasins\/beaute\/"]}]},{"@type":"BreadcrumbList","@id":"https:\/\/barcelonashoppingcity.com\/fr\/magasins\/beaute\/#breadcrumb","itemListElement":[{"@type":"ListItem","position":1,"name":"Portada","item":"https:\/\/barcelonashoppingcity.com\/fr\/"},{"@type":"ListItem","position":2,"name":"Magasins","item":"https:\/\/barcelonashoppingcity.com\/fr\/tiendas\/"},{"@type":"ListItem","position":3,"name":"Beaut\u00e9"}]},{"@type":"WebSite","@id":"https:\/\/barcelonashoppingcity.com\/fr\/#website","url":"https:\/\/barcelonashoppingcity.com\/fr\/","name":"Barcelona Shopping City","description":"El programa Barcelona Shopping City de Turisme de Barcelona se encarga de promocionar y posicionar la ciudad de Barcelona como referente de compras internacional en el mundo.","potentialAction":[{"@type":"SearchAction","target":{"@type":"EntryPoint","urlTemplate":"https:\/\/barcelonashoppingcity.com\/fr\/?s={search_term_string}"},"query-input":"required name=search_term_string"}],"inLanguage":"fr-FR"}]}},"_links":{"self":[{"href":"https:\/\/barcelonashoppingcity.com\/fr\/wp-json\/wp\/v2\/pages\/1424"}],"collection":[{"href":"https:\/\/barcelonashoppingcity.com\/fr\/wp-json\/wp\/v2\/pages"}],"about":[{"href":"https:\/\/barcelonashoppingcity.com\/fr\/wp-json\/wp\/v2\/types\/page"}],"author":[{"embeddable":true,"href":"https:\/\/barcelonashoppingcity.com\/fr\/wp-json\/wp\/v2\/users\/1"}],"replies":[{"embeddable":true,"href":"https:\/\/barcelonashoppingcity.com\/fr\/wp-json\/wp\/v2\/comments?post=1424"}],"version-history":[{"count":2,"href":"https:\/\/barcelonashoppingcity.com\/fr\/wp-json\/wp\/v2\/pages\/1424\/revisions"}],"predecessor-version":[{"id":3568,"href":"https:\/\/barcelonashoppingcity.com\/fr\/wp-json\/wp\/v2\/pages\/1424\/revisions\/3568"}],"up":[{"embeddable":true,"href":"https:\/\/barcelonashoppingcity.com\/fr\/wp-json\/wp\/v2\/pages\/1386"}],"wp:featuredmedia":[{"embeddable":true,"href":"https:\/\/barcelonashoppingcity.com\/fr\/wp-json\/wp\/v2\/media\/13582"}],"wp:attachment":[{"href":"https:\/\/barcelonashoppingcity.com\/fr\/wp-json\/wp\/v2\/media?parent=1424"}],"curies":[{"name":"wp","href":"https:\/\/api.w.org\/{rel}","templated":true}]}}