{"id":1448,"date":"2015-10-22T17:37:42","date_gmt":"2015-10-22T17:37:42","guid":{"rendered":"http:\/\/barcelonashoppingcity.com\/fr\/?page_id=1448"},"modified":"2017-12-14T19:22:31","modified_gmt":"2017-12-14T19:22:31","slug":"stylistes","status":"publish","type":"page","link":"https:\/\/barcelonashoppingcity.com\/fr\/magasins\/stylistes\/","title":{"rendered":"Stylistes"},"content":{"rendered":"<p>Barcelona est devenue le foyer de stylistes ind\u00e9pendants cr\u00e9ateurs de v\u00eatements, de compl\u00e9ments et de chaussures, qui conjuguent le design, la modernit\u00e9 et la qualit\u00e9. Ils pr\u00e9sentent des collections de diff\u00e9rents stylistes aux tissus vintages et des silhouettes d\u2019inspiration r\u00e9tro, avec des d\u00e9corations int\u00e9rieures originales et tr\u00e8s cr\u00e9atives.<\/p>\n","protected":false},"excerpt":{"rendered":"<p>Barcelona est devenue le foyer de stylistes ind\u00e9pendants cr\u00e9ateurs de v\u00eatements, de compl\u00e9ments et de chaussures, qui conjuguent le design, la modernit\u00e9 et la qualit\u00e9. Ils pr\u00e9sentent des collections de diff\u00e9rents stylistes aux tissus vintages et des silhouettes d\u2019inspiration r\u00e9tro, avec des d\u00e9corations int\u00e9rieures originales et tr\u00e8s cr\u00e9atives.<\/p>\n","protected":false},"author":1,"featured_media":13609,"parent":1386,"menu_order":4,"comment_status":"open","ping_status":"closed","template":"","meta":[],"acf":[],"yoast_head":"<!-- This site is optimized with the Yoast SEO plugin v20.11 - https:\/\/yoast.com\/wordpress\/plugins\/seo\/ -->\n<title>Stylistes | Barcelona Shopping City<\/title>\n<meta name=\"robots\" content=\"index, follow, max-snippet:-1, max-image-preview:large, max-video-preview:-1\" \/>\n<link rel=\"canonical\" href=\"https:\/\/barcelonashoppingcity.com\/fr\/magasins\/stylistes\/\" \/>\n<meta property=\"og:locale\" content=\"fr_FR\" \/>\n<meta property=\"og:type\" content=\"article\" \/>\n<meta property=\"og:title\" content=\"Stylistes | Barcelona Shopping City\" \/>\n<meta property=\"og:url\" content=\"https:\/\/barcelonashoppingcity.com\/fr\/magasins\/stylistes\/\" \/>\n<meta property=\"og:site_name\" content=\"Barcelona Shopping City\" \/>\n<meta property=\"article:modified_time\" content=\"2017-12-14T19:22:31+00:00\" \/>\n<meta property=\"og:image\" content=\"https:\/\/barcelonashoppingcity.com\/wp-content\/uploads\/2015\/07\/disenadores-barcelona-shopping-city.jpg\" \/>\n\t<meta property=\"og:image:width\" content=\"1080\" \/>\n\t<meta property=\"og:image:height\" content=\"546\" \/>\n\t<meta property=\"og:image:type\" content=\"image\/jpeg\" \/>\n<meta name=\"twitter:card\" content=\"summary_large_image\" \/>\n<script type=\"application\/ld+json\" class=\"yoast-schema-graph\">{\"@context\":\"https:\/\/schema.org\",\"@graph\":[{\"@type\":\"WebPage\",\"@id\":\"https:\/\/barcelonashoppingcity.com\/fr\/magasins\/stylistes\/\",\"url\":\"https:\/\/barcelonashoppingcity.com\/fr\/magasins\/stylistes\/\",\"name\":\"Stylistes | Barcelona Shopping City\",\"isPartOf\":{\"@id\":\"https:\/\/barcelonashoppingcity.com\/fr\/#website\"},\"datePublished\":\"2015-10-22T17:37:42+00:00\",\"dateModified\":\"2017-12-14T19:22:31+00:00\",\"breadcrumb\":{\"@id\":\"https:\/\/barcelonashoppingcity.com\/fr\/magasins\/stylistes\/#breadcrumb\"},\"inLanguage\":\"fr-FR\",\"potentialAction\":[{\"@type\":\"ReadAction\",\"target\":[\"https:\/\/barcelonashoppingcity.com\/fr\/magasins\/stylistes\/\"]}]},{\"@type\":\"BreadcrumbList\",\"@id\":\"https:\/\/barcelonashoppingcity.com\/fr\/magasins\/stylistes\/#breadcrumb\",\"itemListElement\":[{\"@type\":\"ListItem\",\"position\":1,\"name\":\"Portada\",\"item\":\"https:\/\/barcelonashoppingcity.com\/fr\/\"},{\"@type\":\"ListItem\",\"position\":2,\"name\":\"Magasins\",\"item\":\"https:\/\/barcelonashoppingcity.com\/fr\/tiendas\/\"},{\"@type\":\"ListItem\",\"position\":3,\"name\":\"Stylistes\"}]},{\"@type\":\"WebSite\",\"@id\":\"https:\/\/barcelonashoppingcity.com\/fr\/#website\",\"url\":\"https:\/\/barcelonashoppingcity.com\/fr\/\",\"name\":\"Barcelona Shopping City\",\"description\":\"El programa Barcelona Shopping City de Turisme de Barcelona se encarga de promocionar y posicionar la ciudad de Barcelona como referente de compras internacional en el mundo.\",\"potentialAction\":[{\"@type\":\"SearchAction\",\"target\":{\"@type\":\"EntryPoint\",\"urlTemplate\":\"https:\/\/barcelonashoppingcity.com\/fr\/?s={search_term_string}\"},\"query-input\":\"required name=search_term_string\"}],\"inLanguage\":\"fr-FR\"}]}<\/script>\n<!-- \/ Yoast SEO plugin. -->","yoast_head_json":{"title":"Stylistes | Barcelona Shopping City","robots":{"index":"index","follow":"follow","max-snippet":"max-snippet:-1","max-image-preview":"max-image-preview:large","max-video-preview":"max-video-preview:-1"},"canonical":"https:\/\/barcelonashoppingcity.com\/fr\/magasins\/stylistes\/","og_locale":"fr_FR","og_type":"article","og_title":"Stylistes | Barcelona Shopping City","og_url":"https:\/\/barcelonashoppingcity.com\/fr\/magasins\/stylistes\/","og_site_name":"Barcelona Shopping City","article_modified_time":"2017-12-14T19:22:31+00:00","og_image":[{"width":1080,"height":546,"url":"https:\/\/barcelonashoppingcity.com\/wp-content\/uploads\/2015\/07\/disenadores-barcelona-shopping-city.jpg","type":"image\/jpeg"}],"twitter_card":"summary_large_image","schema":{"@context":"https:\/\/schema.org","@graph":[{"@type":"WebPage","@id":"https:\/\/barcelonashoppingcity.com\/fr\/magasins\/stylistes\/","url":"https:\/\/barcelonashoppingcity.com\/fr\/magasins\/stylistes\/","name":"Stylistes | Barcelona Shopping City","isPartOf":{"@id":"https:\/\/barcelonashoppingcity.com\/fr\/#website"},"datePublished":"2015-10-22T17:37:42+00:00","dateModified":"2017-12-14T19:22:31+00:00","breadcrumb":{"@id":"https:\/\/barcelonashoppingcity.com\/fr\/magasins\/stylistes\/#breadcrumb"},"inLanguage":"fr-FR","potentialAction":[{"@type":"ReadAction","target":["https:\/\/barcelonashoppingcity.com\/fr\/magasins\/stylistes\/"]}]},{"@type":"BreadcrumbList","@id":"https:\/\/barcelonashoppingcity.com\/fr\/magasins\/stylistes\/#breadcrumb","itemListElement":[{"@type":"ListItem","position":1,"name":"Portada","item":"https:\/\/barcelonashoppingcity.com\/fr\/"},{"@type":"ListItem","position":2,"name":"Magasins","item":"https:\/\/barcelonashoppingcity.com\/fr\/tiendas\/"},{"@type":"ListItem","position":3,"name":"Stylistes"}]},{"@type":"WebSite","@id":"https:\/\/barcelonashoppingcity.com\/fr\/#website","url":"https:\/\/barcelonashoppingcity.com\/fr\/","name":"Barcelona Shopping City","description":"El programa Barcelona Shopping City de Turisme de Barcelona se encarga de promocionar y posicionar la ciudad de Barcelona como referente de compras internacional en el mundo.","potentialAction":[{"@type":"SearchAction","target":{"@type":"EntryPoint","urlTemplate":"https:\/\/barcelonashoppingcity.com\/fr\/?s={search_term_string}"},"query-input":"required name=search_term_string"}],"inLanguage":"fr-FR"}]}},"_links":{"self":[{"href":"https:\/\/barcelonashoppingcity.com\/fr\/wp-json\/wp\/v2\/pages\/1448"}],"collection":[{"href":"https:\/\/barcelonashoppingcity.com\/fr\/wp-json\/wp\/v2\/pages"}],"about":[{"href":"https:\/\/barcelonashoppingcity.com\/fr\/wp-json\/wp\/v2\/types\/page"}],"author":[{"embeddable":true,"href":"https:\/\/barcelonashoppingcity.com\/fr\/wp-json\/wp\/v2\/users\/1"}],"replies":[{"embeddable":true,"href":"https:\/\/barcelonashoppingcity.com\/fr\/wp-json\/wp\/v2\/comments?post=1448"}],"version-history":[{"count":5,"href":"https:\/\/barcelonashoppingcity.com\/fr\/wp-json\/wp\/v2\/pages\/1448\/revisions"}],"predecessor-version":[{"id":13906,"href":"https:\/\/barcelonashoppingcity.com\/fr\/wp-json\/wp\/v2\/pages\/1448\/revisions\/13906"}],"up":[{"embeddable":true,"href":"https:\/\/barcelonashoppingcity.com\/fr\/wp-json\/wp\/v2\/pages\/1386"}],"wp:featuredmedia":[{"embeddable":true,"href":"https:\/\/barcelonashoppingcity.com\/fr\/wp-json\/wp\/v2\/media\/13609"}],"wp:attachment":[{"href":"https:\/\/barcelonashoppingcity.com\/fr\/wp-json\/wp\/v2\/media?parent=1448"}],"curies":[{"name":"wp","href":"https:\/\/api.w.org\/{rel}","templated":true}]}}